{"id":6037,"date":"2024-09-09T11:21:29","date_gmt":"2024-09-09T09:21:29","guid":{"rendered":"https:\/\/www.starsellersworld.com\/intl\/doctor-arthritis\/"},"modified":"2024-09-09T11:31:38","modified_gmt":"2024-09-09T09:31:38","slug":"doctor-arthritis","status":"publish","type":"page","link":"https:\/\/www.starsellersworld.com\/intl\/es\/doctor-arthritis\/","title":{"rendered":"Doctor Arthritis"},"content":{"rendered":"\t\t<div data-elementor-type=\"wp-page\" data-elementor-id=\"6037\" class=\"elementor elementor-6037 elementor-5997\" data-elementor-post-type=\"page\">\n\t\t\t\t<div class=\"elementor-element elementor-element-43b904da e-flex e-con-boxed lakit-col-width-auto-no e-container e-root-container elementor-top-section e-con e-parent\" data-id=\"43b904da\" data-element_type=\"container\">\n\t\t\t\t\t<div class=\"e-con-inner\">\n\t\t\t\t<div class=\"elementor-element elementor-element-328f2bec elementor-widget elementor-widget-image\" data-id=\"328f2bec\" data-element_type=\"widget\" data-widget_type=\"image.default\">\n\t\t\t\t<div class=\"elementor-widget-container\">\n\t\t\t<style>\/*! elementor - v3.23.0 - 05-08-2024 *\/\n.elementor-widget-image{text-align:center}.elementor-widget-image a{display:inline-block}.elementor-widget-image a img[src$=\".svg\"]{width:48px}.elementor-widget-image img{vertical-align:middle;display:inline-block}<\/style>\t\t\t\t\t\t\t\t\t\t<img fetchpriority=\"high\" decoding=\"async\" width=\"800\" height=\"310\" src=\"https:\/\/www.starsellersworld.com\/intl\/wp-content\/uploads\/2024\/09\/DA_Updated_White_Logo_1292x500-1024x397.webp\" class=\"attachment-large size-large wp-image-5739\" alt=\"\" srcset=\"https:\/\/www.starsellersworld.com\/intl\/wp-content\/uploads\/2024\/09\/DA_Updated_White_Logo_1292x500-1024x397.webp 1024w, https:\/\/www.starsellersworld.com\/intl\/wp-content\/uploads\/2024\/09\/DA_Updated_White_Logo_1292x500-300x116.webp 300w, https:\/\/www.starsellersworld.com\/intl\/wp-content\/uploads\/2024\/09\/DA_Updated_White_Logo_1292x500-768x298.webp 768w, https:\/\/www.starsellersworld.com\/intl\/wp-content\/uploads\/2024\/09\/DA_Updated_White_Logo_1292x500.webp 1290w\" sizes=\"(max-width: 800px) 100vw, 800px\" \/>\t\t\t\t\t\t\t\t\t\t\t\t\t<\/div>\n\t\t\t\t<\/div>\n\t\t\t\t<div class=\"elementor-element elementor-element-366a302f elementor-widget elementor-widget-heading\" data-id=\"366a302f\" data-element_type=\"widget\" data-widget_type=\"heading.default\">\n\t\t\t\t<div class=\"elementor-widget-container\">\n\t\t\t<style>\/*! elementor - v3.23.0 - 05-08-2024 *\/\n.elementor-heading-title{padding:0;margin:0;line-height:1}.elementor-widget-heading .elementor-heading-title[class*=elementor-size-]>a{color:inherit;font-size:inherit;line-height:inherit}.elementor-widget-heading .elementor-heading-title.elementor-size-small{font-size:15px}.elementor-widget-heading .elementor-heading-title.elementor-size-medium{font-size:19px}.elementor-widget-heading .elementor-heading-title.elementor-size-large{font-size:29px}.elementor-widget-heading .elementor-heading-title.elementor-size-xl{font-size:39px}.elementor-widget-heading .elementor-heading-title.elementor-size-xxl{font-size:59px}<\/style><h1 class=\"elementor-heading-title elementor-size-default\">\"Las herramientas de IA de starsellersworld.com nos ayudan a optimizar nuestros procesos con automatizaci\u00f3n inteligente para que podamos alcanzar nuestros objetivos de crecimiento. La infraestructura BigData es una de las claves de nuestro \u00e9xito.\u00bb<br>Coordenadas y valor a\u00f1adido\" <\/h1>\t\t<\/div>\n\t\t\t\t<\/div>\n\t\t\t\t\t<\/div>\n\t\t\t\t<\/div>\n\t\t<div class=\"elementor-element elementor-element-2dfeeafc e-flex e-con-boxed lakit-col-width-auto-no e-container e-root-container elementor-top-section e-con e-parent\" data-id=\"2dfeeafc\" data-element_type=\"container\">\n\t\t\t\t\t<div class=\"e-con-inner\">\n\t\t\t\t<div class=\"elementor-element elementor-element-542e2d3c elementor-widget elementor-widget-text-editor\" data-id=\"542e2d3c\" data-element_type=\"widget\" data-widget_type=\"text-editor.default\">\n\t\t\t\t<div class=\"elementor-widget-container\">\n\t\t\t<style>\/*! elementor - v3.23.0 - 05-08-2024 *\/\n.elementor-widget-text-editor.elementor-drop-cap-view-stacked .elementor-drop-cap{background-color:#69727d;color:#fff}.elementor-widget-text-editor.elementor-drop-cap-view-framed .elementor-drop-cap{color:#69727d;border:3px solid;background-color:transparent}.elementor-widget-text-editor:not(.elementor-drop-cap-view-default) .elementor-drop-cap{margin-top:8px}.elementor-widget-text-editor:not(.elementor-drop-cap-view-default) .elementor-drop-cap-letter{width:1em;height:1em}.elementor-widget-text-editor .elementor-drop-cap{float:left;text-align:center;line-height:1;font-size:50px}.elementor-widget-text-editor .elementor-drop-cap-letter{display:inline-block}<\/style>\t\t\t\t<p>Cheers Health Care Limited utiliza las herramientas de IA basadas en datos de starsellersworld.com desde 2021. En funci\u00f3n de la transacci\u00f3n comercial, el art\u00edculo y la ruta de las mercanc\u00edas, starsellersworld.com controla el correspondiente NIF del IVA y el tipo impositivo correcto, genera documentos de facturaci\u00f3n para Marketplace en el CI del Dr. Athritis. Los recibos se generan de acuerdo con las normas, reglamentos y tipos de cambio aplicables, se almacenan en el repositorio de documentos y se suben a Amazon. Los procesos BigData de la mec\u00e1nica de gesti\u00f3n de pedidos para posventa crean seguridad, eficiencia y ahorran un tiempo valioso gracias a la automatizaci\u00f3n inteligente.   <\/p>\n<p>Dr Arthritis es una empresa sanitaria con sede en Londres fundada sobre el compromiso de sus fundadores de mejorar la calidad de vida de las personas que sufren artritis y otras afecciones musculoesquel\u00e9ticas.<\/p>\n<p>Dr Arthritis es conocida por su gama de productos de apoyo y compresi\u00f3n articular, suplementos y ayudas. El equipo est\u00e1 formado por personas que conviven a diario con la realidad de la artritis -ya sea como m\u00e9dicos, pacientes, cuidadores o como familiares y amigos bienintencionados- y es famoso en su nicho por su conocimiento de la artritis. <\/p>\n<p>Hasta la fecha, Dr Arthritis ha ayudado con sus productos a m\u00e1s de 1.000.000 de personas en m\u00e1s de 50 pa\u00edses.<\/p>\n<p>La marca adopta un doble enfoque para abordar las preocupaciones m\u00e1s importantes de los pacientes. En primer lugar, desarrollan productos basados en la experiencia y la formaci\u00f3n de sus fundadores: m\u00e9dicos cuya experiencia de primera mano les llev\u00f3 a desarrollar soluciones eficaces y no invasivas que realmente funcionan. En segundo lugar, se centran en la educaci\u00f3n del paciente a trav\u00e9s de manuales escritos por m\u00e9dicos que proporcionan informaci\u00f3n exhaustiva sobre la artritis y afecciones relacionadas, as\u00ed como directrices, consejos de estilo de vida y ejercicios para fortalecer, rehabilitar y mejorar la movilidad y la funcionalidad.  <\/p>\n<p><strong>Hechos y cifras<br \/><\/strong><\/p>\n<ul>\n<li>Proyecto de integraci\u00f3n de aplicaciones empresariales desde 2021.<\/li>\n<li>Cheers Health Ltd. lleva utilizando con \u00e9xito las herramientas de IA para operar en starsellerworld.com desde 2021.<\/li>\n<li>Automatizaci\u00f3n y dinamizaci\u00f3n del control de los procesos del mercado<\/li>\n<li>&gt;Procesamiento totalmente automatizado de 20.000 transacciones al a\u00f1o.<\/li>\n<li>Integraci\u00f3n perfecta en los procesos de la cadena de herramientas existente.<\/li>\n<li>Consultor\u00eda y desarrollo empresarial con el apoyo de los especialistas en comercio electr\u00f3nico de starsellersworld.com.<\/li>\n<\/ul>\n\t\t\t\t\t\t<\/div>\n\t\t\t\t<\/div>\n\t\t\t\t\t<\/div>\n\t\t\t\t<\/div>\n\t\t\t\t<\/div>\n\t\t","protected":false},"excerpt":{"rendered":"<p>\u00abLas herramientas de IA de starsellersworld.com nos ayudan a optimizar nuestros procesos con automatizaci\u00f3n inteligente para que podamos alcanzar nuestros objetivos de crecimiento. La infraestructura BigData es una de las claves de nuestro \u00e9xito.\u00bbCoordenadas y valor a\u00f1adido\u00bb Cheers Health Care Limited utiliza las herramientas de IA basadas en datos de starsellersworld.com desde 2021. En funci\u00f3n [&hellip;]<\/p>\n","protected":false},"author":1406,"featured_media":0,"parent":0,"menu_order":0,"comment_status":"closed","ping_status":"closed","template":"","meta":{"_exactmetrics_skip_tracking":false,"_exactmetrics_sitenote_active":false,"_exactmetrics_sitenote_note":"","_exactmetrics_sitenote_category":0,"footnotes":""},"class_list":["post-6037","page","type-page","status-publish","hentry"],"aioseo_notices":[],"_links":{"self":[{"href":"https:\/\/www.starsellersworld.com\/intl\/es\/wp-json\/wp\/v2\/pages\/6037","targetHints":{"allow":["GET"]}}],"collection":[{"href":"https:\/\/www.starsellersworld.com\/intl\/es\/wp-json\/wp\/v2\/pages"}],"about":[{"href":"https:\/\/www.starsellersworld.com\/intl\/es\/wp-json\/wp\/v2\/types\/page"}],"author":[{"embeddable":true,"href":"https:\/\/www.starsellersworld.com\/intl\/es\/wp-json\/wp\/v2\/users\/1406"}],"replies":[{"embeddable":true,"href":"https:\/\/www.starsellersworld.com\/intl\/es\/wp-json\/wp\/v2\/comments?post=6037"}],"version-history":[{"count":2,"href":"https:\/\/www.starsellersworld.com\/intl\/es\/wp-json\/wp\/v2\/pages\/6037\/revisions"}],"predecessor-version":[{"id":6040,"href":"https:\/\/www.starsellersworld.com\/intl\/es\/wp-json\/wp\/v2\/pages\/6037\/revisions\/6040"}],"wp:attachment":[{"href":"https:\/\/www.starsellersworld.com\/intl\/es\/wp-json\/wp\/v2\/media?parent=6037"}],"curies":[{"name":"wp","href":"https:\/\/api.w.org\/{rel}","templated":true}]}}