{"id":6057,"date":"2024-09-09T11:32:27","date_gmt":"2024-09-09T09:32:27","guid":{"rendered":"https:\/\/www.starsellersworld.com\/intl\/conrad\/"},"modified":"2024-09-09T11:39:53","modified_gmt":"2024-09-09T09:39:53","slug":"conrad","status":"publish","type":"page","link":"https:\/\/www.starsellersworld.com\/intl\/es\/conrad\/","title":{"rendered":"Conrad"},"content":{"rendered":"\t\t<div data-elementor-type=\"wp-page\" data-elementor-id=\"6057\" class=\"elementor elementor-6057 elementor-6047\" data-elementor-post-type=\"page\">\n\t\t\t\t<div class=\"elementor-element elementor-element-40637369 e-flex e-con-boxed lakit-col-width-auto-no e-container e-root-container elementor-top-section e-con e-parent\" data-id=\"40637369\" data-element_type=\"container\">\n\t\t\t\t\t<div class=\"e-con-inner\">\n\t\t\t\t<div class=\"elementor-element elementor-element-34456932 elementor-widget elementor-widget-image\" data-id=\"34456932\" data-element_type=\"widget\" data-widget_type=\"image.default\">\n\t\t\t\t<div class=\"elementor-widget-container\">\n\t\t\t<style>\/*! elementor - v3.23.0 - 05-08-2024 *\/\n.elementor-widget-image{text-align:center}.elementor-widget-image a{display:inline-block}.elementor-widget-image a img[src$=\".svg\"]{width:48px}.elementor-widget-image img{vertical-align:middle;display:inline-block}<\/style>\t\t\t\t\t\t\t\t\t\t<img fetchpriority=\"high\" decoding=\"async\" width=\"690\" height=\"175\" src=\"https:\/\/www.starsellersworld.com\/intl\/wp-content\/uploads\/2024\/09\/conrad.jpg\" class=\"attachment-large size-large wp-image-5972\" alt=\"\" srcset=\"https:\/\/www.starsellersworld.com\/intl\/wp-content\/uploads\/2024\/09\/conrad.jpg 690w, https:\/\/www.starsellersworld.com\/intl\/wp-content\/uploads\/2024\/09\/conrad-300x76.jpg 300w\" sizes=\"(max-width: 690px) 100vw, 690px\" \/>\t\t\t\t\t\t\t\t\t\t\t\t\t<\/div>\n\t\t\t\t<\/div>\n\t\t\t\t<div class=\"elementor-element elementor-element-176cb87c elementor-widget elementor-widget-heading\" data-id=\"176cb87c\" data-element_type=\"widget\" data-widget_type=\"heading.default\">\n\t\t\t\t<div class=\"elementor-widget-container\">\n\t\t\t<style>\/*! elementor - v3.23.0 - 05-08-2024 *\/\n.elementor-heading-title{padding:0;margin:0;line-height:1}.elementor-widget-heading .elementor-heading-title[class*=elementor-size-]>a{color:inherit;font-size:inherit;line-height:inherit}.elementor-widget-heading .elementor-heading-title.elementor-size-small{font-size:15px}.elementor-widget-heading .elementor-heading-title.elementor-size-medium{font-size:19px}.elementor-widget-heading .elementor-heading-title.elementor-size-large{font-size:29px}.elementor-widget-heading .elementor-heading-title.elementor-size-xl{font-size:39px}.elementor-widget-heading .elementor-heading-title.elementor-size-xxl{font-size:59px}<\/style><h1 class=\"elementor-heading-title elementor-size-default\">Del Alto Palatinado a todo el mundo<\/h1>\t\t<\/div>\n\t\t\t\t<\/div>\n\t\t\t\t\t<\/div>\n\t\t\t\t<\/div>\n\t\t<div class=\"elementor-element elementor-element-97cc138 e-flex e-con-boxed lakit-col-width-auto-no e-container e-root-container elementor-top-section e-con e-parent\" data-id=\"97cc138\" data-element_type=\"container\">\n\t\t\t\t\t<div class=\"e-con-inner\">\n\t\t\t\t<div class=\"elementor-element elementor-element-4771717f elementor-widget elementor-widget-text-editor\" data-id=\"4771717f\" data-element_type=\"widget\" data-widget_type=\"text-editor.default\">\n\t\t\t\t<div class=\"elementor-widget-container\">\n\t\t\t<style>\/*! elementor - v3.23.0 - 05-08-2024 *\/\n.elementor-widget-text-editor.elementor-drop-cap-view-stacked .elementor-drop-cap{background-color:#69727d;color:#fff}.elementor-widget-text-editor.elementor-drop-cap-view-framed .elementor-drop-cap{color:#69727d;border:3px solid;background-color:transparent}.elementor-widget-text-editor:not(.elementor-drop-cap-view-default) .elementor-drop-cap{margin-top:8px}.elementor-widget-text-editor:not(.elementor-drop-cap-view-default) .elementor-drop-cap-letter{width:1em;height:1em}.elementor-widget-text-editor .elementor-drop-cap{float:left;text-align:center;line-height:1;font-size:50px}.elementor-widget-text-editor .elementor-drop-cap-letter{display:inline-block}<\/style>\t\t\t\t<h2>Conrad: todas las partes del \u00e9xito.<br \/>\nConectamos clientes, marcas y socios. <\/h2>\n<p>La empresa familiar Conrad Electronic existe desde 1923 y desde 1946 tiene su sede en Hirschau, en el Alto Palatinado, al este de Baviera. El fundador de la empresa, Max Conrad, que al principio a\u00fan ten\u00eda su sede en Berl\u00edn, ofrec\u00eda sobre todo componentes para receptores de detectores. En la Exposici\u00f3n de Radio de 1937 present\u00f3 su primer kit de construcci\u00f3n de televisores, que inclu\u00eda un manual titulado \u00abLa televisi\u00f3n de la A a la Z\u00bb. Desde el principio qued\u00f3 claro que Conrad Electronic quer\u00eda ser algo m\u00e1s que un simple minorista de electr\u00f3nica y crear un verdadero valor a\u00f1adido para los clientes.   <\/p>\n<p>Esta afirmaci\u00f3n no ha cambiado hasta hoy: Los clientes de toda Europa nos consideran un socio fiable que redefine el aprovisionamiento orientado al cliente con experiencia digital y excelencia operativa, y permite una realizaci\u00f3n \u00f3ptima de los proyectos.<br \/>\nComo distribuidor experimentado, suministramos a todo el mundo desde nuestro centro log\u00edstico de Wernberg-K\u00f6blitz, ponemos a disposici\u00f3n varios millones de productos a trav\u00e9s de nuestro mercado y estamos representados en toda Europa como grupo de empresas con actividad internacional.<br \/>\nNuestra historia lo demuestra: Los clientes y los jurados conf\u00edan en quienes se basan en el servicio y la innovaci\u00f3n.  <\/p>\n<div class=\"text aem-GridColumn aem-GridColumn--default--12\">\n<div id=\"text-da8abe2dd9\" class=\"cmp-text cmsContainer cmsMarginBottom-none\">\n<h3>Plataforma de contrataci\u00f3n de Conrad.<br \/>\nPensamiento internacional. <\/h3>\n<\/div>\n<\/div>\n<div class=\"textimage image aem-GridColumn aem-GridColumn--default--12\">\n<div class=\"cmsTextimage cmsTextimage--right cmsMarginBottom-small cmsContainer\">\n<div class=\"cmsImage\">\n<div class=\"cmsImage__wrapper cmsMarginBottom-small cmsAlign--right cmsContainer not-editable cmsImage__fixedDimension\" data-asset=\"https:\/\/asset.conrad.com\/media10\/isa\/160267\/c3\/-\/de\/1e539615a6f041f4afff7cb238c162cc\" data-title=\"Conrad Gruppe\"> <\/div>\n<\/div>\n<div class=\"cmp-text\">\n<p>Como empresa internacional, Conrad est\u00e1 presente en 17 pa\u00edses europeos.<br \/>\nFundada en 1923 y dirigida por sus propietarios hasta hoy, la empresa familiar ha pasado gradualmente de ser una empresa especializada en la venta por correo de componentes electr\u00f3nicos a convertirse en una de las principales plataformas de adquisici\u00f3n de requisitos t\u00e9cnicos.<br \/>\nNuestra estrategia de plataforma acerca a\u00fan m\u00e1s a proveedores y clientes: Porque se puede acceder a nuestra amplia gama de servicios y tecnolog\u00edas innovadoras desde cualquier lugar y en cualquier momento: hol\u00edstica, centrada en el cliente y orientada al futuro.  <\/p>\n<div class=\"text aem-GridColumn aem-GridColumn--default--12\">\n<div id=\"text-5c6e291626\" class=\"cmp-text cmsContainer cmsMarginBottom-default\">\n<h3>Plataforma de abastecimiento de Conrad.<br \/>\nLa alta tecnolog\u00eda se une a la eficiencia: nuestro centro log\u00edstico. <\/h3>\n<\/div>\n<\/div>\n<div class=\"columncontrol aem-GridColumn aem-GridColumn--default--12\">\n<div class=\"cmsColumn cmsColumn--none cmsContainer cmsMarginBottom-small\">\n<div class=\"cmsColumn__wrapper cmsColumn__layout2-50-50 cmsColumn__default\">\n<div class=\"cmsColumn__item cmsColumn__item--1\">\n<div class=\"aem-Grid aem-Grid--12 aem-Grid--default--12 \">\n<div class=\"text aem-GridColumn aem-GridColumn--default--12\">\n<div id=\"text-243fdb8aa3\" class=\"cmp-text cmsContainer cmsMarginBottom-default\">\n<p>Confiamos en los procesos log\u00edsticos m\u00e1s avanzados para abastecer a nuestros clientes en m\u00e1s de 150 pa\u00edses: Nuestro centro log\u00edstico de Wernberg-K\u00f6blitz, a pocos kil\u00f3metros de la sede central de la empresa en Hirschau, es una instalaci\u00f3n de alta tecnolog\u00eda de proporciones gigantescas.<\/p>\n<p>Las tiendas Conrad tambi\u00e9n se abastecen desde este funcional complejo de edificios, que alberga un almac\u00e9n de estanter\u00edas altas totalmente automatizado con 44.000 plazas para pal\u00e9s y el almac\u00e9n lanzadera con 235.000 plazas de almacenamiento, que entr\u00f3 en funcionamiento en 2014.<\/p>\n<\/div>\n<\/div>\n<\/div>\n<\/div>\n<div class=\"cmsColumn__item cmsColumn__item--2\">\n<div class=\"aem-Grid aem-Grid--12 aem-Grid--default--12 \">\n<div class=\"image aem-GridColumn aem-GridColumn--default--12\">\n<div class=\"cmsImage\">\n<div class=\"cmsImage__wrapper cmsMarginBottom-default cmsAlign--left cmsContainer not-editable cmsImage__fixedDimension\" data-asset=\"https:\/\/asset.conrad.com\/media10\/isa\/160267\/c3\/-\/de\/66c987f20f504d8ea6c28dbad6785a9c\" data-title=\"Logistik\"> <\/div>\n<\/div>\n<\/div>\n<\/div>\n<\/div>\n<\/div>\n<\/div>\n<\/div>\n<div class=\"text aem-GridColumn aem-GridColumn--default--12\">\n<div id=\"text-783c6ac1e6\" class=\"cmp-text cmsContainer cmsMarginBottom-default\">\n<p>En particular, el principio de \u00abmercanc\u00eda a la persona\u00bb que all\u00ed se aplica permite un trabajo extremadamente sencillo y eficaz.<br \/>\nPor t\u00e9rmino medio, cada d\u00eda salen de nuestro centro de distribuci\u00f3n unos 50.000 paquetes, y en horas punta pueden ser hasta 75.000 paquetes.<br \/>\nEl centro log\u00edstico dispone de una zona EPA (Electrostatic Protected Area) protegida contra descargas electrost\u00e1ticas y cuenta con una zona ESD certificada seg\u00fan la norma DIN-EN 61340-5-1.<br \/>\nEsto garantiza una manipulaci\u00f3n segura de los componentes de acuerdo con las normas de calidad m\u00e1s exigentes y un almacenamiento adecuado.   <\/p>\n<p>El centro log\u00edstico tambi\u00e9n ofrece otros muchos servicios espec\u00edficos para las necesidades de nuestros clientes empresariales:  <\/p>\n<ul>\n<li>\n<p>Amplia gama de cables (longitud seg\u00fan las necesidades del cliente)<\/p>\n<\/li>\n<li>\n<p>Calibraci\u00f3n de aparatos de medici\u00f3n<\/p>\n<\/li>\n<\/ul>\n<\/div>\n<\/div>\n<\/div>\n<\/div>\n<\/div>\n\t\t\t\t\t\t<\/div>\n\t\t\t\t<\/div>\n\t\t\t\t\t<\/div>\n\t\t\t\t<\/div>\n\t\t\t\t<\/div>\n\t\t","protected":false},"excerpt":{"rendered":"<p>Del Alto Palatinado a todo el mundo Conrad: todas las partes del \u00e9xito. Conectamos clientes, marcas y socios. La empresa familiar Conrad Electronic existe desde 1923 y desde 1946 tiene su sede en Hirschau, en el Alto Palatinado, al este de Baviera. El fundador de la empresa, Max Conrad, que al principio a\u00fan ten\u00eda su [&hellip;]<\/p>\n","protected":false},"author":1406,"featured_media":0,"parent":0,"menu_order":0,"comment_status":"closed","ping_status":"closed","template":"","meta":{"_exactmetrics_skip_tracking":false,"_exactmetrics_sitenote_active":false,"_exactmetrics_sitenote_note":"","_exactmetrics_sitenote_category":0,"footnotes":""},"class_list":["post-6057","page","type-page","status-publish","hentry"],"aioseo_notices":[],"_links":{"self":[{"href":"https:\/\/www.starsellersworld.com\/intl\/es\/wp-json\/wp\/v2\/pages\/6057","targetHints":{"allow":["GET"]}}],"collection":[{"href":"https:\/\/www.starsellersworld.com\/intl\/es\/wp-json\/wp\/v2\/pages"}],"about":[{"href":"https:\/\/www.starsellersworld.com\/intl\/es\/wp-json\/wp\/v2\/types\/page"}],"author":[{"embeddable":true,"href":"https:\/\/www.starsellersworld.com\/intl\/es\/wp-json\/wp\/v2\/users\/1406"}],"replies":[{"embeddable":true,"href":"https:\/\/www.starsellersworld.com\/intl\/es\/wp-json\/wp\/v2\/comments?post=6057"}],"version-history":[{"count":2,"href":"https:\/\/www.starsellersworld.com\/intl\/es\/wp-json\/wp\/v2\/pages\/6057\/revisions"}],"predecessor-version":[{"id":6060,"href":"https:\/\/www.starsellersworld.com\/intl\/es\/wp-json\/wp\/v2\/pages\/6057\/revisions\/6060"}],"wp:attachment":[{"href":"https:\/\/www.starsellersworld.com\/intl\/es\/wp-json\/wp\/v2\/media?parent=6057"}],"curies":[{"name":"wp","href":"https:\/\/api.w.org\/{rel}","templated":true}]}}