{"id":6090,"date":"2024-09-09T11:41:09","date_gmt":"2024-09-09T09:41:09","guid":{"rendered":"https:\/\/www.starsellersworld.com\/intl\/parfum-group\/"},"modified":"2024-09-09T12:00:24","modified_gmt":"2024-09-09T10:00:24","slug":"parfum-group","status":"publish","type":"page","link":"https:\/\/www.starsellersworld.com\/intl\/es\/parfum-group\/","title":{"rendered":"Parfum Group"},"content":{"rendered":"\t\t<div data-elementor-type=\"wp-page\" data-elementor-id=\"6090\" class=\"elementor elementor-6090 elementor-6066\" data-elementor-post-type=\"page\">\n\t\t\t\t<div class=\"elementor-element elementor-element-566ba79a e-flex e-con-boxed lakit-col-width-auto-no e-container e-root-container elementor-top-section e-con e-parent\" data-id=\"566ba79a\" data-element_type=\"container\">\n\t\t\t\t\t<div class=\"e-con-inner\">\n\t\t\t\t<div class=\"elementor-element elementor-element-8da1aa6 elementor-widget elementor-widget-image\" data-id=\"8da1aa6\" data-element_type=\"widget\" data-widget_type=\"image.default\">\n\t\t\t\t<div class=\"elementor-widget-container\">\n\t\t\t<style>\/*! elementor - v3.23.0 - 05-08-2024 *\/\n.elementor-widget-image{text-align:center}.elementor-widget-image a{display:inline-block}.elementor-widget-image a img[src$=\".svg\"]{width:48px}.elementor-widget-image img{vertical-align:middle;display:inline-block}<\/style>\t\t\t\t\t\t\t\t\t\t<img fetchpriority=\"high\" decoding=\"async\" width=\"690\" height=\"175\" src=\"https:\/\/www.starsellersworld.com\/intl\/wp-content\/uploads\/2024\/09\/pafrumgroup.jpg\" class=\"attachment-large size-large wp-image-5933\" alt=\"\" srcset=\"https:\/\/www.starsellersworld.com\/intl\/wp-content\/uploads\/2024\/09\/pafrumgroup.jpg 690w, https:\/\/www.starsellersworld.com\/intl\/wp-content\/uploads\/2024\/09\/pafrumgroup-300x76.jpg 300w\" sizes=\"(max-width: 690px) 100vw, 690px\" \/>\t\t\t\t\t\t\t\t\t\t\t\t\t<\/div>\n\t\t\t\t<\/div>\n\t\t\t\t<div class=\"elementor-element elementor-element-9a4a389 elementor-widget elementor-widget-heading\" data-id=\"9a4a389\" data-element_type=\"widget\" data-widget_type=\"heading.default\">\n\t\t\t\t<div class=\"elementor-widget-container\">\n\t\t\t<style>\/*! elementor - v3.23.0 - 05-08-2024 *\/\n.elementor-heading-title{padding:0;margin:0;line-height:1}.elementor-widget-heading .elementor-heading-title[class*=elementor-size-]>a{color:inherit;font-size:inherit;line-height:inherit}.elementor-widget-heading .elementor-heading-title.elementor-size-small{font-size:15px}.elementor-widget-heading .elementor-heading-title.elementor-size-medium{font-size:19px}.elementor-widget-heading .elementor-heading-title.elementor-size-large{font-size:29px}.elementor-widget-heading .elementor-heading-title.elementor-size-xl{font-size:39px}.elementor-widget-heading .elementor-heading-title.elementor-size-xxl{font-size:59px}<\/style><h1 class=\"elementor-heading-title elementor-size-default\">ParfumGroup.de es un fino universo de aromas de todo el mundo.  <\/h1>\t\t<\/div>\n\t\t\t\t<\/div>\n\t\t\t\t\t<\/div>\n\t\t\t\t<\/div>\n\t\t<div class=\"elementor-element elementor-element-1e6fc31b e-flex e-con-boxed lakit-col-width-auto-no e-container e-root-container elementor-top-section e-con e-parent\" data-id=\"1e6fc31b\" data-element_type=\"container\">\n\t\t\t\t\t<div class=\"e-con-inner\">\n\t\t\t\t<div class=\"elementor-element elementor-element-6bde4fd0 elementor-widget elementor-widget-text-editor\" data-id=\"6bde4fd0\" data-element_type=\"widget\" data-widget_type=\"text-editor.default\">\n\t\t\t\t<div class=\"elementor-widget-container\">\n\t\t\t<style>\/*! elementor - v3.23.0 - 05-08-2024 *\/\n.elementor-widget-text-editor.elementor-drop-cap-view-stacked .elementor-drop-cap{background-color:#69727d;color:#fff}.elementor-widget-text-editor.elementor-drop-cap-view-framed .elementor-drop-cap{color:#69727d;border:3px solid;background-color:transparent}.elementor-widget-text-editor:not(.elementor-drop-cap-view-default) .elementor-drop-cap{margin-top:8px}.elementor-widget-text-editor:not(.elementor-drop-cap-view-default) .elementor-drop-cap-letter{width:1em;height:1em}.elementor-widget-text-editor .elementor-drop-cap{float:left;text-align:center;line-height:1;font-size:50px}.elementor-widget-text-editor .elementor-drop-cap-letter{display:inline-block}<\/style>\t\t\t\t<p>Las obras maestras del perfume, de eficacia probada en el mercado actual, han sido cuidadosamente recopiladas para sus clientes.<\/p>\n<p>\uf0fc M\u00e1s de 480 fragancias disponibles en la tienda online \uf0fc M\u00e1s de 60 de las marcas m\u00e1s famosas \uf0fc Gran variedad de fragancias de alta calidad, tanto cl\u00e1sicos como nuevos perfumes \uf0fc Gama de los fabricantes de las marcas m\u00e1s conocidas al mejor precio<\/p>\n<p>La gama de productos de ParfumGroup no s\u00f3lo incluye fragancias, sino tambi\u00e9n productos de maquillaje y cuidado de la m\u00e1s alta calidad.<\/p>\n<p>Parfumgroup.de es m\u00e1s que una perfumer\u00eda online normal y corriente.<br \/>\nEs una experiencia al encontrar el aroma adecuado.<br \/>\nEste sitio web es un nuevo concepto que pretende ofrecer todo lo que necesita la mujer moderna que se preocupa por su belleza en un solo lugar.<br \/>\nEs incluso un para\u00edso para los hombres, que siempre son el sexo m\u00e1s pretencioso cuando se trata de estilo y apariencia.   <\/p>\n<p>Hoy en d\u00eda, las marcas internacionales m\u00e1s solicitadas de la industria de la perfumer\u00eda ofrecen una notable selecci\u00f3n de exquisitas fragancias y productos para el cuidado corporal, que puedes descubrir en la tienda online de ParfumGroup.<br \/>\nAqu\u00ed se pueden encontrar incluso fragancias raras pero probadas, as\u00ed como los \u00faltimos logros de j\u00f3venes perfumistas que se han convertido r\u00e1pidamente en las fragancias favoritas de los consumidores.<br \/>\nTodo el mundo podr\u00e1 encontrar el producto o regalo adecuado para s\u00ed mismo o para su ser querido entre la enorme variedad.  <\/p>\n<p>ParfumGroup acompa\u00f1a cuidadosamente a sus clientes y les proporciona siempre los datos m\u00e1s importantes y las tendencias actuales en perfumer\u00eda y belleza.<br \/>\nSe ha dado prioridad a la navegaci\u00f3n simplificada para que cada visitante de la tienda pueda acceder al producto deseado de la forma m\u00e1s r\u00e1pida y sencilla posible.<br \/>\nLa amplia y cuidadosamente seleccionada gama de productos de lujo de alta calidad no deja nada que desear.  <\/p>\n<p>La satisfacci\u00f3n del cliente se consigue gracias al servicio de atenci\u00f3n al cliente que ofrece ParfumGroup.<br \/>\nUna enorme variedad de productos de los nombres m\u00e1s renombrados de la industria de la belleza, opciones de pedido sin complicaciones, precios atractivos y entrega r\u00e1pida y segura. <\/p>\n\t\t\t\t\t\t<\/div>\n\t\t\t\t<\/div>\n\t\t\t\t\t<\/div>\n\t\t\t\t<\/div>\n\t\t\t\t<\/div>\n\t\t","protected":false},"excerpt":{"rendered":"<p>ParfumGroup.de es un fino universo de aromas de todo el mundo. Las obras maestras del perfume, de eficacia probada en el mercado actual, han sido cuidadosamente recopiladas para sus clientes. \uf0fc M\u00e1s de 480 fragancias disponibles en la tienda online \uf0fc M\u00e1s de 60 de las marcas m\u00e1s famosas \uf0fc Gran variedad de fragancias de [&hellip;]<\/p>\n","protected":false},"author":1406,"featured_media":0,"parent":0,"menu_order":0,"comment_status":"closed","ping_status":"closed","template":"","meta":{"_exactmetrics_skip_tracking":false,"_exactmetrics_sitenote_active":false,"_exactmetrics_sitenote_note":"","_exactmetrics_sitenote_category":0,"footnotes":""},"class_list":["post-6090","page","type-page","status-publish","hentry"],"aioseo_notices":[],"_links":{"self":[{"href":"https:\/\/www.starsellersworld.com\/intl\/es\/wp-json\/wp\/v2\/pages\/6090","targetHints":{"allow":["GET"]}}],"collection":[{"href":"https:\/\/www.starsellersworld.com\/intl\/es\/wp-json\/wp\/v2\/pages"}],"about":[{"href":"https:\/\/www.starsellersworld.com\/intl\/es\/wp-json\/wp\/v2\/types\/page"}],"author":[{"embeddable":true,"href":"https:\/\/www.starsellersworld.com\/intl\/es\/wp-json\/wp\/v2\/users\/1406"}],"replies":[{"embeddable":true,"href":"https:\/\/www.starsellersworld.com\/intl\/es\/wp-json\/wp\/v2\/comments?post=6090"}],"version-history":[{"count":2,"href":"https:\/\/www.starsellersworld.com\/intl\/es\/wp-json\/wp\/v2\/pages\/6090\/revisions"}],"predecessor-version":[{"id":6093,"href":"https:\/\/www.starsellersworld.com\/intl\/es\/wp-json\/wp\/v2\/pages\/6090\/revisions\/6093"}],"wp:attachment":[{"href":"https:\/\/www.starsellersworld.com\/intl\/es\/wp-json\/wp\/v2\/media?parent=6090"}],"curies":[{"name":"wp","href":"https:\/\/api.w.org\/{rel}","templated":true}]}}