{"id":6042,"date":"2024-09-09T11:21:29","date_gmt":"2024-09-09T09:21:29","guid":{"rendered":"https:\/\/www.starsellersworld.com\/intl\/doctor-arthritis\/"},"modified":"2024-09-09T11:31:39","modified_gmt":"2024-09-09T09:31:39","slug":"doctor-arthritis","status":"publish","type":"page","link":"https:\/\/www.starsellersworld.com\/intl\/fr\/doctor-arthritis\/","title":{"rendered":"Doctor Arthritis"},"content":{"rendered":"\t\t<div data-elementor-type=\"wp-page\" data-elementor-id=\"6042\" class=\"elementor elementor-6042 elementor-5997\" data-elementor-post-type=\"page\">\n\t\t\t\t<div class=\"elementor-element elementor-element-43b904da e-flex e-con-boxed lakit-col-width-auto-no e-container e-root-container elementor-top-section e-con e-parent\" data-id=\"43b904da\" data-element_type=\"container\">\n\t\t\t\t\t<div class=\"e-con-inner\">\n\t\t\t\t<div class=\"elementor-element elementor-element-328f2bec elementor-widget elementor-widget-image\" data-id=\"328f2bec\" data-element_type=\"widget\" data-widget_type=\"image.default\">\n\t\t\t\t<div class=\"elementor-widget-container\">\n\t\t\t<style>\/*! elementor - v3.23.0 - 05-08-2024 *\/\n.elementor-widget-image{text-align:center}.elementor-widget-image a{display:inline-block}.elementor-widget-image a img[src$=\".svg\"]{width:48px}.elementor-widget-image img{vertical-align:middle;display:inline-block}<\/style>\t\t\t\t\t\t\t\t\t\t<img fetchpriority=\"high\" decoding=\"async\" width=\"800\" height=\"310\" src=\"https:\/\/www.starsellersworld.com\/intl\/wp-content\/uploads\/2024\/09\/DA_Updated_White_Logo_1292x500-1024x397.webp\" class=\"attachment-large size-large wp-image-5739\" alt=\"\" srcset=\"https:\/\/www.starsellersworld.com\/intl\/wp-content\/uploads\/2024\/09\/DA_Updated_White_Logo_1292x500-1024x397.webp 1024w, https:\/\/www.starsellersworld.com\/intl\/wp-content\/uploads\/2024\/09\/DA_Updated_White_Logo_1292x500-300x116.webp 300w, https:\/\/www.starsellersworld.com\/intl\/wp-content\/uploads\/2024\/09\/DA_Updated_White_Logo_1292x500-768x298.webp 768w, https:\/\/www.starsellersworld.com\/intl\/wp-content\/uploads\/2024\/09\/DA_Updated_White_Logo_1292x500.webp 1290w\" sizes=\"(max-width: 800px) 100vw, 800px\" \/>\t\t\t\t\t\t\t\t\t\t\t\t\t<\/div>\n\t\t\t\t<\/div>\n\t\t\t\t<div class=\"elementor-element elementor-element-366a302f elementor-widget elementor-widget-heading\" data-id=\"366a302f\" data-element_type=\"widget\" data-widget_type=\"heading.default\">\n\t\t\t\t<div class=\"elementor-widget-container\">\n\t\t\t<style>\/*! elementor - v3.23.0 - 05-08-2024 *\/\n.elementor-heading-title{padding:0;margin:0;line-height:1}.elementor-widget-heading .elementor-heading-title[class*=elementor-size-]>a{color:inherit;font-size:inherit;line-height:inherit}.elementor-widget-heading .elementor-heading-title.elementor-size-small{font-size:15px}.elementor-widget-heading .elementor-heading-title.elementor-size-medium{font-size:19px}.elementor-widget-heading .elementor-heading-title.elementor-size-large{font-size:29px}.elementor-widget-heading .elementor-heading-title.elementor-size-xl{font-size:39px}.elementor-widget-heading .elementor-heading-title.elementor-size-xxl{font-size:59px}<\/style><h1 class=\"elementor-heading-title elementor-size-default\">\"Les outils d'IA de starsellersworld.com nous aident \u00e0 optimiser nos processus gr\u00e2ce \u00e0 une automatisation intelligente qui nous permet d'atteindre nos objectifs de croissance.\nL'infrastructure BigData est l'une des cl\u00e9s de notre succ\u00e8s\". <\/h1>\t\t<\/div>\n\t\t\t\t<\/div>\n\t\t\t\t\t<\/div>\n\t\t\t\t<\/div>\n\t\t<div class=\"elementor-element elementor-element-2dfeeafc e-flex e-con-boxed lakit-col-width-auto-no e-container e-root-container elementor-top-section e-con e-parent\" data-id=\"2dfeeafc\" data-element_type=\"container\">\n\t\t\t\t\t<div class=\"e-con-inner\">\n\t\t\t\t<div class=\"elementor-element elementor-element-542e2d3c elementor-widget elementor-widget-text-editor\" data-id=\"542e2d3c\" data-element_type=\"widget\" data-widget_type=\"text-editor.default\">\n\t\t\t\t<div class=\"elementor-widget-container\">\n\t\t\t<style>\/*! elementor - v3.23.0 - 05-08-2024 *\/\n.elementor-widget-text-editor.elementor-drop-cap-view-stacked .elementor-drop-cap{background-color:#69727d;color:#fff}.elementor-widget-text-editor.elementor-drop-cap-view-framed .elementor-drop-cap{color:#69727d;border:3px solid;background-color:transparent}.elementor-widget-text-editor:not(.elementor-drop-cap-view-default) .elementor-drop-cap{margin-top:8px}.elementor-widget-text-editor:not(.elementor-drop-cap-view-default) .elementor-drop-cap-letter{width:1em;height:1em}.elementor-widget-text-editor .elementor-drop-cap{float:left;text-align:center;line-height:1;font-size:50px}.elementor-widget-text-editor .elementor-drop-cap-letter{display:inline-block}<\/style>\t\t\t\t<p>Depuis 2021, Cheers Health Care Limited utilise les outils d&rsquo;IA pilot\u00e9s par les donn\u00e9es de starsellersworld.com.<br \/>\nEn fonction de la transaction, de l&rsquo;article et de l&rsquo;itin\u00e9raire de la marchandise, starsellersworld.com contr\u00f4le le VAT ID appropri\u00e9 et le taux de taxe correct, g\u00e9n\u00e8re des documents de facturation pour Marketplace dans l&rsquo;IC du Dr Athritis.<br \/>\nLes documents sont g\u00e9n\u00e9r\u00e9s conform\u00e9ment aux normes, r\u00e9glementations et taux de change en vigueur, puis conserv\u00e9s dans le r\u00e9f\u00e9rentiel de documents et t\u00e9l\u00e9charg\u00e9s vers Amazon.<br \/>\nLes processus BigData de la m\u00e9canique OrderManagement pour le service apr\u00e8s-vente cr\u00e9ent de la s\u00e9curit\u00e9, de l&rsquo;efficacit\u00e9 et font gagner un temps pr\u00e9cieux gr\u00e2ce \u00e0 une automatisation intelligente.   <\/p>\n<p>Dr. Arthritis est une soci\u00e9t\u00e9 de soins de sant\u00e9 bas\u00e9e \u00e0 Londres, qui repose sur l&rsquo;engagement de ses fondateurs \u00e0 am\u00e9liorer la qualit\u00e9 de vie des personnes souffrant d&rsquo;arthrite et d&rsquo;autres troubles musculo-squelettiques.<\/p>\n<p>Dr. Arthritis est connu pour sa gamme de produits de soutien et de compression des articulations, de compl\u00e9ments alimentaires et d&rsquo;aides.<br \/>\nL&rsquo;\u00e9quipe est compos\u00e9e de personnes qui vivent au quotidien avec la r\u00e9alit\u00e9 de l&rsquo;arthrite &#8211; qu&rsquo;il s&rsquo;agisse de m\u00e9decins, de patients, de soignants ou de membres de la famille et d&rsquo;amis bien intentionn\u00e9s &#8211; et est reconnue dans son cr\u00e9neau pour sa compr\u00e9hension de l&rsquo;arthrite. <\/p>\n<p>\u00c0 ce jour, les produits du Dr Arthritis ont aid\u00e9 plus de 1 000 000 de personnes dans plus de 50 pays.<\/p>\n<p>La marque adopte une double approche pour r\u00e9pondre aux principales pr\u00e9occupations des patients.<br \/>\nPremi\u00e8rement, elle d\u00e9veloppe des produits bas\u00e9s sur l&rsquo;expertise et la formation de ses fondateurs : des m\u00e9decins dont l&rsquo;exp\u00e9rience de premi\u00e8re main a permis de d\u00e9velopper des solutions efficaces, non invasives et qui fonctionnent r\u00e9ellement.<br \/>\nDeuxi\u00e8mement, ils se concentrent sur l&rsquo;\u00e9ducation des patients gr\u00e2ce \u00e0 des manuels r\u00e9dig\u00e9s par des m\u00e9decins, qui fournissent des informations compl\u00e8tes sur l&rsquo;arthrite et les maladies associ\u00e9es, ainsi que des directives, des conseils sur le mode de vie et des exercices pour renforcer, r\u00e9\u00e9duquer et am\u00e9liorer la mobilit\u00e9 et la fonctionnalit\u00e9.  <\/p>\n<p><strong>Faits et chiffres<br \/><\/strong><\/p>\n<ul>\n<li>Projet d&rsquo;int\u00e9gration d&rsquo;applications d&rsquo;entreprise depuis 2021.<\/li>\n<li>Depuis 2021, Cheers Health Ltd utilise avec succ\u00e8s les outils d&rsquo;IA pour le commerce de starsellerworld.com.<\/li>\n<li>Automatisation et dynamisation du contr\u00f4le des processus de la place de march\u00e9<\/li>\n<li>Traitement enti\u00e8rement automatis\u00e9 de &gt;20 000 transactions par an.<\/li>\n<li>Int\u00e9gration transparente dans les processus de la cha\u00eene d&rsquo;outils existante.<\/li>\n<li>Conseil et d\u00e9veloppement commercial avec l&rsquo;accompagnement de sp\u00e9cialistes du e-commerce de starsellersworld.com.<\/li>\n<\/ul>\n\t\t\t\t\t\t<\/div>\n\t\t\t\t<\/div>\n\t\t\t\t\t<\/div>\n\t\t\t\t<\/div>\n\t\t\t\t<\/div>\n\t\t","protected":false},"excerpt":{"rendered":"<p>\u00ab\u00a0Les outils d&rsquo;IA de starsellersworld.com nous aident \u00e0 optimiser nos processus gr\u00e2ce \u00e0 une automatisation intelligente qui nous permet d&rsquo;atteindre nos objectifs de croissance. L&rsquo;infrastructure BigData est l&rsquo;une des cl\u00e9s de notre succ\u00e8s\u00a0\u00bb. Depuis 2021, Cheers Health Care Limited utilise les outils d&rsquo;IA pilot\u00e9s par les donn\u00e9es de starsellersworld.com. En fonction de la transaction, de [&hellip;]<\/p>\n","protected":false},"author":1406,"featured_media":0,"parent":0,"menu_order":0,"comment_status":"closed","ping_status":"closed","template":"","meta":{"_exactmetrics_skip_tracking":false,"_exactmetrics_sitenote_active":false,"_exactmetrics_sitenote_note":"","_exactmetrics_sitenote_category":0,"footnotes":""},"class_list":["post-6042","page","type-page","status-publish","hentry"],"aioseo_notices":[],"_links":{"self":[{"href":"https:\/\/www.starsellersworld.com\/intl\/fr\/wp-json\/wp\/v2\/pages\/6042","targetHints":{"allow":["GET"]}}],"collection":[{"href":"https:\/\/www.starsellersworld.com\/intl\/fr\/wp-json\/wp\/v2\/pages"}],"about":[{"href":"https:\/\/www.starsellersworld.com\/intl\/fr\/wp-json\/wp\/v2\/types\/page"}],"author":[{"embeddable":true,"href":"https:\/\/www.starsellersworld.com\/intl\/fr\/wp-json\/wp\/v2\/users\/1406"}],"replies":[{"embeddable":true,"href":"https:\/\/www.starsellersworld.com\/intl\/fr\/wp-json\/wp\/v2\/comments?post=6042"}],"version-history":[{"count":1,"href":"https:\/\/www.starsellersworld.com\/intl\/fr\/wp-json\/wp\/v2\/pages\/6042\/revisions"}],"predecessor-version":[{"id":6043,"href":"https:\/\/www.starsellersworld.com\/intl\/fr\/wp-json\/wp\/v2\/pages\/6042\/revisions\/6043"}],"wp:attachment":[{"href":"https:\/\/www.starsellersworld.com\/intl\/fr\/wp-json\/wp\/v2\/media?parent=6042"}],"curies":[{"name":"wp","href":"https:\/\/api.w.org\/{rel}","templated":true}]}}