{"id":6062,"date":"2024-09-09T11:32:27","date_gmt":"2024-09-09T09:32:27","guid":{"rendered":"https:\/\/www.starsellersworld.com\/intl\/conrad\/"},"modified":"2024-09-09T11:39:53","modified_gmt":"2024-09-09T09:39:53","slug":"conrad","status":"publish","type":"page","link":"https:\/\/www.starsellersworld.com\/intl\/fr\/conrad\/","title":{"rendered":"Conrad"},"content":{"rendered":"\t\t<div data-elementor-type=\"wp-page\" data-elementor-id=\"6062\" class=\"elementor elementor-6062 elementor-6047\" data-elementor-post-type=\"page\">\n\t\t\t\t<div class=\"elementor-element elementor-element-40637369 e-flex e-con-boxed lakit-col-width-auto-no e-container e-root-container elementor-top-section e-con e-parent\" data-id=\"40637369\" data-element_type=\"container\">\n\t\t\t\t\t<div class=\"e-con-inner\">\n\t\t\t\t<div class=\"elementor-element elementor-element-34456932 elementor-widget elementor-widget-image\" data-id=\"34456932\" data-element_type=\"widget\" data-widget_type=\"image.default\">\n\t\t\t\t<div class=\"elementor-widget-container\">\n\t\t\t<style>\/*! elementor - v3.23.0 - 05-08-2024 *\/\n.elementor-widget-image{text-align:center}.elementor-widget-image a{display:inline-block}.elementor-widget-image a img[src$=\".svg\"]{width:48px}.elementor-widget-image img{vertical-align:middle;display:inline-block}<\/style>\t\t\t\t\t\t\t\t\t\t<img fetchpriority=\"high\" decoding=\"async\" width=\"690\" height=\"175\" src=\"https:\/\/www.starsellersworld.com\/intl\/wp-content\/uploads\/2024\/09\/conrad.jpg\" class=\"attachment-large size-large wp-image-5972\" alt=\"\" srcset=\"https:\/\/www.starsellersworld.com\/intl\/wp-content\/uploads\/2024\/09\/conrad.jpg 690w, https:\/\/www.starsellersworld.com\/intl\/wp-content\/uploads\/2024\/09\/conrad-300x76.jpg 300w\" sizes=\"(max-width: 690px) 100vw, 690px\" \/>\t\t\t\t\t\t\t\t\t\t\t\t\t<\/div>\n\t\t\t\t<\/div>\n\t\t\t\t<div class=\"elementor-element elementor-element-176cb87c elementor-widget elementor-widget-heading\" data-id=\"176cb87c\" data-element_type=\"widget\" data-widget_type=\"heading.default\">\n\t\t\t\t<div class=\"elementor-widget-container\">\n\t\t\t<style>\/*! elementor - v3.23.0 - 05-08-2024 *\/\n.elementor-heading-title{padding:0;margin:0;line-height:1}.elementor-widget-heading .elementor-heading-title[class*=elementor-size-]>a{color:inherit;font-size:inherit;line-height:inherit}.elementor-widget-heading .elementor-heading-title.elementor-size-small{font-size:15px}.elementor-widget-heading .elementor-heading-title.elementor-size-medium{font-size:19px}.elementor-widget-heading .elementor-heading-title.elementor-size-large{font-size:29px}.elementor-widget-heading .elementor-heading-title.elementor-size-xl{font-size:39px}.elementor-widget-heading .elementor-heading-title.elementor-size-xxl{font-size:59px}<\/style><h1 class=\"elementor-heading-title elementor-size-default\">Du Haut-Palatinat au monde entier<\/h1>\t\t<\/div>\n\t\t\t\t<\/div>\n\t\t\t\t\t<\/div>\n\t\t\t\t<\/div>\n\t\t<div class=\"elementor-element elementor-element-97cc138 e-flex e-con-boxed lakit-col-width-auto-no e-container e-root-container elementor-top-section e-con e-parent\" data-id=\"97cc138\" data-element_type=\"container\">\n\t\t\t\t\t<div class=\"e-con-inner\">\n\t\t\t\t<div class=\"elementor-element elementor-element-4771717f elementor-widget elementor-widget-text-editor\" data-id=\"4771717f\" data-element_type=\"widget\" data-widget_type=\"text-editor.default\">\n\t\t\t\t<div class=\"elementor-widget-container\">\n\t\t\t<style>\/*! elementor - v3.23.0 - 05-08-2024 *\/\n.elementor-widget-text-editor.elementor-drop-cap-view-stacked .elementor-drop-cap{background-color:#69727d;color:#fff}.elementor-widget-text-editor.elementor-drop-cap-view-framed .elementor-drop-cap{color:#69727d;border:3px solid;background-color:transparent}.elementor-widget-text-editor:not(.elementor-drop-cap-view-default) .elementor-drop-cap{margin-top:8px}.elementor-widget-text-editor:not(.elementor-drop-cap-view-default) .elementor-drop-cap-letter{width:1em;height:1em}.elementor-widget-text-editor .elementor-drop-cap{float:left;text-align:center;line-height:1;font-size:50px}.elementor-widget-text-editor .elementor-drop-cap-letter{display:inline-block}<\/style>\t\t\t\t<h2>Conrad &#8211; toutes les parties du succ\u00e8s.<br \/>\nNous connectons les clients, les marques et les partenaires. <\/h2>\n<p>L&rsquo;entreprise familiale Conrad Electronic existe depuis 1923 et son si\u00e8ge social se trouve depuis 1946 \u00e0 Hirschau, dans le Haut-Palatinat, en Bavi\u00e8re orientale. Au d\u00e9but, le fondateur de l&rsquo;entreprise, Max Conrad, \u00e9tait bas\u00e9 \u00e0 Berlin et proposait surtout des composants pour les r\u00e9cepteurs de d\u00e9tection. Lors du salon de la radio de 1937, il a pr\u00e9sent\u00e9 son premier kit de t\u00e9l\u00e9vision &#8211; y compris un manuel intitul\u00e9 \u00ab Fernsehen von A bis Z \u00bb. D\u00e8s le d\u00e9but, il \u00e9tait donc clair que Conrad Electronic voulait \u00eatre plus qu&rsquo;un simple commer\u00e7ant en \u00e9lectronique et cr\u00e9er une v\u00e9ritable valeur ajout\u00e9e pour les clients*.<br \/>Traduit avec DeepL.com (version gratuite)   <\/p>\n<p>Cette exigence n&rsquo;a pas chang\u00e9 depuis : Les clients* de toute l&rsquo;Europe trouvent en nous un partenaire fiable qui, gr\u00e2ce \u00e0 son savoir-faire num\u00e9rique et \u00e0 son excellence op\u00e9rationnelle, red\u00e9finit l&rsquo;approvisionnement orient\u00e9 client et permet une r\u00e9alisation optimale des projets.<br \/>\nEn tant que distributeur exp\u00e9riment\u00e9, nous livrons dans le monde entier depuis notre centre logistique de Wernberg-K\u00f6blitz, nous mettons \u00e0 disposition plusieurs millions de produits via notre place de march\u00e9 et nous sommes repr\u00e9sent\u00e9s dans toute l&rsquo;Europe en tant que groupe d&rsquo;entreprises agissant au niveau international.<br \/>\nNotre histoire le montre : Les clients et les jurys font confiance \u00e0 ceux qui misent sur le service et l&rsquo;innovation.  <\/p>\n<div class=\"text aem-GridColumn aem-GridColumn--default--12\">\n<div id=\"text-da8abe2dd9\" class=\"cmp-text cmsContainer cmsMarginBottom-none\">\n<h3>Plate-forme de sourcing Conrad.<br \/>\nPens\u00e9 \u00e0 l&rsquo;international. <\/h3>\n<\/div>\n<\/div>\n<div class=\"textimage image aem-GridColumn aem-GridColumn--default--12\">\n<div class=\"cmsTextimage cmsTextimage--right cmsMarginBottom-small cmsContainer\">\n<div class=\"cmsImage\">\n<div class=\"cmsImage__wrapper cmsMarginBottom-small cmsAlign--right cmsContainer not-editable cmsImage__fixedDimension\" data-asset=\"https:\/\/asset.conrad.com\/media10\/isa\/160267\/c3\/-\/de\/1e539615a6f041f4afff7cb238c162cc\" data-title=\"Conrad Gruppe\"> <\/div>\n<\/div>\n<div class=\"cmp-text\">\n<p>En tant qu&rsquo;entreprise internationale, Conrad est pr\u00e9sente dans 17 pays europ\u00e9ens.<br \/>\nFond\u00e9e en 1923 et toujours dirig\u00e9e par son propri\u00e9taire, l&rsquo;entreprise familiale s&rsquo;est progressivement d\u00e9velopp\u00e9e, passant du statut de sp\u00e9cialiste de la vente par correspondance de composants \u00e9lectroniques \u00e0 celui de l&rsquo;une des principales plateformes d&rsquo;achat de fournitures techniques.<br \/>\nNotre strat\u00e9gie de plateforme permet aux fournisseurs et aux clients de se rapprocher encore plus : Notre large gamme de services et de technologies innovants est accessible partout et \u00e0 tout moment &#8211; de mani\u00e8re globale, centr\u00e9e sur le client et orient\u00e9e vers l&rsquo;avenir.  <\/p>\n<div class=\"text aem-GridColumn aem-GridColumn--default--12\">\n<div id=\"text-5c6e291626\" class=\"cmp-text cmsContainer cmsMarginBottom-default\">\n<h3>Plate-forme d&rsquo;approvisionnement Conrad.<br \/>\nLa haute technologie rencontre l&rsquo;efficacit\u00e9 &#8211; notre centre logistique. <\/h3>\n<\/div>\n<\/div>\n<div class=\"columncontrol aem-GridColumn aem-GridColumn--default--12\">\n<div class=\"cmsColumn cmsColumn--none cmsContainer cmsMarginBottom-small\">\n<div class=\"cmsColumn__wrapper cmsColumn__layout2-50-50 cmsColumn__default\">\n<div class=\"cmsColumn__item cmsColumn__item--1\">\n<div class=\"aem-Grid aem-Grid--12 aem-Grid--default--12 \">\n<div class=\"text aem-GridColumn aem-GridColumn--default--12\">\n<div id=\"text-243fdb8aa3\" class=\"cmp-text cmsContainer cmsMarginBottom-default\">\n<p>Pour livrer nos clients* dans plus de 150 pays, nous nous appuyons sur des processus logistiques ultramodernes : Notre centre logistique de Wernberg-K\u00f6blitz, situ\u00e9 \u00e0 quelques kilom\u00e8tres seulement du si\u00e8ge de l&rsquo;entreprise \u00e0 Hirschau, est une installation high-tech aux dimensions gigantesques.<\/p>\n<p>Les magasins Conrad sont \u00e9galement approvisionn\u00e9s \u00e0 partir de ce complexe de b\u00e2timents fonctionnels, qui abrite des entrep\u00f4ts \u00e0 hauts rayonnages enti\u00e8rement automatis\u00e9s avec 44 000 emplacements pour palettes et un entrep\u00f4t \u00e0 navettes de 235 000 emplacements, mis en service en 2014.<\/p>\n<\/div>\n<\/div>\n<\/div>\n<\/div>\n<div class=\"cmsColumn__item cmsColumn__item--2\">\n<div class=\"aem-Grid aem-Grid--12 aem-Grid--default--12 \">\n<div class=\"image aem-GridColumn aem-GridColumn--default--12\">\n<div class=\"cmsImage\">\n<div class=\"cmsImage__wrapper cmsMarginBottom-default cmsAlign--left cmsContainer not-editable cmsImage__fixedDimension\" data-asset=\"https:\/\/asset.conrad.com\/media10\/isa\/160267\/c3\/-\/de\/66c987f20f504d8ea6c28dbad6785a9c\" data-title=\"Logistik\"> <\/div>\n<\/div>\n<\/div>\n<\/div>\n<\/div>\n<\/div>\n<\/div>\n<\/div>\n<div class=\"text aem-GridColumn aem-GridColumn--default--12\">\n<div id=\"text-783c6ac1e6\" class=\"cmp-text cmsContainer cmsMarginBottom-default\">\n<p>En particulier, le principe \u00ab\u00a0marchandise vers personne\u00a0\u00bb qui y est mis en \u0153uvre permet un travail extr\u00eamement simple et efficace.<br \/>\nEn moyenne, environ 50.000 colis quittent chaque jour notre centre de distribution, et ce chiffre peut atteindre 75.000 en p\u00e9riode de pointe.<br \/>\nLe centre logistique dispose d&rsquo;une zone EPA (Electrostatic Protected Area) prot\u00e9g\u00e9e contre les d\u00e9charges \u00e9lectrostatiques et dispose d&rsquo;une zone ESD certifi\u00e9e DIN-EN 61340-5-1.<br \/>\nCela garantit une manipulation s\u00fbre des composants selon les normes de qualit\u00e9 les plus \u00e9lev\u00e9es et un stockage appropri\u00e9.   <\/p>\n<p>Le centre logistique propose \u00e9galement de nombreux autres services sp\u00e9cialement con\u00e7us pour r\u00e9pondre aux besoins de nos clients professionnels :  <\/p>\n<ul>\n<li>\n<p>Vaste gamme de c\u00e2bles (longueur adapt\u00e9e aux besoins du client)<\/p>\n<\/li>\n<li>\n<p>\u00c9talonnage des instruments de mesure<\/p>\n<\/li>\n<\/ul>\n<\/div>\n<\/div>\n<\/div>\n<\/div>\n<\/div>\n\t\t\t\t\t\t<\/div>\n\t\t\t\t<\/div>\n\t\t\t\t\t<\/div>\n\t\t\t\t<\/div>\n\t\t\t\t<\/div>\n\t\t","protected":false},"excerpt":{"rendered":"<p>Du Haut-Palatinat au monde entier Conrad &#8211; toutes les parties du succ\u00e8s. Nous connectons les clients, les marques et les partenaires. L&rsquo;entreprise familiale Conrad Electronic existe depuis 1923 et son si\u00e8ge social se trouve depuis 1946 \u00e0 Hirschau, dans le Haut-Palatinat, en Bavi\u00e8re orientale. Au d\u00e9but, le fondateur de l&rsquo;entreprise, Max Conrad, \u00e9tait bas\u00e9 \u00e0 [&hellip;]<\/p>\n","protected":false},"author":1406,"featured_media":0,"parent":0,"menu_order":0,"comment_status":"closed","ping_status":"closed","template":"","meta":{"_exactmetrics_skip_tracking":false,"_exactmetrics_sitenote_active":false,"_exactmetrics_sitenote_note":"","_exactmetrics_sitenote_category":0,"footnotes":""},"class_list":["post-6062","page","type-page","status-publish","hentry"],"aioseo_notices":[],"_links":{"self":[{"href":"https:\/\/www.starsellersworld.com\/intl\/fr\/wp-json\/wp\/v2\/pages\/6062","targetHints":{"allow":["GET"]}}],"collection":[{"href":"https:\/\/www.starsellersworld.com\/intl\/fr\/wp-json\/wp\/v2\/pages"}],"about":[{"href":"https:\/\/www.starsellersworld.com\/intl\/fr\/wp-json\/wp\/v2\/types\/page"}],"author":[{"embeddable":true,"href":"https:\/\/www.starsellersworld.com\/intl\/fr\/wp-json\/wp\/v2\/users\/1406"}],"replies":[{"embeddable":true,"href":"https:\/\/www.starsellersworld.com\/intl\/fr\/wp-json\/wp\/v2\/comments?post=6062"}],"version-history":[{"count":1,"href":"https:\/\/www.starsellersworld.com\/intl\/fr\/wp-json\/wp\/v2\/pages\/6062\/revisions"}],"predecessor-version":[{"id":6063,"href":"https:\/\/www.starsellersworld.com\/intl\/fr\/wp-json\/wp\/v2\/pages\/6062\/revisions\/6063"}],"wp:attachment":[{"href":"https:\/\/www.starsellersworld.com\/intl\/fr\/wp-json\/wp\/v2\/media?parent=6062"}],"curies":[{"name":"wp","href":"https:\/\/api.w.org\/{rel}","templated":true}]}}