{"id":6095,"date":"2024-09-09T11:41:09","date_gmt":"2024-09-09T09:41:09","guid":{"rendered":"https:\/\/www.starsellersworld.com\/intl\/parfum-group\/"},"modified":"2024-09-09T12:00:24","modified_gmt":"2024-09-09T10:00:24","slug":"parfum-group","status":"publish","type":"page","link":"https:\/\/www.starsellersworld.com\/intl\/fr\/parfum-group\/","title":{"rendered":"Parfum Group"},"content":{"rendered":"\t\t<div data-elementor-type=\"wp-page\" data-elementor-id=\"6095\" class=\"elementor elementor-6095 elementor-6066\" data-elementor-post-type=\"page\">\n\t\t\t\t<div class=\"elementor-element elementor-element-566ba79a e-flex e-con-boxed lakit-col-width-auto-no e-container e-root-container elementor-top-section e-con e-parent\" data-id=\"566ba79a\" data-element_type=\"container\">\n\t\t\t\t\t<div class=\"e-con-inner\">\n\t\t\t\t<div class=\"elementor-element elementor-element-8da1aa6 elementor-widget elementor-widget-image\" data-id=\"8da1aa6\" data-element_type=\"widget\" data-widget_type=\"image.default\">\n\t\t\t\t<div class=\"elementor-widget-container\">\n\t\t\t<style>\/*! elementor - v3.23.0 - 05-08-2024 *\/\n.elementor-widget-image{text-align:center}.elementor-widget-image a{display:inline-block}.elementor-widget-image a img[src$=\".svg\"]{width:48px}.elementor-widget-image img{vertical-align:middle;display:inline-block}<\/style>\t\t\t\t\t\t\t\t\t\t<img fetchpriority=\"high\" decoding=\"async\" width=\"690\" height=\"175\" src=\"https:\/\/www.starsellersworld.com\/intl\/wp-content\/uploads\/2024\/09\/pafrumgroup.jpg\" class=\"attachment-large size-large wp-image-5933\" alt=\"\" srcset=\"https:\/\/www.starsellersworld.com\/intl\/wp-content\/uploads\/2024\/09\/pafrumgroup.jpg 690w, https:\/\/www.starsellersworld.com\/intl\/wp-content\/uploads\/2024\/09\/pafrumgroup-300x76.jpg 300w\" sizes=\"(max-width: 690px) 100vw, 690px\" \/>\t\t\t\t\t\t\t\t\t\t\t\t\t<\/div>\n\t\t\t\t<\/div>\n\t\t\t\t<div class=\"elementor-element elementor-element-9a4a389 elementor-widget elementor-widget-heading\" data-id=\"9a4a389\" data-element_type=\"widget\" data-widget_type=\"heading.default\">\n\t\t\t\t<div class=\"elementor-widget-container\">\n\t\t\t<style>\/*! elementor - v3.23.0 - 05-08-2024 *\/\n.elementor-heading-title{padding:0;margin:0;line-height:1}.elementor-widget-heading .elementor-heading-title[class*=elementor-size-]>a{color:inherit;font-size:inherit;line-height:inherit}.elementor-widget-heading .elementor-heading-title.elementor-size-small{font-size:15px}.elementor-widget-heading .elementor-heading-title.elementor-size-medium{font-size:19px}.elementor-widget-heading .elementor-heading-title.elementor-size-large{font-size:29px}.elementor-widget-heading .elementor-heading-title.elementor-size-xl{font-size:39px}.elementor-widget-heading .elementor-heading-title.elementor-size-xxl{font-size:59px}<\/style><h1 class=\"elementor-heading-title elementor-size-default\">ParfumGroup.fr est un univers subtil d'ar\u00f4mes du monde entier.  <\/h1>\t\t<\/div>\n\t\t\t\t<\/div>\n\t\t\t\t\t<\/div>\n\t\t\t\t<\/div>\n\t\t<div class=\"elementor-element elementor-element-1e6fc31b e-flex e-con-boxed lakit-col-width-auto-no e-container e-root-container elementor-top-section e-con e-parent\" data-id=\"1e6fc31b\" data-element_type=\"container\">\n\t\t\t\t\t<div class=\"e-con-inner\">\n\t\t\t\t<div class=\"elementor-element elementor-element-6bde4fd0 elementor-widget elementor-widget-text-editor\" data-id=\"6bde4fd0\" data-element_type=\"widget\" data-widget_type=\"text-editor.default\">\n\t\t\t\t<div class=\"elementor-widget-container\">\n\t\t\t<style>\/*! elementor - v3.23.0 - 05-08-2024 *\/\n.elementor-widget-text-editor.elementor-drop-cap-view-stacked .elementor-drop-cap{background-color:#69727d;color:#fff}.elementor-widget-text-editor.elementor-drop-cap-view-framed .elementor-drop-cap{color:#69727d;border:3px solid;background-color:transparent}.elementor-widget-text-editor:not(.elementor-drop-cap-view-default) .elementor-drop-cap{margin-top:8px}.elementor-widget-text-editor:not(.elementor-drop-cap-view-default) .elementor-drop-cap-letter{width:1em;height:1em}.elementor-widget-text-editor .elementor-drop-cap{float:left;text-align:center;line-height:1;font-size:50px}.elementor-widget-text-editor .elementor-drop-cap-letter{display:inline-block}<\/style>\t\t\t\t<p>Pour leur client, les chefs-d&rsquo;\u0153uvre de parfumerie qui ont fait leurs preuves et que l&rsquo;on trouve aujourd&rsquo;hui sur le march\u00e9 ont \u00e9t\u00e9 collect\u00e9s avec attention.<\/p>\n<p>\uf0fc Plus de 480 parfums disponibles dans la boutique en ligne<br \/>\uf0fc Plus de 60 des plus grandes marques les plus c\u00e9l\u00e8bres<br \/>\uf0fc Grande vari\u00e9t\u00e9 de parfums de haute qualit\u00e9 &#8211; aussi bien des classiques que des nouveaux parfums <br \/>\uf0fc Assortiment des plus grandes marques aux meilleurs prix<\/p>\n<p>La gamme de produits ParfumGroup ne dispose pas seulement de parfums, mais aussi de maquillage et de produits de soin de la plus haute qualit\u00e9.<\/p>\n<p>Parfumgroup.fr est plus qu&rsquo;une simple parfumerie en ligne.<br \/>\nC&rsquo;est une exp\u00e9rience, alors qu&rsquo;il s&rsquo;agit de trouver le parfum qui convient.<br \/>\nCe site est un nouveau concept dont le but est de mettre \u00e0 disposition en un seul endroit tout ce dont la femme moderne, soucieuse de sa beaut\u00e9, a besoin.<br \/>\nC&rsquo;est m\u00eame ici le paradis pour les hommes, qui sont toujours le sexe le plus pr\u00e9tentieux quand il s&rsquo;agit de style et d&rsquo;apparence.   <\/p>\n<p>Aujourd&rsquo;hui, une s\u00e9lection remarquable de parfums et de produits de soins personnels exquis est propos\u00e9e par les marques internationales les plus pris\u00e9es de l&rsquo;industrie de la parfumerie, \u00e0 d\u00e9couvrir dans la boutique en ligne de ParfumGroup.<br \/>\nOn pourrait m\u00eame y trouver des parfums rares mais \u00e9prouv\u00e9s, ainsi que les derni\u00e8res cr\u00e9ations des jeunes parfumeurs qui sont rapidement devenus les parfums pr\u00e9f\u00e9r\u00e9s des consommateurs.<br \/>\nChacun pourrait trouver le bon produit ou le bon cadeau pour soi-m\u00eame ou pour sa bien-aim\u00e9e parmi l&rsquo;immense diversit\u00e9.  <\/p>\n<p>ParfumGroup accompagne soigneusement ses clients et met toujours \u00e0 leur disposition les faits les plus importants et les tendances actuelles en mati\u00e8re de parfum et de beaut\u00e9.<br \/>\nUne navigation simplifi\u00e9e a \u00e9t\u00e9 privil\u00e9gi\u00e9e afin que chaque visiteur de la boutique puisse acc\u00e9der le plus rapidement et le plus facilement possible au produit souhait\u00e9.<br \/>\nL&rsquo;assortiment riche et vari\u00e9 de produits de luxe de haute qualit\u00e9 est s\u00e9lectionn\u00e9 avec soin et r\u00e9pond \u00e0 toutes les attentes.  <\/p>\n<p>La satisfaction des clients est obtenue gr\u00e2ce au service client fourni par ParfumGroup.<br \/>\nUne immense vari\u00e9t\u00e9 de produits provenant des noms les plus prestigieux de l&rsquo;industrie de la beaut\u00e9, des commandes faciles \u00e0 passer, des prix attractifs et une livraison rapide et s\u00fbre. <\/p>\n\t\t\t\t\t\t<\/div>\n\t\t\t\t<\/div>\n\t\t\t\t\t<\/div>\n\t\t\t\t<\/div>\n\t\t\t\t<\/div>\n\t\t","protected":false},"excerpt":{"rendered":"<p>ParfumGroup.fr est un univers subtil d&rsquo;ar\u00f4mes du monde entier. Pour leur client, les chefs-d&rsquo;\u0153uvre de parfumerie qui ont fait leurs preuves et que l&rsquo;on trouve aujourd&rsquo;hui sur le march\u00e9 ont \u00e9t\u00e9 collect\u00e9s avec attention. \uf0fc Plus de 480 parfums disponibles dans la boutique en ligne\uf0fc Plus de 60 des plus grandes marques les plus c\u00e9l\u00e8bres\uf0fc [&hellip;]<\/p>\n","protected":false},"author":1406,"featured_media":0,"parent":0,"menu_order":0,"comment_status":"closed","ping_status":"closed","template":"","meta":{"_exactmetrics_skip_tracking":false,"_exactmetrics_sitenote_active":false,"_exactmetrics_sitenote_note":"","_exactmetrics_sitenote_category":0,"footnotes":""},"class_list":["post-6095","page","type-page","status-publish","hentry"],"aioseo_notices":[],"_links":{"self":[{"href":"https:\/\/www.starsellersworld.com\/intl\/fr\/wp-json\/wp\/v2\/pages\/6095","targetHints":{"allow":["GET"]}}],"collection":[{"href":"https:\/\/www.starsellersworld.com\/intl\/fr\/wp-json\/wp\/v2\/pages"}],"about":[{"href":"https:\/\/www.starsellersworld.com\/intl\/fr\/wp-json\/wp\/v2\/types\/page"}],"author":[{"embeddable":true,"href":"https:\/\/www.starsellersworld.com\/intl\/fr\/wp-json\/wp\/v2\/users\/1406"}],"replies":[{"embeddable":true,"href":"https:\/\/www.starsellersworld.com\/intl\/fr\/wp-json\/wp\/v2\/comments?post=6095"}],"version-history":[{"count":1,"href":"https:\/\/www.starsellersworld.com\/intl\/fr\/wp-json\/wp\/v2\/pages\/6095\/revisions"}],"predecessor-version":[{"id":6096,"href":"https:\/\/www.starsellersworld.com\/intl\/fr\/wp-json\/wp\/v2\/pages\/6095\/revisions\/6096"}],"wp:attachment":[{"href":"https:\/\/www.starsellersworld.com\/intl\/fr\/wp-json\/wp\/v2\/media?parent=6095"}],"curies":[{"name":"wp","href":"https:\/\/api.w.org\/{rel}","templated":true}]}}