{"id":6039,"date":"2024-09-09T11:21:29","date_gmt":"2024-09-09T09:21:29","guid":{"rendered":"https:\/\/www.starsellersworld.com\/intl\/doctor-arthritis\/"},"modified":"2024-09-09T11:31:39","modified_gmt":"2024-09-09T09:31:39","slug":"doctor-arthritis","status":"publish","type":"page","link":"https:\/\/www.starsellersworld.com\/intl\/it\/doctor-arthritis\/","title":{"rendered":"Doctor Arthritis"},"content":{"rendered":"\t\t<div data-elementor-type=\"wp-page\" data-elementor-id=\"6039\" class=\"elementor elementor-6039 elementor-5997\" data-elementor-post-type=\"page\">\n\t\t\t\t<div class=\"elementor-element elementor-element-43b904da e-flex e-con-boxed lakit-col-width-auto-no e-container e-root-container elementor-top-section e-con e-parent\" data-id=\"43b904da\" data-element_type=\"container\">\n\t\t\t\t\t<div class=\"e-con-inner\">\n\t\t\t\t<div class=\"elementor-element elementor-element-328f2bec elementor-widget elementor-widget-image\" data-id=\"328f2bec\" data-element_type=\"widget\" data-widget_type=\"image.default\">\n\t\t\t\t<div class=\"elementor-widget-container\">\n\t\t\t<style>\/*! elementor - v3.23.0 - 05-08-2024 *\/\n.elementor-widget-image{text-align:center}.elementor-widget-image a{display:inline-block}.elementor-widget-image a img[src$=\".svg\"]{width:48px}.elementor-widget-image img{vertical-align:middle;display:inline-block}<\/style>\t\t\t\t\t\t\t\t\t\t<img fetchpriority=\"high\" decoding=\"async\" width=\"800\" height=\"310\" src=\"https:\/\/www.starsellersworld.com\/intl\/wp-content\/uploads\/2024\/09\/DA_Updated_White_Logo_1292x500-1024x397.webp\" class=\"attachment-large size-large wp-image-5739\" alt=\"\" srcset=\"https:\/\/www.starsellersworld.com\/intl\/wp-content\/uploads\/2024\/09\/DA_Updated_White_Logo_1292x500-1024x397.webp 1024w, https:\/\/www.starsellersworld.com\/intl\/wp-content\/uploads\/2024\/09\/DA_Updated_White_Logo_1292x500-300x116.webp 300w, https:\/\/www.starsellersworld.com\/intl\/wp-content\/uploads\/2024\/09\/DA_Updated_White_Logo_1292x500-768x298.webp 768w, https:\/\/www.starsellersworld.com\/intl\/wp-content\/uploads\/2024\/09\/DA_Updated_White_Logo_1292x500.webp 1290w\" sizes=\"(max-width: 800px) 100vw, 800px\" \/>\t\t\t\t\t\t\t\t\t\t\t\t\t<\/div>\n\t\t\t\t<\/div>\n\t\t\t\t<div class=\"elementor-element elementor-element-366a302f elementor-widget elementor-widget-heading\" data-id=\"366a302f\" data-element_type=\"widget\" data-widget_type=\"heading.default\">\n\t\t\t\t<div class=\"elementor-widget-container\">\n\t\t\t<style>\/*! elementor - v3.23.0 - 05-08-2024 *\/\n.elementor-heading-title{padding:0;margin:0;line-height:1}.elementor-widget-heading .elementor-heading-title[class*=elementor-size-]>a{color:inherit;font-size:inherit;line-height:inherit}.elementor-widget-heading .elementor-heading-title.elementor-size-small{font-size:15px}.elementor-widget-heading .elementor-heading-title.elementor-size-medium{font-size:19px}.elementor-widget-heading .elementor-heading-title.elementor-size-large{font-size:29px}.elementor-widget-heading .elementor-heading-title.elementor-size-xl{font-size:39px}.elementor-widget-heading .elementor-heading-title.elementor-size-xxl{font-size:59px}<\/style><h1 class=\"elementor-heading-title elementor-size-default\">\"Gli strumenti di intelligenza artificiale di starsellersworld.com ci aiutano a ottimizzare i nostri processi con un'automazione intelligente, in modo da raggiungere i nostri obiettivi di crescita.\nL'infrastruttura BigData \u00e8 una delle chiavi del nostro successo\". <\/h1>\t\t<\/div>\n\t\t\t\t<\/div>\n\t\t\t\t\t<\/div>\n\t\t\t\t<\/div>\n\t\t<div class=\"elementor-element elementor-element-2dfeeafc e-flex e-con-boxed lakit-col-width-auto-no e-container e-root-container elementor-top-section e-con e-parent\" data-id=\"2dfeeafc\" data-element_type=\"container\">\n\t\t\t\t\t<div class=\"e-con-inner\">\n\t\t\t\t<div class=\"elementor-element elementor-element-542e2d3c elementor-widget elementor-widget-text-editor\" data-id=\"542e2d3c\" data-element_type=\"widget\" data-widget_type=\"text-editor.default\">\n\t\t\t\t<div class=\"elementor-widget-container\">\n\t\t\t<style>\/*! elementor - v3.23.0 - 05-08-2024 *\/\n.elementor-widget-text-editor.elementor-drop-cap-view-stacked .elementor-drop-cap{background-color:#69727d;color:#fff}.elementor-widget-text-editor.elementor-drop-cap-view-framed .elementor-drop-cap{color:#69727d;border:3px solid;background-color:transparent}.elementor-widget-text-editor:not(.elementor-drop-cap-view-default) .elementor-drop-cap{margin-top:8px}.elementor-widget-text-editor:not(.elementor-drop-cap-view-default) .elementor-drop-cap-letter{width:1em;height:1em}.elementor-widget-text-editor .elementor-drop-cap{float:left;text-align:center;line-height:1;font-size:50px}.elementor-widget-text-editor .elementor-drop-cap-letter{display:inline-block}<\/style>\t\t\t\t<p>Cheers Health Care Limited utilizza gli strumenti AI basati sui dati di starsellersworld.com dal 2021.<br \/>\nA seconda della transazione commerciale, dell&#8217;articolo e del percorso della merce, starsellersworld.com controlla l&#8217;ID IVA corrispondente e l&#8217;aliquota fiscale corretta, genera documenti di fatturazione per Marketplace nel CI del Dr Athritis.<br \/>\nLe ricevute vengono generate in conformit\u00e0 agli standard, alle normative e ai tassi di cambio applicabili, archiviate nel repository dei documenti e caricate su Amazon.<br \/>\nI processi BigData della meccanica di gestione degli ordini per il post-vendita creano sicurezza, efficienza e fanno risparmiare tempo prezioso grazie all&#8217;automazione intelligente.   <\/p>\n<p>Dr Arthritis \u00e8 un&#8217;azienda sanitaria con sede a Londra, fondata sull&#8217;impegno dei fondatori a migliorare la qualit\u00e0 della vita delle persone che soffrono di artrite e di altre patologie muscolo-scheletriche.<\/p>\n<p>Dr Arthritis \u00e8 nota per la sua gamma di prodotti di supporto e compressione articolare, integratori e ausili.<br \/>\nIl team \u00e8 composto da persone che convivono ogni giorno con la realt\u00e0 dell&#8217;artrite &#8211; sia come medici, pazienti, assistenti o familiari e amici benintenzionati &#8211; ed \u00e8 rinomato nella sua nicchia per la sua comprensione dell&#8217;artrite. <\/p>\n<p>Ad oggi, Dr Arthritis ha aiutato con i suoi prodotti oltre 1.000.000 di persone in pi\u00f9 di 50 paesi.<\/p>\n<p>Il marchio adotta un approccio duplice per affrontare le problematiche pi\u00f9 importanti dei pazienti.<br \/>\nIn primo luogo, sviluppa prodotti basati sull&#8217;esperienza e sulla formazione dei fondatori: medici la cui esperienza diretta ha portato allo sviluppo di soluzioni efficaci e non invasive che funzionano davvero.<br \/>\nIn secondo luogo, si concentra sull&#8217;educazione dei pazienti attraverso manuali scritti da medici che forniscono informazioni complete sull&#8217;artrite e sulle condizioni correlate, oltre a linee guida, consigli sullo stile di vita ed esercizi per rafforzare, riabilitare e migliorare la mobilit\u00e0 e la funzionalit\u00e0.  <\/p>\n<p><strong>Fatti e cifre<br \/><\/strong><\/p>\n<ul>\n<li>Progetto di integrazione delle applicazioni aziendali dal 2021.<\/li>\n<li>Cheers Health Ltd. utilizza con successo gli strumenti AI per il trading su starsellerworld.com dal 2021.<\/li>\n<li>Automazione e dinamizzazione del controllo dei processi di mercato<\/li>\n<li>&gt;Elaborazione completamente automatizzata di 20.000 transazioni all&#8217;anno.<\/li>\n<li>Integrazione perfetta nei processi della catena di strumenti esistente.<\/li>\n<li>Consulenza e sviluppo del business con il supporto degli specialisti di eCommerce di starsellersworld.com.<\/li>\n<\/ul>\n\t\t\t\t\t\t<\/div>\n\t\t\t\t<\/div>\n\t\t\t\t\t<\/div>\n\t\t\t\t<\/div>\n\t\t\t\t<\/div>\n\t\t","protected":false},"excerpt":{"rendered":"<p>&#8220;Gli strumenti di intelligenza artificiale di starsellersworld.com ci aiutano a ottimizzare i nostri processi con un&#8217;automazione intelligente, in modo da raggiungere i nostri obiettivi di crescita. L&#8217;infrastruttura BigData \u00e8 una delle chiavi del nostro successo&#8221;. Cheers Health Care Limited utilizza gli strumenti AI basati sui dati di starsellersworld.com dal 2021. A seconda della transazione commerciale, [&hellip;]<\/p>\n","protected":false},"author":1406,"featured_media":0,"parent":0,"menu_order":0,"comment_status":"closed","ping_status":"closed","template":"","meta":{"_exactmetrics_skip_tracking":false,"_exactmetrics_sitenote_active":false,"_exactmetrics_sitenote_note":"","_exactmetrics_sitenote_category":0,"footnotes":""},"class_list":["post-6039","page","type-page","status-publish","hentry"],"aioseo_notices":[],"_links":{"self":[{"href":"https:\/\/www.starsellersworld.com\/intl\/it\/wp-json\/wp\/v2\/pages\/6039","targetHints":{"allow":["GET"]}}],"collection":[{"href":"https:\/\/www.starsellersworld.com\/intl\/it\/wp-json\/wp\/v2\/pages"}],"about":[{"href":"https:\/\/www.starsellersworld.com\/intl\/it\/wp-json\/wp\/v2\/types\/page"}],"author":[{"embeddable":true,"href":"https:\/\/www.starsellersworld.com\/intl\/it\/wp-json\/wp\/v2\/users\/1406"}],"replies":[{"embeddable":true,"href":"https:\/\/www.starsellersworld.com\/intl\/it\/wp-json\/wp\/v2\/comments?post=6039"}],"version-history":[{"count":1,"href":"https:\/\/www.starsellersworld.com\/intl\/it\/wp-json\/wp\/v2\/pages\/6039\/revisions"}],"predecessor-version":[{"id":6041,"href":"https:\/\/www.starsellersworld.com\/intl\/it\/wp-json\/wp\/v2\/pages\/6039\/revisions\/6041"}],"wp:attachment":[{"href":"https:\/\/www.starsellersworld.com\/intl\/it\/wp-json\/wp\/v2\/media?parent=6039"}],"curies":[{"name":"wp","href":"https:\/\/api.w.org\/{rel}","templated":true}]}}