{"id":6059,"date":"2024-09-09T11:32:27","date_gmt":"2024-09-09T09:32:27","guid":{"rendered":"https:\/\/www.starsellersworld.com\/intl\/conrad\/"},"modified":"2024-09-09T11:39:53","modified_gmt":"2024-09-09T09:39:53","slug":"conrad","status":"publish","type":"page","link":"https:\/\/www.starsellersworld.com\/intl\/it\/conrad\/","title":{"rendered":"Conrad"},"content":{"rendered":"\t\t<div data-elementor-type=\"wp-page\" data-elementor-id=\"6059\" class=\"elementor elementor-6059 elementor-6047\" data-elementor-post-type=\"page\">\n\t\t\t\t<div class=\"elementor-element elementor-element-40637369 e-flex e-con-boxed lakit-col-width-auto-no e-container e-root-container elementor-top-section e-con e-parent\" data-id=\"40637369\" data-element_type=\"container\">\n\t\t\t\t\t<div class=\"e-con-inner\">\n\t\t\t\t<div class=\"elementor-element elementor-element-34456932 elementor-widget elementor-widget-image\" data-id=\"34456932\" data-element_type=\"widget\" data-widget_type=\"image.default\">\n\t\t\t\t<div class=\"elementor-widget-container\">\n\t\t\t<style>\/*! elementor - v3.23.0 - 05-08-2024 *\/\n.elementor-widget-image{text-align:center}.elementor-widget-image a{display:inline-block}.elementor-widget-image a img[src$=\".svg\"]{width:48px}.elementor-widget-image img{vertical-align:middle;display:inline-block}<\/style>\t\t\t\t\t\t\t\t\t\t<img fetchpriority=\"high\" decoding=\"async\" width=\"690\" height=\"175\" src=\"https:\/\/www.starsellersworld.com\/intl\/wp-content\/uploads\/2024\/09\/conrad.jpg\" class=\"attachment-large size-large wp-image-5972\" alt=\"\" srcset=\"https:\/\/www.starsellersworld.com\/intl\/wp-content\/uploads\/2024\/09\/conrad.jpg 690w, https:\/\/www.starsellersworld.com\/intl\/wp-content\/uploads\/2024\/09\/conrad-300x76.jpg 300w\" sizes=\"(max-width: 690px) 100vw, 690px\" \/>\t\t\t\t\t\t\t\t\t\t\t\t\t<\/div>\n\t\t\t\t<\/div>\n\t\t\t\t<div class=\"elementor-element elementor-element-176cb87c elementor-widget elementor-widget-heading\" data-id=\"176cb87c\" data-element_type=\"widget\" data-widget_type=\"heading.default\">\n\t\t\t\t<div class=\"elementor-widget-container\">\n\t\t\t<style>\/*! elementor - v3.23.0 - 05-08-2024 *\/\n.elementor-heading-title{padding:0;margin:0;line-height:1}.elementor-widget-heading .elementor-heading-title[class*=elementor-size-]>a{color:inherit;font-size:inherit;line-height:inherit}.elementor-widget-heading .elementor-heading-title.elementor-size-small{font-size:15px}.elementor-widget-heading .elementor-heading-title.elementor-size-medium{font-size:19px}.elementor-widget-heading .elementor-heading-title.elementor-size-large{font-size:29px}.elementor-widget-heading .elementor-heading-title.elementor-size-xl{font-size:39px}.elementor-widget-heading .elementor-heading-title.elementor-size-xxl{font-size:59px}<\/style><h1 class=\"elementor-heading-title elementor-size-default\">Dall'Alto Palatinato in tutto il mondo<\/h1>\t\t<\/div>\n\t\t\t\t<\/div>\n\t\t\t\t\t<\/div>\n\t\t\t\t<\/div>\n\t\t<div class=\"elementor-element elementor-element-97cc138 e-flex e-con-boxed lakit-col-width-auto-no e-container e-root-container elementor-top-section e-con e-parent\" data-id=\"97cc138\" data-element_type=\"container\">\n\t\t\t\t\t<div class=\"e-con-inner\">\n\t\t\t\t<div class=\"elementor-element elementor-element-4771717f elementor-widget elementor-widget-text-editor\" data-id=\"4771717f\" data-element_type=\"widget\" data-widget_type=\"text-editor.default\">\n\t\t\t\t<div class=\"elementor-widget-container\">\n\t\t\t<style>\/*! elementor - v3.23.0 - 05-08-2024 *\/\n.elementor-widget-text-editor.elementor-drop-cap-view-stacked .elementor-drop-cap{background-color:#69727d;color:#fff}.elementor-widget-text-editor.elementor-drop-cap-view-framed .elementor-drop-cap{color:#69727d;border:3px solid;background-color:transparent}.elementor-widget-text-editor:not(.elementor-drop-cap-view-default) .elementor-drop-cap{margin-top:8px}.elementor-widget-text-editor:not(.elementor-drop-cap-view-default) .elementor-drop-cap-letter{width:1em;height:1em}.elementor-widget-text-editor .elementor-drop-cap{float:left;text-align:center;line-height:1;font-size:50px}.elementor-widget-text-editor .elementor-drop-cap-letter{display:inline-block}<\/style>\t\t\t\t<h2>Conrad &#8211; tutte le parti del successo.<br \/>\nMettiamo in contatto clienti, marchi e partner. <\/h2>\n<p>L&#8217;azienda familiare Conrad Electronic esiste dal 1923 e dal 1946 ha sede a Hirschau, nell&#8217;Alto Palatinato, nella Baviera orientale. Inizialmente con sede ancora a Berlino, il fondatore dell&#8217;azienda Max Conrad offriva principalmente componenti per ricevitori detector. Alla Fiera della Radio del 1937 present\u00f2 il suo primo kit per la costruzione di televisori, comprensivo di un manuale intitolato \u201cLa televisione dalla A alla Z\u201d. Fin dall&#8217;inizio fu chiaro che Conrad Electronic voleva essere pi\u00f9 di un semplice rivenditore di elettronica e creare un reale valore aggiunto per i clienti.<br \/>Tradotto con DeepL.com (versione gratuita)   <\/p>\n<p>Questa affermazione non \u00e8 cambiata fino ad oggi: I clienti di tutta Europa ci considerano un partner affidabile che ridefinisce l&#8217;approvvigionamento orientato al cliente grazie alla competenza digitale e all&#8217;eccellenza operativa e che consente di realizzare progetti ottimali.<br \/>\nIn qualit\u00e0 di distributore esperto, effettuiamo consegne in tutto il mondo dal nostro centro logistico di Wernberg-K\u00f6blitz, mettiamo a disposizione diversi milioni di prodotti attraverso il nostro marketplace e siamo rappresentati in tutta Europa come gruppo di aziende attivo a livello internazionale.<br \/>\nLa nostra storia lo dimostra: I clienti e le giurie si fidano di chi si basa sul servizio e sull&#8217;innovazione.  <\/p>\n<div class=\"text aem-GridColumn aem-GridColumn--default--12\">\n<div id=\"text-da8abe2dd9\" class=\"cmp-text cmsContainer cmsMarginBottom-none\">\n<h3>Piattaforma di sourcing Conrad.<br \/>\nPensiero internazionale. <\/h3>\n<\/div>\n<\/div>\n<div class=\"textimage image aem-GridColumn aem-GridColumn--default--12\">\n<div class=\"cmsTextimage cmsTextimage--right cmsMarginBottom-small cmsContainer\">\n<div class=\"cmsImage\">\n<div class=\"cmsImage__wrapper cmsMarginBottom-small cmsAlign--right cmsContainer not-editable cmsImage__fixedDimension\" data-asset=\"https:\/\/asset.conrad.com\/media10\/isa\/160267\/c3\/-\/de\/1e539615a6f041f4afff7cb238c162cc\" data-title=\"Conrad Gruppe\"> <\/div>\n<\/div>\n<div class=\"cmp-text\">\n<p>Come azienda internazionale, Conrad \u00e8 presente in 17 paesi europei.<br \/>\nFondata nel 1923 e ancora oggi gestita dai proprietari, l&#8217;azienda familiare si \u00e8 gradualmente espansa da azienda specializzata nella vendita per corrispondenza di componenti elettronici a una delle principali piattaforme di approvvigionamento per i requisiti tecnici.<br \/>\nLa nostra strategia di piattaforma avvicina ancora di pi\u00f9 fornitori e clienti: Perch\u00e9 la nostra ampia gamma di servizi e tecnologie innovative \u00e8 accessibile da qualsiasi luogo e in qualsiasi momento &#8211; olistica, incentrata sul cliente e orientata al futuro.  <\/p>\n<div class=\"text aem-GridColumn aem-GridColumn--default--12\">\n<div id=\"text-5c6e291626\" class=\"cmp-text cmsContainer cmsMarginBottom-default\">\n<h3>Piattaforma di sourcing Conrad.<br \/>\nL&#8217;alta tecnologia incontra l&#8217;efficienza: il nostro centro logistico. <\/h3>\n<\/div>\n<\/div>\n<div class=\"columncontrol aem-GridColumn aem-GridColumn--default--12\">\n<div class=\"cmsColumn cmsColumn--none cmsContainer cmsMarginBottom-small\">\n<div class=\"cmsColumn__wrapper cmsColumn__layout2-50-50 cmsColumn__default\">\n<div class=\"cmsColumn__item cmsColumn__item--1\">\n<div class=\"aem-Grid aem-Grid--12 aem-Grid--default--12 \">\n<div class=\"text aem-GridColumn aem-GridColumn--default--12\">\n<div id=\"text-243fdb8aa3\" class=\"cmp-text cmsContainer cmsMarginBottom-default\">\n<p>Ci affidiamo a processi logistici all&#8217;avanguardia per rifornire i nostri clienti in oltre 150 paesi: Il nostro centro logistico di Wernberg-K\u00f6blitz, a pochi chilometri dalla sede centrale dell&#8217;azienda a Hirschau, \u00e8 una struttura high-tech di proporzioni gigantesche.<\/p>\n<p>Anche i negozi Conrad vengono riforniti da questo funzionale complesso di edifici, che ospita un magazzino a scaffale alto completamente automatizzato con 44.000 posti pallet e il magazzino navetta con 235.000 posti di stoccaggio, entrato in funzione nel 2014.<\/p>\n<\/div>\n<\/div>\n<\/div>\n<\/div>\n<div class=\"cmsColumn__item cmsColumn__item--2\">\n<div class=\"aem-Grid aem-Grid--12 aem-Grid--default--12 \">\n<div class=\"image aem-GridColumn aem-GridColumn--default--12\">\n<div class=\"cmsImage\">\n<div class=\"cmsImage__wrapper cmsMarginBottom-default cmsAlign--left cmsContainer not-editable cmsImage__fixedDimension\" data-asset=\"https:\/\/asset.conrad.com\/media10\/isa\/160267\/c3\/-\/de\/66c987f20f504d8ea6c28dbad6785a9c\" data-title=\"Logistik\"> <\/div>\n<\/div>\n<\/div>\n<\/div>\n<\/div>\n<\/div>\n<\/div>\n<\/div>\n<div class=\"text aem-GridColumn aem-GridColumn--default--12\">\n<div id=\"text-783c6ac1e6\" class=\"cmp-text cmsContainer cmsMarginBottom-default\">\n<p>In particolare, il principio &#8220;dalla merce alla persona&#8221; implementato in questo centro consente di lavorare in modo estremamente semplice ed efficiente.<br \/>\nIn media, ogni giorno dal nostro centro di distribuzione escono circa 50.000 pacchi, mentre nei momenti di punta si pu\u00f2 arrivare a 75.000 pacchi.<br \/>\nIl centro logistico dispone di un&#8217;area EPA (Electrostatic Protected Area) protetta dalle scariche elettrostatiche e di una zona ESD certificata DIN-EN 61340-5-1.<br \/>\nQuesto garantisce una gestione sicura dei componenti in conformit\u00e0 con i pi\u00f9 alti standard di qualit\u00e0 e un corretto stoccaggio.   <\/p>\n<p>Il centro logistico offre anche numerosi altri servizi specifici per le esigenze dei nostri clienti commerciali:  <\/p>\n<ul>\n<li>\n<p>Ampia gamma di cavi (lunghezza in base alle esigenze del cliente)<\/p>\n<\/li>\n<li>\n<p>Calibrazione dei dispositivi di misurazione<\/p>\n<\/li>\n<\/ul>\n<\/div>\n<\/div>\n<\/div>\n<\/div>\n<\/div>\n\t\t\t\t\t\t<\/div>\n\t\t\t\t<\/div>\n\t\t\t\t\t<\/div>\n\t\t\t\t<\/div>\n\t\t\t\t<\/div>\n\t\t","protected":false},"excerpt":{"rendered":"<p>Dall&#8217;Alto Palatinato in tutto il mondo Conrad &#8211; tutte le parti del successo. Mettiamo in contatto clienti, marchi e partner. L&#8217;azienda familiare Conrad Electronic esiste dal 1923 e dal 1946 ha sede a Hirschau, nell&#8217;Alto Palatinato, nella Baviera orientale. Inizialmente con sede ancora a Berlino, il fondatore dell&#8217;azienda Max Conrad offriva principalmente componenti per ricevitori [&hellip;]<\/p>\n","protected":false},"author":1406,"featured_media":0,"parent":0,"menu_order":0,"comment_status":"closed","ping_status":"closed","template":"","meta":{"_exactmetrics_skip_tracking":false,"_exactmetrics_sitenote_active":false,"_exactmetrics_sitenote_note":"","_exactmetrics_sitenote_category":0,"footnotes":""},"class_list":["post-6059","page","type-page","status-publish","hentry"],"aioseo_notices":[],"_links":{"self":[{"href":"https:\/\/www.starsellersworld.com\/intl\/it\/wp-json\/wp\/v2\/pages\/6059","targetHints":{"allow":["GET"]}}],"collection":[{"href":"https:\/\/www.starsellersworld.com\/intl\/it\/wp-json\/wp\/v2\/pages"}],"about":[{"href":"https:\/\/www.starsellersworld.com\/intl\/it\/wp-json\/wp\/v2\/types\/page"}],"author":[{"embeddable":true,"href":"https:\/\/www.starsellersworld.com\/intl\/it\/wp-json\/wp\/v2\/users\/1406"}],"replies":[{"embeddable":true,"href":"https:\/\/www.starsellersworld.com\/intl\/it\/wp-json\/wp\/v2\/comments?post=6059"}],"version-history":[{"count":1,"href":"https:\/\/www.starsellersworld.com\/intl\/it\/wp-json\/wp\/v2\/pages\/6059\/revisions"}],"predecessor-version":[{"id":6061,"href":"https:\/\/www.starsellersworld.com\/intl\/it\/wp-json\/wp\/v2\/pages\/6059\/revisions\/6061"}],"wp:attachment":[{"href":"https:\/\/www.starsellersworld.com\/intl\/it\/wp-json\/wp\/v2\/media?parent=6059"}],"curies":[{"name":"wp","href":"https:\/\/api.w.org\/{rel}","templated":true}]}}