{"id":11640,"date":"2024-11-27T14:32:11","date_gmt":"2024-11-27T13:32:11","guid":{"rendered":"https:\/\/www.starsellersworld.com\/intl\/?page_id=11640"},"modified":"2024-11-27T14:41:12","modified_gmt":"2024-11-27T13:41:12","slug":"blog-amazon","status":"publish","type":"page","link":"https:\/\/www.starsellersworld.com\/intl\/blog-amazon\/","title":{"rendered":"Blog &#8211; Amazon"},"content":{"rendered":"\t\t<div data-elementor-type=\"wp-page\" data-elementor-id=\"11640\" class=\"elementor elementor-11640\" data-elementor-post-type=\"page\">\n\t\t\t\t<div class=\"elementor-element elementor-element-5a7dd10c elementor-hidden-mobile elementor-hidden-tablet e-flex e-con-boxed lakit-col-width-auto-no e-container e-root-container elementor-top-section e-con e-parent\" data-id=\"5a7dd10c\" data-element_type=\"container\" data-settings=\"{&quot;background_background&quot;:&quot;classic&quot;}\">\n\t\t\t\t\t<div class=\"e-con-inner\">\n\t\t<div class=\"elementor-element elementor-element-26aa7591 e-con-full e-flex lakit-col-width-auto-no e-container e-con e-child\" data-id=\"26aa7591\" data-element_type=\"container\">\n\t\t\t\t<div class=\"elementor-element elementor-element-342a0fca elementor-widget elementor-widget-spacer\" data-id=\"342a0fca\" data-element_type=\"widget\" data-widget_type=\"spacer.default\">\n\t\t\t\t<div class=\"elementor-widget-container\">\n\t\t\t<style>\/*! elementor - v3.23.0 - 05-08-2024 *\/\n.elementor-column .elementor-spacer-inner{height:var(--spacer-size)}.e-con{--container-widget-width:100%}.e-con-inner>.elementor-widget-spacer,.e-con>.elementor-widget-spacer{width:var(--container-widget-width,var(--spacer-size));--align-self:var(--container-widget-align-self,initial);--flex-shrink:0}.e-con-inner>.elementor-widget-spacer>.elementor-widget-container,.e-con>.elementor-widget-spacer>.elementor-widget-container{height:100%;width:100%}.e-con-inner>.elementor-widget-spacer>.elementor-widget-container>.elementor-spacer,.e-con>.elementor-widget-spacer>.elementor-widget-container>.elementor-spacer{height:100%}.e-con-inner>.elementor-widget-spacer>.elementor-widget-container>.elementor-spacer>.elementor-spacer-inner,.e-con>.elementor-widget-spacer>.elementor-widget-container>.elementor-spacer>.elementor-spacer-inner{height:var(--container-widget-height,var(--spacer-size))}.e-con-inner>.elementor-widget-spacer.elementor-widget-empty,.e-con>.elementor-widget-spacer.elementor-widget-empty{position:relative;min-height:22px;min-width:22px}.e-con-inner>.elementor-widget-spacer.elementor-widget-empty .elementor-widget-empty-icon,.e-con>.elementor-widget-spacer.elementor-widget-empty .elementor-widget-empty-icon{position:absolute;top:0;bottom:0;left:0;right:0;margin:auto;padding:0;width:22px;height:22px}<\/style>\t\t<div class=\"elementor-spacer\">\n\t\t\t<div class=\"elementor-spacer-inner\"><\/div>\n\t\t<\/div>\n\t\t\t\t<\/div>\n\t\t\t\t<\/div>\n\t\t\t\t<div class=\"elementor-element elementor-element-6602eb9c elementor-widget__width-initial elementor-widget elementor-widget-heading\" data-id=\"6602eb9c\" data-element_type=\"widget\" data-widget_type=\"heading.default\">\n\t\t\t\t<div class=\"elementor-widget-container\">\n\t\t\t<style>\/*! elementor - v3.23.0 - 05-08-2024 *\/\n.elementor-heading-title{padding:0;margin:0;line-height:1}.elementor-widget-heading .elementor-heading-title[class*=elementor-size-]>a{color:inherit;font-size:inherit;line-height:inherit}.elementor-widget-heading .elementor-heading-title.elementor-size-small{font-size:15px}.elementor-widget-heading .elementor-heading-title.elementor-size-medium{font-size:19px}.elementor-widget-heading .elementor-heading-title.elementor-size-large{font-size:29px}.elementor-widget-heading .elementor-heading-title.elementor-size-xl{font-size:39px}.elementor-widget-heading .elementor-heading-title.elementor-size-xxl{font-size:59px}<\/style><h1 class=\"elementor-heading-title elementor-size-default\">Unser Blog - Amazon<\/h1>\t\t<\/div>\n\t\t\t\t<\/div>\n\t\t\t\t<div class=\"elementor-element elementor-element-385fbf8f elementor-widget elementor-widget-text-editor\" data-id=\"385fbf8f\" data-element_type=\"widget\" data-widget_type=\"text-editor.default\">\n\t\t\t\t<div class=\"elementor-widget-container\">\n\t\t\t<style>\/*! elementor - v3.23.0 - 05-08-2024 *\/\n.elementor-widget-text-editor.elementor-drop-cap-view-stacked .elementor-drop-cap{background-color:#69727d;color:#fff}.elementor-widget-text-editor.elementor-drop-cap-view-framed .elementor-drop-cap{color:#69727d;border:3px solid;background-color:transparent}.elementor-widget-text-editor:not(.elementor-drop-cap-view-default) .elementor-drop-cap{margin-top:8px}.elementor-widget-text-editor:not(.elementor-drop-cap-view-default) .elementor-drop-cap-letter{width:1em;height:1em}.elementor-widget-text-editor .elementor-drop-cap{float:left;text-align:center;line-height:1;font-size:50px}.elementor-widget-text-editor .elementor-drop-cap-letter{display:inline-block}<\/style>\t\t\t\t<p>Hier findet ihr Informationen, zu den verschiedensten Themen.<\/p>\t\t\t\t\t\t<\/div>\n\t\t\t\t<\/div>\n\t\t<div class=\"elementor-element elementor-element-209fde85 e-grid e-con-full lakit-col-width-auto-no e-container e-con e-child\" data-id=\"209fde85\" data-element_type=\"container\">\n\t\t\t\t<div class=\"elementor-element elementor-element-4befc766 elementor-align-left elementor-mobile-align-center elementor-widget elementor-widget-button\" data-id=\"4befc766\" data-element_type=\"widget\" data-widget_type=\"button.default\">\n\t\t\t\t<div class=\"elementor-widget-container\">\n\t\t\t\t\t<div class=\"elementor-button-wrapper\">\n\t\t\t<a class=\"elementor-button elementor-button-link elementor-size-sm\" href=\"https:\/\/www.starsellersworld.com\/intl\/test\/\">\n\t\t\t\t\t\t<span class=\"elementor-button-content-wrapper\">\n\t\t\t\t\t\t\t\t\t<span class=\"elementor-button-text\">Jetzt Testen<\/span>\n\t\t\t\t\t<\/span>\n\t\t\t\t\t<\/a>\n\t\t<\/div>\n\t\t\t\t<\/div>\n\t\t\t\t<\/div>\n\t\t\t\t<div class=\"elementor-element elementor-element-74e2aace elementor-mobile-align-center elementor-widget elementor-widget-button\" data-id=\"74e2aace\" data-element_type=\"widget\" data-widget_type=\"button.default\">\n\t\t\t\t<div class=\"elementor-widget-container\">\n\t\t\t\t\t<div class=\"elementor-button-wrapper\">\n\t\t\t<a class=\"elementor-button elementor-button-link elementor-size-sm\" href=\"#inhalt\">\n\t\t\t\t\t\t<span class=\"elementor-button-content-wrapper\">\n\t\t\t\t\t\t\t\t\t<span class=\"elementor-button-text\">Mehr Erfahren<\/span>\n\t\t\t\t\t<\/span>\n\t\t\t\t\t<\/a>\n\t\t<\/div>\n\t\t\t\t<\/div>\n\t\t\t\t<\/div>\n\t\t\t\t<\/div>\n\t\t\t\t<\/div>\n\t\t<div class=\"elementor-element elementor-element-78da1992 e-con-full e-flex lakit-col-width-auto-no e-container e-con e-child\" data-id=\"78da1992\" data-element_type=\"container\">\n\t\t\t\t<div class=\"elementor-element elementor-element-3ecdef17 elementor-widget elementor-widget-image\" data-id=\"3ecdef17\" data-element_type=\"widget\" data-widget_type=\"image.default\">\n\t\t\t\t<div class=\"elementor-widget-container\">\n\t\t\t<style>\/*! elementor - v3.23.0 - 05-08-2024 *\/\n.elementor-widget-image{text-align:center}.elementor-widget-image a{display:inline-block}.elementor-widget-image a img[src$=\".svg\"]{width:48px}.elementor-widget-image img{vertical-align:middle;display:inline-block}<\/style>\t\t\t\t\t\t\t\t\t\t<img fetchpriority=\"high\" decoding=\"async\" width=\"768\" height=\"768\" src=\"https:\/\/www.starsellersworld.com\/intl\/wp-content\/uploads\/2024\/10\/Amazon-Repricer1-768x768.png\" class=\"attachment-medium_large size-medium_large wp-image-8960\" alt=\"\" srcset=\"https:\/\/www.starsellersworld.com\/intl\/wp-content\/uploads\/2024\/10\/Amazon-Repricer1-768x768.png 768w, https:\/\/www.starsellersworld.com\/intl\/wp-content\/uploads\/2024\/10\/elementor\/thumbs\/Amazon-Repricer1-qvcixr84sztnyc202b7o7c06vbwljkyqmf1qsqn7aw.png 300w, https:\/\/www.starsellersworld.com\/intl\/wp-content\/uploads\/2024\/10\/Amazon-Repricer1-1024x1024.png 1024w, https:\/\/www.starsellersworld.com\/intl\/wp-content\/uploads\/2024\/10\/Amazon-Repricer1-150x150.png 150w, https:\/\/www.starsellersworld.com\/intl\/wp-content\/uploads\/2024\/10\/Amazon-Repricer1-1536x1536.png 1536w, https:\/\/www.starsellersworld.com\/intl\/wp-content\/uploads\/2024\/10\/Amazon-Repricer1-2048x2048.png 2048w, https:\/\/www.starsellersworld.com\/intl\/wp-content\/uploads\/2024\/10\/elementor\/thumbs\/Amazon-Repricer1-qvcixr860um3kc7qh82ubeujwo487c6gi7mwy54fc0.png 400w\" sizes=\"(max-width: 768px) 100vw, 768px\" \/>\t\t\t\t\t\t\t\t\t\t\t\t\t<\/div>\n\t\t\t\t<\/div>\n\t\t\t\t<\/div>\n\t\t\t\t\t<\/div>\n\t\t\t\t<\/div>\n\t\t<div class=\"elementor-element elementor-element-6a300d5d e-flex e-con-boxed lakit-col-width-auto-no e-container e-root-container elementor-top-section e-con e-parent\" data-id=\"6a300d5d\" data-element_type=\"container\">\n\t\t\t\t\t<div class=\"e-con-inner\">\n\t\t<div class=\"elementor-element elementor-element-69f4500a e-con-full e-flex lakit-col-width-auto-no e-container e-con e-child\" data-id=\"69f4500a\" data-element_type=\"container\">\n\t\t<div class=\"elementor-element elementor-element-43293dc1 e-con-full e-flex lakit-col-width-auto-no e-container e-con e-child\" data-id=\"43293dc1\" data-element_type=\"container\" data-settings=\"{&quot;background_background&quot;:&quot;classic&quot;}\">\n\t\t\t\t<div class=\"elementor-element elementor-element-762fb5cb elementor-icon-list--layout-traditional elementor-list-item-link-full_width elementor-widget elementor-widget-icon-list\" data-id=\"762fb5cb\" data-element_type=\"widget\" data-widget_type=\"icon-list.default\">\n\t\t\t\t<div class=\"elementor-widget-container\">\n\t\t\t<link rel=\"stylesheet\" href=\"https:\/\/www.starsellersworld.com\/intl\/wp-content\/uploads\/elementor\/css\/custom-widget-icon-list.min.css?ver=1728468537\">\t\t<ul class=\"elementor-icon-list-items\">\n\t\t\t\t\t\t\t<li class=\"elementor-icon-list-item\">\n\t\t\t\t\t\t\t\t\t\t\t<span class=\"elementor-icon-list-icon\">\n\t\t\t\t\t\t\t<svg aria-hidden=\"true\" class=\"e-font-icon-svg e-fab-amazon\" viewBox=\"0 0 448 512\" xmlns=\"http:\/\/www.w3.org\/2000\/svg\"><path d=\"M257.2 162.7c-48.7 1.8-169.5 15.5-169.5 117.5 0 109.5 138.3 114 183.5 43.2 6.5 10.2 35.4 37.5 45.3 46.8l56.8-56S341 288.9 341 261.4V114.3C341 89 316.5 32 228.7 32 140.7 32 94 87 94 136.3l73.5 6.8c16.3-49.5 54.2-49.5 54.2-49.5 40.7-.1 35.5 29.8 35.5 69.1zm0 86.8c0 80-84.2 68-84.2 17.2 0-47.2 50.5-56.7 84.2-57.8v40.6zm136 163.5c-7.7 10-70 67-174.5 67S34.2 408.5 9.7 379c-6.8-7.7 1-11.3 5.5-8.3C88.5 415.2 203 488.5 387.7 401c7.5-3.7 13.3 2 5.5 12zm39.8 2.2c-6.5 15.8-16 26.8-21.2 31-5.5 4.5-9.5 2.7-6.5-3.8s19.3-46.5 12.7-55c-6.5-8.3-37-4.3-48-3.2-10.8 1-13 2-14-.3-2.3-5.7 21.7-15.5 37.5-17.5 15.7-1.8 41-.8 46 5.7 3.7 5.1 0 27.1-6.5 43.1z\"><\/path><\/svg>\t\t\t\t\t\t<\/span>\n\t\t\t\t\t\t\t\t\t\t<span class=\"elementor-icon-list-text\">Amazon<\/span>\n\t\t\t\t\t\t\t\t\t<\/li>\n\t\t\t\t\t\t<\/ul>\n\t\t\t\t<\/div>\n\t\t\t\t<\/div>\n\t\t\t\t<\/div>\n\t\t\t\t<\/div>\n\t\t\t\t\t<\/div>\n\t\t\t\t<\/div>\n\t\t<div class=\"elementor-element elementor-element-5607d85a e-flex e-con-boxed lakit-col-width-auto-no e-container e-root-container elementor-top-section e-con e-parent\" data-id=\"5607d85a\" data-element_type=\"container\">\n\t\t\t\t\t<div class=\"e-con-inner\">\n\t\t\t\t<div class=\"elementor-element elementor-element-1f0adc3 elementor-grid-3 elementor-grid-tablet-2 elementor-grid-mobile-1 elementor-posts--thumbnail-top elementor-card-shadow-yes elementor-posts__hover-gradient elementor-widget elementor-widget-posts\" data-id=\"1f0adc3\" data-element_type=\"widget\" data-settings=\"{&quot;cards_row_gap&quot;:{&quot;unit&quot;:&quot;px&quot;,&quot;size&quot;:15,&quot;sizes&quot;:[]},&quot;cards_columns&quot;:&quot;3&quot;,&quot;cards_columns_tablet&quot;:&quot;2&quot;,&quot;cards_columns_mobile&quot;:&quot;1&quot;,&quot;cards_row_gap_tablet_extra&quot;:{&quot;unit&quot;:&quot;px&quot;,&quot;size&quot;:&quot;&quot;,&quot;sizes&quot;:[]},&quot;cards_row_gap_tablet&quot;:{&quot;unit&quot;:&quot;px&quot;,&quot;size&quot;:&quot;&quot;,&quot;sizes&quot;:[]},&quot;cards_row_gap_mobile&quot;:{&quot;unit&quot;:&quot;px&quot;,&quot;size&quot;:&quot;&quot;,&quot;sizes&quot;:[]}}\" data-widget_type=\"posts.cards\">\n\t\t\t\t<div class=\"elementor-widget-container\">\n\t\t\t<link rel=\"stylesheet\" href=\"https:\/\/www.starsellersworld.com\/intl\/wp-content\/plugins\/elementor-pro\/assets\/css\/widget-posts.min.css?ver=1724755417\">\t\t<div class=\"elementor-posts-container elementor-posts elementor-posts--skin-cards elementor-grid\">\n\t\t\t\t<article class=\"elementor-post elementor-grid-item post-13087 post type-post status-publish format-standard has-post-thumbnail hentry category-unkategorisiert\">\n\t\t\t<div class=\"elementor-post__card\">\n\t\t\t\t<a class=\"elementor-post__thumbnail__link\" href=\"https:\/\/www.starsellersworld.com\/intl\/grossstoerung-bei-fuehrendem-online-marktplatz-checkout-zeitweise-nicht-verfuegbar\/\" tabindex=\"-1\" target=\"_blank\"><div class=\"elementor-post__thumbnail\"><img decoding=\"async\" width=\"768\" height=\"512\" src=\"https:\/\/www.starsellersworld.com\/intl\/wp-content\/uploads\/2026\/02\/image-1-768x512.png\" class=\"attachment-medium_large size-medium_large wp-image-13088\" alt=\"\" srcset=\"https:\/\/www.starsellersworld.com\/intl\/wp-content\/uploads\/2026\/02\/image-1-768x512.png 768w, https:\/\/www.starsellersworld.com\/intl\/wp-content\/uploads\/2026\/02\/image-1-300x200.png 300w, https:\/\/www.starsellersworld.com\/intl\/wp-content\/uploads\/2026\/02\/image-1-1024x683.png 1024w, https:\/\/www.starsellersworld.com\/intl\/wp-content\/uploads\/2026\/02\/image-1.png 1536w\" sizes=\"(max-width: 768px) 100vw, 768px\" \/><\/div><\/a>\n\t\t\t\t<div class=\"elementor-post__text\">\n\t\t\t\t<h3 class=\"elementor-post__title\">\n\t\t\t<a href=\"https:\/\/www.starsellersworld.com\/intl\/grossstoerung-bei-fuehrendem-online-marktplatz-checkout-zeitweise-nicht-verfuegbar\/\" target=&quot;_blank&quot;>\n\t\t\t\tGro\u00dfst\u00f6rung bei f\u00fchrendem Online-Marktplatz: Checkout zeitweise nicht verf\u00fcgbar\t\t\t<\/a>\n\t\t<\/h3>\n\t\t\t\t<div class=\"elementor-post__excerpt\">\n\t\t\t<p>Mehrst\u00fcndige<\/p>\n\t\t<\/div>\n\t\t\t\t\t<div class=\"elementor-post__read-more-wrapper\">\n\t\t\n\t\t<a class=\"elementor-post__read-more\" href=\"https:\/\/www.starsellersworld.com\/intl\/grossstoerung-bei-fuehrendem-online-marktplatz-checkout-zeitweise-nicht-verfuegbar\/\" aria-label=\"Mehr \u00fcber Gro\u00dfst\u00f6rung bei f\u00fchrendem Online-Marktplatz: Checkout zeitweise nicht verf\u00fcgbar\" tabindex=\"-1\" target=\"_blank\">\n\t\t\tWeiterlesen \u00bb\t\t<\/a>\n\n\t\t\t\t\t<\/div>\n\t\t\t\t<\/div>\n\t\t\t\t<div class=\"elementor-post__meta-data\">\n\t\t\t\t\t<span class=\"elementor-post-date\">\n\t\t\t28. Februar 2026\t\t<\/span>\n\t\t\t\t<\/div>\n\t\t\t\t\t<\/div>\n\t\t<\/article>\n\t\t\t\t<article class=\"elementor-post elementor-grid-item post-12876 post type-post status-publish format-standard has-post-thumbnail hentry category-unkategorisiert\">\n\t\t\t<div class=\"elementor-post__card\">\n\t\t\t\t<a class=\"elementor-post__thumbnail__link\" href=\"https:\/\/www.starsellersworld.com\/intl\/bundeskartellamt-untersagt-amazon-eingriffe-in-haendlerpreise-signalwirkung-mit-begrenzter-wirtschaftlicher-tragweite\/\" tabindex=\"-1\" target=\"_blank\"><div class=\"elementor-post__thumbnail\"><img decoding=\"async\" width=\"768\" height=\"512\" src=\"https:\/\/www.starsellersworld.com\/intl\/wp-content\/uploads\/2026\/02\/ChatGPT-Image-5.-Feb.-2026-20_54_51-768x512.png\" class=\"attachment-medium_large size-medium_large wp-image-12882\" alt=\"\" srcset=\"https:\/\/www.starsellersworld.com\/intl\/wp-content\/uploads\/2026\/02\/ChatGPT-Image-5.-Feb.-2026-20_54_51-768x512.png 768w, https:\/\/www.starsellersworld.com\/intl\/wp-content\/uploads\/2026\/02\/ChatGPT-Image-5.-Feb.-2026-20_54_51-300x200.png 300w, https:\/\/www.starsellersworld.com\/intl\/wp-content\/uploads\/2026\/02\/ChatGPT-Image-5.-Feb.-2026-20_54_51-1024x683.png 1024w, https:\/\/www.starsellersworld.com\/intl\/wp-content\/uploads\/2026\/02\/ChatGPT-Image-5.-Feb.-2026-20_54_51.png 1536w\" sizes=\"(max-width: 768px) 100vw, 768px\" \/><\/div><\/a>\n\t\t\t\t<div class=\"elementor-post__text\">\n\t\t\t\t<h3 class=\"elementor-post__title\">\n\t\t\t<a href=\"https:\/\/www.starsellersworld.com\/intl\/bundeskartellamt-untersagt-amazon-eingriffe-in-haendlerpreise-signalwirkung-mit-begrenzter-wirtschaftlicher-tragweite\/\" target=&quot;_blank&quot;>\n\t\t\t\tBundeskartellamt untersagt Amazon Eingriffe in H\u00e4ndlerpreise \u2013 Signalwirkung mit begrenzter wirtschaftlicher Tragweite\t\t\t<\/a>\n\t\t<\/h3>\n\t\t\t\t<div class=\"elementor-post__excerpt\">\n\t\t\t<p>Das<\/p>\n\t\t<\/div>\n\t\t\t\t\t<div class=\"elementor-post__read-more-wrapper\">\n\t\t\n\t\t<a class=\"elementor-post__read-more\" href=\"https:\/\/www.starsellersworld.com\/intl\/bundeskartellamt-untersagt-amazon-eingriffe-in-haendlerpreise-signalwirkung-mit-begrenzter-wirtschaftlicher-tragweite\/\" aria-label=\"Mehr \u00fcber Bundeskartellamt untersagt Amazon Eingriffe in H\u00e4ndlerpreise \u2013 Signalwirkung mit begrenzter wirtschaftlicher Tragweite\" tabindex=\"-1\" target=\"_blank\">\n\t\t\tWeiterlesen \u00bb\t\t<\/a>\n\n\t\t\t\t\t<\/div>\n\t\t\t\t<\/div>\n\t\t\t\t<div class=\"elementor-post__meta-data\">\n\t\t\t\t\t<span class=\"elementor-post-date\">\n\t\t\t5. Februar 2026\t\t<\/span>\n\t\t\t\t<\/div>\n\t\t\t\t\t<\/div>\n\t\t<\/article>\n\t\t\t\t<article class=\"elementor-post elementor-grid-item post-12857 post type-post status-publish format-standard has-post-thumbnail hentry category-unkategorisiert\">\n\t\t\t<div class=\"elementor-post__card\">\n\t\t\t\t<a class=\"elementor-post__thumbnail__link\" href=\"https:\/\/www.starsellersworld.com\/intl\/neues-ebay-artikelmerkmal-eprel-registrierungsnummer-was-haendler-und-integratoren-jetzt-wissen-muessen\/\" tabindex=\"-1\" target=\"_blank\"><div class=\"elementor-post__thumbnail\"><img loading=\"lazy\" decoding=\"async\" width=\"768\" height=\"512\" src=\"https:\/\/www.starsellersworld.com\/intl\/wp-content\/uploads\/2026\/02\/ChatGPT-Image-1.-Feb.-2026-16_20_54-768x512.png\" class=\"attachment-medium_large size-medium_large wp-image-12858\" alt=\"\" srcset=\"https:\/\/www.starsellersworld.com\/intl\/wp-content\/uploads\/2026\/02\/ChatGPT-Image-1.-Feb.-2026-16_20_54-768x512.png 768w, https:\/\/www.starsellersworld.com\/intl\/wp-content\/uploads\/2026\/02\/ChatGPT-Image-1.-Feb.-2026-16_20_54-300x200.png 300w, https:\/\/www.starsellersworld.com\/intl\/wp-content\/uploads\/2026\/02\/ChatGPT-Image-1.-Feb.-2026-16_20_54-1024x683.png 1024w, https:\/\/www.starsellersworld.com\/intl\/wp-content\/uploads\/2026\/02\/ChatGPT-Image-1.-Feb.-2026-16_20_54.png 1536w\" sizes=\"(max-width: 768px) 100vw, 768px\" \/><\/div><\/a>\n\t\t\t\t<div class=\"elementor-post__text\">\n\t\t\t\t<h3 class=\"elementor-post__title\">\n\t\t\t<a href=\"https:\/\/www.starsellersworld.com\/intl\/neues-ebay-artikelmerkmal-eprel-registrierungsnummer-was-haendler-und-integratoren-jetzt-wissen-muessen\/\" target=&quot;_blank&quot;>\n\t\t\t\tNeues eBay-Artikelmerkmal: EPREL-Registrierungsnummer \u2013 was H\u00e4ndler jetzt wissen m\u00fcssen\t\t\t<\/a>\n\t\t<\/h3>\n\t\t\t\t<div class=\"elementor-post__excerpt\">\n\t\t\t<p>Mit<\/p>\n\t\t<\/div>\n\t\t\t\t\t<div class=\"elementor-post__read-more-wrapper\">\n\t\t\n\t\t<a class=\"elementor-post__read-more\" href=\"https:\/\/www.starsellersworld.com\/intl\/neues-ebay-artikelmerkmal-eprel-registrierungsnummer-was-haendler-und-integratoren-jetzt-wissen-muessen\/\" aria-label=\"Mehr \u00fcber Neues eBay-Artikelmerkmal: EPREL-Registrierungsnummer \u2013 was H\u00e4ndler jetzt wissen m\u00fcssen\" tabindex=\"-1\" target=\"_blank\">\n\t\t\tWeiterlesen \u00bb\t\t<\/a>\n\n\t\t\t\t\t<\/div>\n\t\t\t\t<\/div>\n\t\t\t\t<div class=\"elementor-post__meta-data\">\n\t\t\t\t\t<span class=\"elementor-post-date\">\n\t\t\t1. Februar 2026\t\t<\/span>\n\t\t\t\t<\/div>\n\t\t\t\t\t<\/div>\n\t\t<\/article>\n\t\t\t\t<article class=\"elementor-post elementor-grid-item post-12782 post type-post status-publish format-standard hentry category-unkategorisiert\">\n\t\t\t<div class=\"elementor-post__card\">\n\t\t\t\t<div class=\"elementor-post__text\">\n\t\t\t\t<h3 class=\"elementor-post__title\">\n\t\t\t<a href=\"https:\/\/www.starsellersworld.com\/intl\/amazon-vor-kurswechsel-warum-das-comingling-prinzip-im-fulfilment-center-vor-dem-aus-steht\/\" target=&quot;_blank&quot;>\n\t\t\t\tAmazon vor Kurswechsel: Warum das Comingling-Prinzip im Fulfilment-Center vor dem Aus steht\t\t\t<\/a>\n\t\t<\/h3>\n\t\t\t\t<div class=\"elementor-post__excerpt\">\n\t\t\t<p>Eine<\/p>\n\t\t<\/div>\n\t\t\t\t\t<div class=\"elementor-post__read-more-wrapper\">\n\t\t\n\t\t<a class=\"elementor-post__read-more\" href=\"https:\/\/www.starsellersworld.com\/intl\/amazon-vor-kurswechsel-warum-das-comingling-prinzip-im-fulfilment-center-vor-dem-aus-steht\/\" aria-label=\"Mehr \u00fcber Amazon vor Kurswechsel: Warum das Comingling-Prinzip im Fulfilment-Center vor dem Aus steht\" tabindex=\"-1\" target=\"_blank\">\n\t\t\tWeiterlesen \u00bb\t\t<\/a>\n\n\t\t\t\t\t<\/div>\n\t\t\t\t<\/div>\n\t\t\t\t<div class=\"elementor-post__meta-data\">\n\t\t\t\t\t<span class=\"elementor-post-date\">\n\t\t\t24. Januar 2026\t\t<\/span>\n\t\t\t\t<\/div>\n\t\t\t\t\t<\/div>\n\t\t<\/article>\n\t\t\t\t<article class=\"elementor-post elementor-grid-item post-12269 post type-post status-publish format-standard hentry category-unkategorisiert\">\n\t\t\t<div class=\"elementor-post__card\">\n\t\t\t\t<div class=\"elementor-post__text\">\n\t\t\t\t<h3 class=\"elementor-post__title\">\n\t\t\t<a href=\"https:\/\/www.starsellersworld.com\/intl\/blog-chris\/\" target=&quot;_blank&quot;>\n\t\t\t\tBlog-Chris\t\t\t<\/a>\n\t\t<\/h3>\n\t\t\t\t<div class=\"elementor-post__excerpt\">\n\t\t\t\t\t<\/div>\n\t\t\t\t\t<div class=\"elementor-post__read-more-wrapper\">\n\t\t\n\t\t<a class=\"elementor-post__read-more\" href=\"https:\/\/www.starsellersworld.com\/intl\/blog-chris\/\" aria-label=\"Mehr \u00fcber Blog-Chris\" tabindex=\"-1\" target=\"_blank\">\n\t\t\tWeiterlesen \u00bb\t\t<\/a>\n\n\t\t\t\t\t<\/div>\n\t\t\t\t<\/div>\n\t\t\t\t<div class=\"elementor-post__meta-data\">\n\t\t\t\t\t<span class=\"elementor-post-date\">\n\t\t\t16. April 2025\t\t<\/span>\n\t\t\t\t<\/div>\n\t\t\t\t\t<\/div>\n\t\t<\/article>\n\t\t\t\t<article class=\"elementor-post elementor-grid-item post-11881 post type-post status-publish format-standard hentry category-glossar\">\n\t\t\t<div class=\"elementor-post__card\">\n\t\t\t\t<div class=\"elementor-post__text\">\n\t\t\t\t<h3 class=\"elementor-post__title\">\n\t\t\t<a href=\"https:\/\/www.starsellersworld.com\/intl\/ebay-beta\/\" target=&quot;_blank&quot;>\n\t\t\t\tEbay Beta\t\t\t<\/a>\n\t\t<\/h3>\n\t\t\t\t<div class=\"elementor-post__excerpt\">\n\t\t\t<p>Ebay<\/p>\n\t\t<\/div>\n\t\t\t\t\t<div class=\"elementor-post__read-more-wrapper\">\n\t\t\n\t\t<a class=\"elementor-post__read-more\" href=\"https:\/\/www.starsellersworld.com\/intl\/ebay-beta\/\" aria-label=\"Mehr \u00fcber Ebay Beta\" tabindex=\"-1\" target=\"_blank\">\n\t\t\tWeiterlesen \u00bb\t\t<\/a>\n\n\t\t\t\t\t<\/div>\n\t\t\t\t<\/div>\n\t\t\t\t<div class=\"elementor-post__meta-data\">\n\t\t\t\t\t<span class=\"elementor-post-date\">\n\t\t\t4. M\u00e4rz 2025\t\t<\/span>\n\t\t\t\t<\/div>\n\t\t\t\t\t<\/div>\n\t\t<\/article>\n\t\t\t\t<\/div>\n\t\t\n\t\t\t\t<\/div>\n\t\t\t\t<\/div>\n\t\t\t\t\t<\/div>\n\t\t\t\t<\/div>\n\t\t\t\t<\/div>\n\t\t","protected":false},"excerpt":{"rendered":"<p>Unser Blog &#8211; Amazon Hier findet ihr Informationen, zu den verschiedensten Themen. Jetzt Testen Mehr Erfahren Amazon<\/p>\n","protected":false},"author":1406,"featured_media":0,"parent":0,"menu_order":0,"comment_status":"closed","ping_status":"closed","template":"","meta":{"_exactmetrics_skip_tracking":false,"_exactmetrics_sitenote_active":false,"_exactmetrics_sitenote_note":"","_exactmetrics_sitenote_category":0,"footnotes":""},"class_list":["post-11640","page","type-page","status-publish","hentry"],"aioseo_notices":[],"_links":{"self":[{"href":"https:\/\/www.starsellersworld.com\/intl\/wp-json\/wp\/v2\/pages\/11640","targetHints":{"allow":["GET"]}}],"collection":[{"href":"https:\/\/www.starsellersworld.com\/intl\/wp-json\/wp\/v2\/pages"}],"about":[{"href":"https:\/\/www.starsellersworld.com\/intl\/wp-json\/wp\/v2\/types\/page"}],"author":[{"embeddable":true,"href":"https:\/\/www.starsellersworld.com\/intl\/wp-json\/wp\/v2\/users\/1406"}],"replies":[{"embeddable":true,"href":"https:\/\/www.starsellersworld.com\/intl\/wp-json\/wp\/v2\/comments?post=11640"}],"version-history":[{"count":7,"href":"https:\/\/www.starsellersworld.com\/intl\/wp-json\/wp\/v2\/pages\/11640\/revisions"}],"predecessor-version":[{"id":11679,"href":"https:\/\/www.starsellersworld.com\/intl\/wp-json\/wp\/v2\/pages\/11640\/revisions\/11679"}],"wp:attachment":[{"href":"https:\/\/www.starsellersworld.com\/intl\/wp-json\/wp\/v2\/media?parent=11640"}],"curies":[{"name":"wp","href":"https:\/\/api.w.org\/{rel}","templated":true}]}}