{"id":12021,"date":"2025-03-25T12:38:11","date_gmt":"2025-03-25T11:38:11","guid":{"rendered":"https:\/\/www.starsellersworld.com\/intl\/?page_id=12021"},"modified":"2026-01-09T15:29:58","modified_gmt":"2026-01-09T14:29:58","slug":"automation-zusammenfassung","status":"publish","type":"page","link":"https:\/\/www.starsellersworld.com\/intl\/automation-zusammenfassung\/","title":{"rendered":"Automation zusammenfassung"},"content":{"rendered":"\t\t<div data-elementor-type=\"wp-page\" data-elementor-id=\"12021\" class=\"elementor elementor-12021\" data-elementor-post-type=\"page\">\n\t\t\t\t<div class=\"elementor-element elementor-element-5f65703 e-flex e-con-boxed lakit-col-width-auto-no e-container e-root-container elementor-top-section e-con e-parent\" data-id=\"5f65703\" data-element_type=\"container\">\n\t\t\t\t\t<div class=\"e-con-inner\">\n\t\t\t\t<div class=\"elementor-element elementor-element-6a446d0 elementor-widget elementor-widget-heading\" data-id=\"6a446d0\" data-element_type=\"widget\" data-widget_type=\"heading.default\">\n\t\t\t\t<div class=\"elementor-widget-container\">\n\t\t\t<style>\/*! elementor - v3.23.0 - 05-08-2024 *\/\n.elementor-heading-title{padding:0;margin:0;line-height:1}.elementor-widget-heading .elementor-heading-title[class*=elementor-size-]>a{color:inherit;font-size:inherit;line-height:inherit}.elementor-widget-heading .elementor-heading-title.elementor-size-small{font-size:15px}.elementor-widget-heading .elementor-heading-title.elementor-size-medium{font-size:19px}.elementor-widget-heading .elementor-heading-title.elementor-size-large{font-size:29px}.elementor-widget-heading .elementor-heading-title.elementor-size-xl{font-size:39px}.elementor-widget-heading .elementor-heading-title.elementor-size-xxl{font-size:59px}<\/style><h2 class=\"elementor-heading-title elementor-size-default\">Automation zusammenfassung<\/h2>\t\t<\/div>\n\t\t\t\t<\/div>\n\t\t\t\t\t<\/div>\n\t\t\t\t<\/div>\n\t\t<div class=\"elementor-element elementor-element-f7fbbca e-flex e-con-boxed lakit-col-width-auto-no e-container e-root-container elementor-top-section e-con e-parent\" data-id=\"f7fbbca\" data-element_type=\"container\">\n\t\t\t\t\t<div class=\"e-con-inner\">\n\t\t\t\t<div class=\"elementor-element elementor-element-8dda3c8 elementor-widget elementor-widget-text-editor\" data-id=\"8dda3c8\" data-element_type=\"widget\" data-widget_type=\"text-editor.default\">\n\t\t\t\t<div class=\"elementor-widget-container\">\n\t\t\t<style>\/*! elementor - v3.23.0 - 05-08-2024 *\/\n.elementor-widget-text-editor.elementor-drop-cap-view-stacked .elementor-drop-cap{background-color:#69727d;color:#fff}.elementor-widget-text-editor.elementor-drop-cap-view-framed .elementor-drop-cap{color:#69727d;border:3px solid;background-color:transparent}.elementor-widget-text-editor:not(.elementor-drop-cap-view-default) .elementor-drop-cap{margin-top:8px}.elementor-widget-text-editor:not(.elementor-drop-cap-view-default) .elementor-drop-cap-letter{width:1em;height:1em}.elementor-widget-text-editor .elementor-drop-cap{float:left;text-align:center;line-height:1;font-size:50px}.elementor-widget-text-editor .elementor-drop-cap-letter{display:inline-block}<\/style>\t\t\t\t<p class=\"\" data-start=\"0\" data-end=\"312\">Starsellersworld optimiert Handelsprozesse mit Hilfe von K\u00fcnstlicher Intelligenz (Machine Learning) und steigert Effizienz sowie Wirtschaftlichkeit. Das modulare System l\u00f6st intelligent Zielkonflikte zwischen Vertriebsvorgaben wie Marge, St\u00fcckzahl und Umsatz und ber\u00fccksichtigt dabei zugleich die Gesamtkosten.<\/p><p class=\"\" data-start=\"314\" data-end=\"432\">Die Plattform bietet eine frei konfigurierbare, automatisierte Echtzeit-Preisberechnung und direkte Daten\u00fcbermittlung.<\/p><p class=\"\" data-start=\"434\" data-end=\"701\">Die Nutzung erfolgt einfach in drei Schritten: kostenlosen Account einrichten, individuelle Ziele definieren und unmittelbar erste Analysen und Optimierungen starten. Einmal eingerichtet, arbeitet das System dauerhaft automatisiert, um Verk\u00e4ufe m\u00fchelos zu maximieren.<\/p>\t\t\t\t\t\t<\/div>\n\t\t\t\t<\/div>\n\t\t\t\t\t<\/div>\n\t\t\t\t<\/div>\n\t\t\t\t<\/div>\n\t\t","protected":false},"excerpt":{"rendered":"<p>Automation zusammenfassung Starsellersworld optimiert Handelsprozesse mit Hilfe von K\u00fcnstlicher Intelligenz (Machine Learning) und steigert Effizienz sowie Wirtschaftlichkeit. Das modulare System l\u00f6st intelligent Zielkonflikte zwischen Vertriebsvorgaben wie Marge, St\u00fcckzahl und Umsatz und ber\u00fccksichtigt dabei zugleich die Gesamtkosten. Die Plattform bietet eine frei konfigurierbare, automatisierte Echtzeit-Preisberechnung und direkte Daten\u00fcbermittlung. Die Nutzung erfolgt einfach in drei Schritten: kostenlosen [&hellip;]<\/p>\n","protected":false},"author":1406,"featured_media":0,"parent":0,"menu_order":0,"comment_status":"closed","ping_status":"closed","template":"","meta":{"_exactmetrics_skip_tracking":false,"_exactmetrics_sitenote_active":false,"_exactmetrics_sitenote_note":"","_exactmetrics_sitenote_category":0,"footnotes":""},"class_list":["post-12021","page","type-page","status-publish","hentry"],"aioseo_notices":[],"_links":{"self":[{"href":"https:\/\/www.starsellersworld.com\/intl\/wp-json\/wp\/v2\/pages\/12021","targetHints":{"allow":["GET"]}}],"collection":[{"href":"https:\/\/www.starsellersworld.com\/intl\/wp-json\/wp\/v2\/pages"}],"about":[{"href":"https:\/\/www.starsellersworld.com\/intl\/wp-json\/wp\/v2\/types\/page"}],"author":[{"embeddable":true,"href":"https:\/\/www.starsellersworld.com\/intl\/wp-json\/wp\/v2\/users\/1406"}],"replies":[{"embeddable":true,"href":"https:\/\/www.starsellersworld.com\/intl\/wp-json\/wp\/v2\/comments?post=12021"}],"version-history":[{"count":7,"href":"https:\/\/www.starsellersworld.com\/intl\/wp-json\/wp\/v2\/pages\/12021\/revisions"}],"predecessor-version":[{"id":12653,"href":"https:\/\/www.starsellersworld.com\/intl\/wp-json\/wp\/v2\/pages\/12021\/revisions\/12653"}],"wp:attachment":[{"href":"https:\/\/www.starsellersworld.com\/intl\/wp-json\/wp\/v2\/media?parent=12021"}],"curies":[{"name":"wp","href":"https:\/\/api.w.org\/{rel}","templated":true}]}}