{"id":12037,"date":"2025-03-25T12:45:30","date_gmt":"2025-03-25T11:45:30","guid":{"rendered":"https:\/\/www.starsellersworld.com\/intl\/?page_id=12037"},"modified":"2026-01-09T16:25:06","modified_gmt":"2026-01-09T15:25:06","slug":"sicherheit-zusammenfassung","status":"publish","type":"page","link":"https:\/\/www.starsellersworld.com\/intl\/sicherheit-zusammenfassung\/","title":{"rendered":"Sicherheit Zusammenfassung"},"content":{"rendered":"\t\t<div data-elementor-type=\"wp-page\" data-elementor-id=\"12037\" class=\"elementor elementor-12037\" data-elementor-post-type=\"page\">\n\t\t\t\t<div class=\"elementor-element elementor-element-245f2ca e-flex e-con-boxed lakit-col-width-auto-no e-container e-root-container elementor-top-section e-con e-parent\" data-id=\"245f2ca\" data-element_type=\"container\">\n\t\t\t\t\t<div class=\"e-con-inner\">\n\t\t\t\t<div class=\"elementor-element elementor-element-5045603 elementor-widget elementor-widget-heading\" data-id=\"5045603\" data-element_type=\"widget\" data-widget_type=\"heading.default\">\n\t\t\t\t<div class=\"elementor-widget-container\">\n\t\t\t<style>\/*! elementor - v3.23.0 - 05-08-2024 *\/\n.elementor-heading-title{padding:0;margin:0;line-height:1}.elementor-widget-heading .elementor-heading-title[class*=elementor-size-]>a{color:inherit;font-size:inherit;line-height:inherit}.elementor-widget-heading .elementor-heading-title.elementor-size-small{font-size:15px}.elementor-widget-heading .elementor-heading-title.elementor-size-medium{font-size:19px}.elementor-widget-heading .elementor-heading-title.elementor-size-large{font-size:29px}.elementor-widget-heading .elementor-heading-title.elementor-size-xl{font-size:39px}.elementor-widget-heading .elementor-heading-title.elementor-size-xxl{font-size:59px}<\/style><h2 class=\"elementor-heading-title elementor-size-default\">Sicherheit Zusammenfassung<\/h2>\t\t<\/div>\n\t\t\t\t<\/div>\n\t\t\t\t\t<\/div>\n\t\t\t\t<\/div>\n\t\t<div class=\"elementor-element elementor-element-fc06fc0 e-flex e-con-boxed lakit-col-width-auto-no e-container e-root-container elementor-top-section e-con e-parent\" data-id=\"fc06fc0\" data-element_type=\"container\">\n\t\t\t\t\t<div class=\"e-con-inner\">\n\t\t\t\t<div class=\"elementor-element elementor-element-2c23a3f elementor-widget elementor-widget-text-editor\" data-id=\"2c23a3f\" data-element_type=\"widget\" data-widget_type=\"text-editor.default\">\n\t\t\t\t<div class=\"elementor-widget-container\">\n\t\t\t<style>\/*! elementor - v3.23.0 - 05-08-2024 *\/\n.elementor-widget-text-editor.elementor-drop-cap-view-stacked .elementor-drop-cap{background-color:#69727d;color:#fff}.elementor-widget-text-editor.elementor-drop-cap-view-framed .elementor-drop-cap{color:#69727d;border:3px solid;background-color:transparent}.elementor-widget-text-editor:not(.elementor-drop-cap-view-default) .elementor-drop-cap{margin-top:8px}.elementor-widget-text-editor:not(.elementor-drop-cap-view-default) .elementor-drop-cap-letter{width:1em;height:1em}.elementor-widget-text-editor .elementor-drop-cap{float:left;text-align:center;line-height:1;font-size:50px}.elementor-widget-text-editor .elementor-drop-cap-letter{display:inline-block}<\/style>\t\t\t\t<p>Starsellersworld nutzt cloudbasierte KI und Kanban-Technologie, um Gesch\u00e4ftsabl\u00e4ufe intelligent zu automatisieren. Mithilfe von Matching- und Scoring-Algorithmen analysiert das System automatisch Soll- und Istwerte, erkennt kritische Datens\u00e4tze fr\u00fchzeitig und sch\u00fctzt H\u00e4ndler so vor Risiken und Unw\u00e4gbarkeiten. Gleichzeitig optimiert es s\u00e4mtliche Vertriebsprozesse, steigert die Effizienz und sichert Investitionen langfristig ab. Einmal eingerichtet, maximiert Starsellersworld Verk\u00e4ufe dauerhaft \u2013 schnell, einfach und vollautomatisch.<\/p>\t\t\t\t\t\t<\/div>\n\t\t\t\t<\/div>\n\t\t\t\t\t<\/div>\n\t\t\t\t<\/div>\n\t\t\t\t<\/div>\n\t\t","protected":false},"excerpt":{"rendered":"<p>Sicherheit Zusammenfassung Starsellersworld nutzt cloudbasierte KI und Kanban-Technologie, um Gesch\u00e4ftsabl\u00e4ufe intelligent zu automatisieren. Mithilfe von Matching- und Scoring-Algorithmen analysiert das System automatisch Soll- und Istwerte, erkennt kritische Datens\u00e4tze fr\u00fchzeitig und sch\u00fctzt H\u00e4ndler so vor Risiken und Unw\u00e4gbarkeiten. Gleichzeitig optimiert es s\u00e4mtliche Vertriebsprozesse, steigert die Effizienz und sichert Investitionen langfristig ab. Einmal eingerichtet, maximiert Starsellersworld Verk\u00e4ufe [&hellip;]<\/p>\n","protected":false},"author":1406,"featured_media":0,"parent":0,"menu_order":0,"comment_status":"closed","ping_status":"closed","template":"","meta":{"_exactmetrics_skip_tracking":false,"_exactmetrics_sitenote_active":false,"_exactmetrics_sitenote_note":"","_exactmetrics_sitenote_category":0,"footnotes":""},"class_list":["post-12037","page","type-page","status-publish","hentry"],"aioseo_notices":[],"_links":{"self":[{"href":"https:\/\/www.starsellersworld.com\/intl\/wp-json\/wp\/v2\/pages\/12037","targetHints":{"allow":["GET"]}}],"collection":[{"href":"https:\/\/www.starsellersworld.com\/intl\/wp-json\/wp\/v2\/pages"}],"about":[{"href":"https:\/\/www.starsellersworld.com\/intl\/wp-json\/wp\/v2\/types\/page"}],"author":[{"embeddable":true,"href":"https:\/\/www.starsellersworld.com\/intl\/wp-json\/wp\/v2\/users\/1406"}],"replies":[{"embeddable":true,"href":"https:\/\/www.starsellersworld.com\/intl\/wp-json\/wp\/v2\/comments?post=12037"}],"version-history":[{"count":7,"href":"https:\/\/www.starsellersworld.com\/intl\/wp-json\/wp\/v2\/pages\/12037\/revisions"}],"predecessor-version":[{"id":12666,"href":"https:\/\/www.starsellersworld.com\/intl\/wp-json\/wp\/v2\/pages\/12037\/revisions\/12666"}],"wp:attachment":[{"href":"https:\/\/www.starsellersworld.com\/intl\/wp-json\/wp\/v2\/media?parent=12037"}],"curies":[{"name":"wp","href":"https:\/\/api.w.org\/{rel}","templated":true}]}}