{"id":5997,"date":"2024-09-09T11:21:29","date_gmt":"2024-09-09T09:21:29","guid":{"rendered":"https:\/\/www.starsellersworld.com\/intl\/?page_id=5997"},"modified":"2024-09-09T11:22:13","modified_gmt":"2024-09-09T09:22:13","slug":"doctor-arthritis","status":"publish","type":"page","link":"https:\/\/www.starsellersworld.com\/intl\/doctor-arthritis\/","title":{"rendered":"Doctor Arthritis"},"content":{"rendered":"\t\t<div data-elementor-type=\"wp-page\" data-elementor-id=\"5997\" class=\"elementor elementor-5997\" data-elementor-post-type=\"page\">\n\t\t\t\t<div class=\"elementor-element elementor-element-43b904da e-flex e-con-boxed lakit-col-width-auto-no e-container e-root-container elementor-top-section e-con e-parent\" data-id=\"43b904da\" data-element_type=\"container\">\n\t\t\t\t\t<div class=\"e-con-inner\">\n\t\t\t\t<div class=\"elementor-element elementor-element-328f2bec elementor-widget elementor-widget-image\" data-id=\"328f2bec\" data-element_type=\"widget\" data-widget_type=\"image.default\">\n\t\t\t\t<div class=\"elementor-widget-container\">\n\t\t\t<style>\/*! elementor - v3.23.0 - 05-08-2024 *\/\n.elementor-widget-image{text-align:center}.elementor-widget-image a{display:inline-block}.elementor-widget-image a img[src$=\".svg\"]{width:48px}.elementor-widget-image img{vertical-align:middle;display:inline-block}<\/style>\t\t\t\t\t\t\t\t\t\t<img fetchpriority=\"high\" decoding=\"async\" width=\"800\" height=\"310\" src=\"https:\/\/www.starsellersworld.com\/intl\/wp-content\/uploads\/2024\/09\/DA_Updated_White_Logo_1292x500-1024x397.webp\" class=\"attachment-large size-large wp-image-5739\" alt=\"\" srcset=\"https:\/\/www.starsellersworld.com\/intl\/wp-content\/uploads\/2024\/09\/DA_Updated_White_Logo_1292x500-1024x397.webp 1024w, https:\/\/www.starsellersworld.com\/intl\/wp-content\/uploads\/2024\/09\/DA_Updated_White_Logo_1292x500-300x116.webp 300w, https:\/\/www.starsellersworld.com\/intl\/wp-content\/uploads\/2024\/09\/DA_Updated_White_Logo_1292x500-768x298.webp 768w, https:\/\/www.starsellersworld.com\/intl\/wp-content\/uploads\/2024\/09\/DA_Updated_White_Logo_1292x500.webp 1290w\" sizes=\"(max-width: 800px) 100vw, 800px\" \/>\t\t\t\t\t\t\t\t\t\t\t\t\t<\/div>\n\t\t\t\t<\/div>\n\t\t\t\t<div class=\"elementor-element elementor-element-366a302f elementor-widget elementor-widget-heading\" data-id=\"366a302f\" data-element_type=\"widget\" data-widget_type=\"heading.default\">\n\t\t\t\t<div class=\"elementor-widget-container\">\n\t\t\t<style>\/*! elementor - v3.23.0 - 05-08-2024 *\/\n.elementor-heading-title{padding:0;margin:0;line-height:1}.elementor-widget-heading .elementor-heading-title[class*=elementor-size-]>a{color:inherit;font-size:inherit;line-height:inherit}.elementor-widget-heading .elementor-heading-title.elementor-size-small{font-size:15px}.elementor-widget-heading .elementor-heading-title.elementor-size-medium{font-size:19px}.elementor-widget-heading .elementor-heading-title.elementor-size-large{font-size:29px}.elementor-widget-heading .elementor-heading-title.elementor-size-xl{font-size:39px}.elementor-widget-heading .elementor-heading-title.elementor-size-xxl{font-size:59px}<\/style><h1 class=\"elementor-heading-title elementor-size-default\">\"Die KI Tools von starsellersworld.com unterst\u00fctzen uns dabei mit intelligenter Automation unsere Prozesse zu optimieren, damit wir unsere Wachstumsziele erreichen k\u00f6nnen. Die BigData Infrastruktur ist einer der entscheidenden Schl\u00fcssel unseres Erfolges.\u201c<\/h1>\t\t<\/div>\n\t\t\t\t<\/div>\n\t\t\t\t\t<\/div>\n\t\t\t\t<\/div>\n\t\t<div class=\"elementor-element elementor-element-2dfeeafc e-flex e-con-boxed lakit-col-width-auto-no e-container e-root-container elementor-top-section e-con e-parent\" data-id=\"2dfeeafc\" data-element_type=\"container\">\n\t\t\t\t\t<div class=\"e-con-inner\">\n\t\t\t\t<div class=\"elementor-element elementor-element-542e2d3c elementor-widget elementor-widget-text-editor\" data-id=\"542e2d3c\" data-element_type=\"widget\" data-widget_type=\"text-editor.default\">\n\t\t\t\t<div class=\"elementor-widget-container\">\n\t\t\t<style>\/*! elementor - v3.23.0 - 05-08-2024 *\/\n.elementor-widget-text-editor.elementor-drop-cap-view-stacked .elementor-drop-cap{background-color:#69727d;color:#fff}.elementor-widget-text-editor.elementor-drop-cap-view-framed .elementor-drop-cap{color:#69727d;border:3px solid;background-color:transparent}.elementor-widget-text-editor:not(.elementor-drop-cap-view-default) .elementor-drop-cap{margin-top:8px}.elementor-widget-text-editor:not(.elementor-drop-cap-view-default) .elementor-drop-cap-letter{width:1em;height:1em}.elementor-widget-text-editor .elementor-drop-cap{float:left;text-align:center;line-height:1;font-size:50px}.elementor-widget-text-editor .elementor-drop-cap-letter{display:inline-block}<\/style>\t\t\t\t<p>Seit 2021 setzt Cheers Health Care Limited die datengetrieben KI Tools von starsellersworld.com ein. Je nach Gesch\u00e4ftsvorfall, Artikel und Weg der Ware, steuert starsellersworld.com die entsprechende VAT ID und den korrekten Steuersatz, erzeugt Rechnungsbelege f\u00fcr Marketplace in der CI von Dr. Athritis. Die Belege werden gem\u00e4\u00df geltender Normen, Vorschriften und Wechselkursen generiert und in dem Dokumenten Repository vorgehalten und zu Amazon hochgeladen. Die BigData Prozesse der OrderManagement Mechanik f\u00fcr den AfterSales schafft Sicherheit, Effizienz und spart wertvolle Zeit durch intelligente Automation.<\/p><p>Dr. Arthritis ist ein Gesundheitsunternehmen mit Sitz in London, das auf dem Engagement der Gr\u00fcnder beruht, die Lebensqualit\u00e4t von Menschen zu verbessern, die an Arthritis und anderen Erkrankungen des Bewegungsapparats leiden.<\/p><p>Dr. Arthritis ist bekannt f\u00fcr sein Angebot an Gelenkunterst\u00fctzungs- und Kompressionsprodukten, Nahrungserg\u00e4nzungsmitteln und Hilfsmitteln. Das Team besteht aus Menschen, die t\u00e4glich mit der Realit\u00e4t von Arthritis leben \u2013 sei es als \u00c4rzte, Patienten, Pfleger oder als wohlmeinende Familienangeh\u00f6rige und Freunde \u2013 und ist in seiner Nische f\u00fcr sein Verst\u00e4ndnis von Arthritis bekannt.<\/p><p>Bis heute hat Dr. Arthritis mit seinen Produkten \u00fcber 1.000.000 Menschen in \u00fcber 50 L\u00e4ndern geholfen.<\/p><p>Die Marke verfolgt einen zweigleisigen Ansatz, um die wichtigsten Anliegen der Patienten anzugehen. Erstens werden Produkte entwickelt, die auf dem Fachwissen und der Ausbildung der Gr\u00fcnder beruhen: \u00c4rzte, deren Erfahrungen aus erster Hand zur Entwicklung wirksamer, nicht-invasiver L\u00f6sungen f\u00fchrten, die tats\u00e4chlich funktionieren. Zweitens konzentrieren sie sich auf die Patientenaufkl\u00e4rung durch von \u00c4rzten verfasste Handb\u00fccher, die umfassende Informationen \u00fcber Arthritis und verwandte Erkrankungen sowie Richtlinien, Tipps zur Lebensweise und \u00dcbungen zur St\u00e4rkung, Rehabilitation und Verbesserung der Mobilit\u00e4t und Funktionalit\u00e4t enthalten.<\/p><p><strong>Zahlen &amp; Fakten<br \/><\/strong><\/p><ul><li>Enterprise Application Integration Projekt seit 2021.<\/li><li>Seit 2021 setzt Cheers Health Ltd. die KI Tools f\u00fcr den Handel von starsellerworld.com erfolgreich ein.<\/li><li>Automation und Dynamisierung der Steuerung von Marktplatzprozessen<\/li><li>Vollautomatische Verarbeitung von &gt;20 000 Transaktionen pro Jahr.<\/li><li>Nahtlose Integration in Abl\u00e4ufe der bestehenden Toolchain.<\/li><li>Consulting und Business Development mit der Begleitung durch eCommerce Spezialisten von starsellersworld.com.<\/li><\/ul>\t\t\t\t\t\t<\/div>\n\t\t\t\t<\/div>\n\t\t\t\t\t<\/div>\n\t\t\t\t<\/div>\n\t\t\t\t<\/div>\n\t\t","protected":false},"excerpt":{"rendered":"<p>&#8222;Die KI Tools von starsellersworld.com unterst\u00fctzen uns dabei mit intelligenter Automation unsere Prozesse zu optimieren, damit wir unsere Wachstumsziele erreichen k\u00f6nnen. Die BigData Infrastruktur ist einer der entscheidenden Schl\u00fcssel unseres Erfolges.\u201c Seit 2021 setzt Cheers Health Care Limited die datengetrieben KI Tools von starsellersworld.com ein. Je nach Gesch\u00e4ftsvorfall, Artikel und Weg der Ware, steuert starsellersworld.com [&hellip;]<\/p>\n","protected":false},"author":1406,"featured_media":0,"parent":0,"menu_order":0,"comment_status":"closed","ping_status":"closed","template":"","meta":{"_exactmetrics_skip_tracking":false,"_exactmetrics_sitenote_active":false,"_exactmetrics_sitenote_note":"","_exactmetrics_sitenote_category":0,"footnotes":""},"class_list":["post-5997","page","type-page","status-publish","hentry"],"aioseo_notices":[],"_links":{"self":[{"href":"https:\/\/www.starsellersworld.com\/intl\/wp-json\/wp\/v2\/pages\/5997","targetHints":{"allow":["GET"]}}],"collection":[{"href":"https:\/\/www.starsellersworld.com\/intl\/wp-json\/wp\/v2\/pages"}],"about":[{"href":"https:\/\/www.starsellersworld.com\/intl\/wp-json\/wp\/v2\/types\/page"}],"author":[{"embeddable":true,"href":"https:\/\/www.starsellersworld.com\/intl\/wp-json\/wp\/v2\/users\/1406"}],"replies":[{"embeddable":true,"href":"https:\/\/www.starsellersworld.com\/intl\/wp-json\/wp\/v2\/comments?post=5997"}],"version-history":[{"count":4,"href":"https:\/\/www.starsellersworld.com\/intl\/wp-json\/wp\/v2\/pages\/5997\/revisions"}],"predecessor-version":[{"id":6005,"href":"https:\/\/www.starsellersworld.com\/intl\/wp-json\/wp\/v2\/pages\/5997\/revisions\/6005"}],"wp:attachment":[{"href":"https:\/\/www.starsellersworld.com\/intl\/wp-json\/wp\/v2\/media?parent=5997"}],"curies":[{"name":"wp","href":"https:\/\/api.w.org\/{rel}","templated":true}]}}