{"id":6047,"date":"2024-09-09T11:32:27","date_gmt":"2024-09-09T09:32:27","guid":{"rendered":"https:\/\/www.starsellersworld.com\/intl\/?page_id=6047"},"modified":"2024-09-09T11:36:43","modified_gmt":"2024-09-09T09:36:43","slug":"conrad","status":"publish","type":"page","link":"https:\/\/www.starsellersworld.com\/intl\/conrad\/","title":{"rendered":"Conrad"},"content":{"rendered":"\t\t<div data-elementor-type=\"wp-page\" data-elementor-id=\"6047\" class=\"elementor elementor-6047\" data-elementor-post-type=\"page\">\n\t\t\t\t<div class=\"elementor-element elementor-element-40637369 e-flex e-con-boxed lakit-col-width-auto-no e-container e-root-container elementor-top-section e-con e-parent\" data-id=\"40637369\" data-element_type=\"container\">\n\t\t\t\t\t<div class=\"e-con-inner\">\n\t\t\t\t<div class=\"elementor-element elementor-element-34456932 elementor-widget elementor-widget-image\" data-id=\"34456932\" data-element_type=\"widget\" data-widget_type=\"image.default\">\n\t\t\t\t<div class=\"elementor-widget-container\">\n\t\t\t<style>\/*! elementor - v3.23.0 - 05-08-2024 *\/\n.elementor-widget-image{text-align:center}.elementor-widget-image a{display:inline-block}.elementor-widget-image a img[src$=\".svg\"]{width:48px}.elementor-widget-image img{vertical-align:middle;display:inline-block}<\/style>\t\t\t\t\t\t\t\t\t\t<img fetchpriority=\"high\" decoding=\"async\" width=\"690\" height=\"175\" src=\"https:\/\/www.starsellersworld.com\/intl\/wp-content\/uploads\/2024\/09\/conrad.jpg\" class=\"attachment-large size-large wp-image-5972\" alt=\"\" srcset=\"https:\/\/www.starsellersworld.com\/intl\/wp-content\/uploads\/2024\/09\/conrad.jpg 690w, https:\/\/www.starsellersworld.com\/intl\/wp-content\/uploads\/2024\/09\/conrad-300x76.jpg 300w\" sizes=\"(max-width: 690px) 100vw, 690px\" \/>\t\t\t\t\t\t\t\t\t\t\t\t\t<\/div>\n\t\t\t\t<\/div>\n\t\t\t\t<div class=\"elementor-element elementor-element-176cb87c elementor-widget elementor-widget-heading\" data-id=\"176cb87c\" data-element_type=\"widget\" data-widget_type=\"heading.default\">\n\t\t\t\t<div class=\"elementor-widget-container\">\n\t\t\t<style>\/*! elementor - v3.23.0 - 05-08-2024 *\/\n.elementor-heading-title{padding:0;margin:0;line-height:1}.elementor-widget-heading .elementor-heading-title[class*=elementor-size-]>a{color:inherit;font-size:inherit;line-height:inherit}.elementor-widget-heading .elementor-heading-title.elementor-size-small{font-size:15px}.elementor-widget-heading .elementor-heading-title.elementor-size-medium{font-size:19px}.elementor-widget-heading .elementor-heading-title.elementor-size-large{font-size:29px}.elementor-widget-heading .elementor-heading-title.elementor-size-xl{font-size:39px}.elementor-widget-heading .elementor-heading-title.elementor-size-xxl{font-size:59px}<\/style><h1 class=\"elementor-heading-title elementor-size-default\">Aus der Oberpfalz in alle Welt<\/h1>\t\t<\/div>\n\t\t\t\t<\/div>\n\t\t\t\t\t<\/div>\n\t\t\t\t<\/div>\n\t\t<div class=\"elementor-element elementor-element-97cc138 e-flex e-con-boxed lakit-col-width-auto-no e-container e-root-container elementor-top-section e-con e-parent\" data-id=\"97cc138\" data-element_type=\"container\">\n\t\t\t\t\t<div class=\"e-con-inner\">\n\t\t\t\t<div class=\"elementor-element elementor-element-4771717f elementor-widget elementor-widget-text-editor\" data-id=\"4771717f\" data-element_type=\"widget\" data-widget_type=\"text-editor.default\">\n\t\t\t\t<div class=\"elementor-widget-container\">\n\t\t\t<style>\/*! elementor - v3.23.0 - 05-08-2024 *\/\n.elementor-widget-text-editor.elementor-drop-cap-view-stacked .elementor-drop-cap{background-color:#69727d;color:#fff}.elementor-widget-text-editor.elementor-drop-cap-view-framed .elementor-drop-cap{color:#69727d;border:3px solid;background-color:transparent}.elementor-widget-text-editor:not(.elementor-drop-cap-view-default) .elementor-drop-cap{margin-top:8px}.elementor-widget-text-editor:not(.elementor-drop-cap-view-default) .elementor-drop-cap-letter{width:1em;height:1em}.elementor-widget-text-editor .elementor-drop-cap{float:left;text-align:center;line-height:1;font-size:50px}.elementor-widget-text-editor .elementor-drop-cap-letter{display:inline-block}<\/style>\t\t\t\t<h2>Conrad \u2013 alle Teile des Erfolgs. Wir verbinden\u00a0Kunden, Marken und Partner.<\/h2><p>Seit 1923 gibt es das Familienunternehmen Conrad Electronic, seit 1946 mit Zentralsitz im oberpf\u00e4lzischen Hirschau in Ostbayern. Anfangs noch in Berlin ans\u00e4ssig, bot Unternehmensgr\u00fcnder Max Conrad vor allem Bauteile f\u00fcr Detektorempf\u00e4nger an. Auf der Funkausstellung 1937 pr\u00e4sentierte er seinen ersten Fernseh-Baukasten \u2013 inklusive Handbuch mit dem Titel \u201eFernsehen von A bis Z\u201c. Von Anfang an war also klar: Conrad Electronic will mehr sein als ein reiner Elektronikh\u00e4ndler und echten Mehrwert f\u00fcr Kund*innen schaffen.<\/p><p>An diesem Anspruch hat sich bis heute nichts ge\u00e4ndert: Kund*innen in ganz Europa finden in uns einen verl\u00e4sslichen Partner, der mit digitalem Know-how und operativer Exzellenz kundenorientierte Beschaffung neu definiert und optimale Projektrealisierung erm\u00f6glicht. Als erfahrener Distributor liefern wir vom Logistikzentrum in Wernberg-K\u00f6blitz in die ganze Welt, machen \u00fcber unseren Marktplatz mehrere Millionen Produkte verf\u00fcgbar und sind als international agierende Unternehmensgruppe europaweit vertreten. Unsere Geschichte zeigt: Wer auf Service und Innovation baut, dem bringen Kund*innen und Jurys Vertrauen entgegen.<\/p><div class=\"text aem-GridColumn aem-GridColumn--default--12\"><div id=\"text-da8abe2dd9\" class=\"cmp-text cmsContainer cmsMarginBottom-none\"><h3>Conrad Sourcing Platform. International gedacht.<\/h3><\/div><\/div><div class=\"textimage image aem-GridColumn aem-GridColumn--default--12\"><div class=\"cmsTextimage cmsTextimage--right cmsMarginBottom-small cmsContainer\"><div class=\"cmsImage\"><div class=\"cmsImage__wrapper cmsMarginBottom-small cmsAlign--right cmsContainer not-editable cmsImage__fixedDimension\" data-asset=\"https:\/\/asset.conrad.com\/media10\/isa\/160267\/c3\/-\/de\/1e539615a6f041f4afff7cb238c162cc\" data-title=\"Conrad Gruppe\">\u00a0<\/div><\/div><div class=\"cmp-text\"><p>Als international agierendes Unternehmen ist Conrad in 17 L\u00e4ndern Europas pr\u00e4sent. Schritt f\u00fcr Schritt wurde das 1923 gegr\u00fcndete und bis heute inhabergef\u00fchrte Familienunternehmen vom Spezialversender f\u00fcr Elektronik-Bauteile zu einer der f\u00fchrenden Beschaffungsplattformen f\u00fcr technischen Bedarf ausgebaut. Unsere Plattform-Strategie l\u00e4sst Anbieter und Kund*innen noch enger zusammenr\u00fccken: Denn unser breites Angebot an innovativen Services und Technologien ist von \u00fcberall aus jederzeit erreichbar \u2013 ganzheitlich, kundenzentriert und zukunftsorientiert<\/p><div class=\"text aem-GridColumn aem-GridColumn--default--12\"><div id=\"text-5c6e291626\" class=\"cmp-text cmsContainer cmsMarginBottom-default\"><h3>Conrad Sourcing Platform. Hightech trifft auf Effizienz &#8211; unser Logistikzentrum.<\/h3><\/div><\/div><div class=\"columncontrol aem-GridColumn aem-GridColumn--default--12\"><div class=\"cmsColumn cmsColumn--none cmsContainer cmsMarginBottom-small\"><div class=\"cmsColumn__wrapper cmsColumn__layout2-50-50 cmsColumn__default\"><div class=\"cmsColumn__item cmsColumn__item--1\"><div class=\"aem-Grid aem-Grid--12 aem-Grid--default--12 \"><div class=\"text aem-GridColumn aem-GridColumn--default--12\"><div id=\"text-243fdb8aa3\" class=\"cmp-text cmsContainer cmsMarginBottom-default\"><p>Bei der Belieferung unserer Kund*innen in mehr als 150 L\u00e4nder setzen wir auf hochmoderne Logistikprozesse: Unser nur wenige Kilometer von der Unternehmenszentrale in Hirschau entferntes Logistikzentrum in Wernberg-K\u00f6blitz ist eine Hightech-Anlage von gigantischem Ausma\u00df.<\/p><p>Auch die Conrad Filialen werden von diesem funktionellen Geb\u00e4udekomplex aus beliefert, in dem sich vollautomatisches Hochregallager mit 44.000 Palettenpl\u00e4tzen und das 2014 in Betrieb genommene Shuttlelager mit 235.000 Lagerpl\u00e4tzen befindet.<\/p><\/div><\/div><\/div><\/div><div class=\"cmsColumn__item cmsColumn__item--2\"><div class=\"aem-Grid aem-Grid--12 aem-Grid--default--12 \"><div class=\"image aem-GridColumn aem-GridColumn--default--12\"><div class=\"cmsImage\"><div class=\"cmsImage__wrapper cmsMarginBottom-default cmsAlign--left cmsContainer not-editable cmsImage__fixedDimension\" data-asset=\"https:\/\/asset.conrad.com\/media10\/isa\/160267\/c3\/-\/de\/66c987f20f504d8ea6c28dbad6785a9c\" data-title=\"Logistik\">\u00a0<\/div><\/div><\/div><\/div><\/div><\/div><\/div><\/div><div class=\"text aem-GridColumn aem-GridColumn--default--12\"><div id=\"text-783c6ac1e6\" class=\"cmp-text cmsContainer cmsMarginBottom-default\"><p>Insbesondere das dort implementierte Prinzip \u201eWare zur Person\u201c erm\u00f6glicht extrem einfaches und effizientes Arbeiten. Durchschnittlich verlassen t\u00e4glich rund 50.000 Pakete unser Distributionszentrum, in Spitzenzeiten k\u00f6nnen es bis zu 75.000 Pakete sein. Das Logistikzentrum verf\u00fcgt \u00fcber einen gegen elektrostatische Entladungen gesch\u00fctzten EPA-Bereich (Electrostatic Protected Area) und verf\u00fcgt \u00fcber eine DIN-EN 61340-5-1 zertifizierte ESD-Zone. Dies gew\u00e4hrleistet eine sichere Bauteilehandhabung nach h\u00f6chsten Qualit\u00e4tsstandards und eine sachgem\u00e4\u00dfe Lagerung.<\/p><p>Speziell f\u00fcr die Bed\u00fcrfnisse unserer Gesch\u00e4ftskunden bietet das Logistikzentrum zudem zahlreiche weitere Dienstleistungen:\u00a0\u00a0<\/p><ul><li><p>Umfangreiches Kabelsortiment (L\u00e4nge gem\u00e4\u00df Kundenwunsch)<\/p><\/li><li><p>Kalibrierung von Messger\u00e4ten<\/p><\/li><\/ul><\/div><\/div><\/div><\/div><\/div>\t\t\t\t\t\t<\/div>\n\t\t\t\t<\/div>\n\t\t\t\t\t<\/div>\n\t\t\t\t<\/div>\n\t\t\t\t<\/div>\n\t\t","protected":false},"excerpt":{"rendered":"<p>Aus der Oberpfalz in alle Welt Conrad \u2013 alle Teile des Erfolgs. Wir verbinden\u00a0Kunden, Marken und Partner. Seit 1923 gibt es das Familienunternehmen Conrad Electronic, seit 1946 mit Zentralsitz im oberpf\u00e4lzischen Hirschau in Ostbayern. Anfangs noch in Berlin ans\u00e4ssig, bot Unternehmensgr\u00fcnder Max Conrad vor allem Bauteile f\u00fcr Detektorempf\u00e4nger an. Auf der Funkausstellung 1937 pr\u00e4sentierte er [&hellip;]<\/p>\n","protected":false},"author":1406,"featured_media":0,"parent":0,"menu_order":0,"comment_status":"closed","ping_status":"closed","template":"","meta":{"_exactmetrics_skip_tracking":false,"_exactmetrics_sitenote_active":false,"_exactmetrics_sitenote_note":"","_exactmetrics_sitenote_category":0,"footnotes":""},"class_list":["post-6047","page","type-page","status-publish","hentry"],"aioseo_notices":[],"_links":{"self":[{"href":"https:\/\/www.starsellersworld.com\/intl\/wp-json\/wp\/v2\/pages\/6047","targetHints":{"allow":["GET"]}}],"collection":[{"href":"https:\/\/www.starsellersworld.com\/intl\/wp-json\/wp\/v2\/pages"}],"about":[{"href":"https:\/\/www.starsellersworld.com\/intl\/wp-json\/wp\/v2\/types\/page"}],"author":[{"embeddable":true,"href":"https:\/\/www.starsellersworld.com\/intl\/wp-json\/wp\/v2\/users\/1406"}],"replies":[{"embeddable":true,"href":"https:\/\/www.starsellersworld.com\/intl\/wp-json\/wp\/v2\/comments?post=6047"}],"version-history":[{"count":4,"href":"https:\/\/www.starsellersworld.com\/intl\/wp-json\/wp\/v2\/pages\/6047\/revisions"}],"predecessor-version":[{"id":6055,"href":"https:\/\/www.starsellersworld.com\/intl\/wp-json\/wp\/v2\/pages\/6047\/revisions\/6055"}],"wp:attachment":[{"href":"https:\/\/www.starsellersworld.com\/intl\/wp-json\/wp\/v2\/media?parent=6047"}],"curies":[{"name":"wp","href":"https:\/\/api.w.org\/{rel}","templated":true}]}}