{"id":6066,"date":"2024-09-09T11:41:09","date_gmt":"2024-09-09T09:41:09","guid":{"rendered":"https:\/\/www.starsellersworld.com\/intl\/?page_id=6066"},"modified":"2024-09-09T11:56:30","modified_gmt":"2024-09-09T09:56:30","slug":"parfum-group","status":"publish","type":"page","link":"https:\/\/www.starsellersworld.com\/intl\/parfum-group\/","title":{"rendered":"Parfum Group"},"content":{"rendered":"\t\t<div data-elementor-type=\"wp-page\" data-elementor-id=\"6066\" class=\"elementor elementor-6066\" data-elementor-post-type=\"page\">\n\t\t\t\t<div class=\"elementor-element elementor-element-566ba79a e-flex e-con-boxed lakit-col-width-auto-no e-container e-root-container elementor-top-section e-con e-parent\" data-id=\"566ba79a\" data-element_type=\"container\">\n\t\t\t\t\t<div class=\"e-con-inner\">\n\t\t\t\t<div class=\"elementor-element elementor-element-8da1aa6 elementor-widget elementor-widget-image\" data-id=\"8da1aa6\" data-element_type=\"widget\" data-widget_type=\"image.default\">\n\t\t\t\t<div class=\"elementor-widget-container\">\n\t\t\t<style>\/*! elementor - v3.23.0 - 05-08-2024 *\/\n.elementor-widget-image{text-align:center}.elementor-widget-image a{display:inline-block}.elementor-widget-image a img[src$=\".svg\"]{width:48px}.elementor-widget-image img{vertical-align:middle;display:inline-block}<\/style>\t\t\t\t\t\t\t\t\t\t<img fetchpriority=\"high\" decoding=\"async\" width=\"690\" height=\"175\" src=\"https:\/\/www.starsellersworld.com\/intl\/wp-content\/uploads\/2024\/09\/pafrumgroup.jpg\" class=\"attachment-large size-large wp-image-5933\" alt=\"\" srcset=\"https:\/\/www.starsellersworld.com\/intl\/wp-content\/uploads\/2024\/09\/pafrumgroup.jpg 690w, https:\/\/www.starsellersworld.com\/intl\/wp-content\/uploads\/2024\/09\/pafrumgroup-300x76.jpg 300w\" sizes=\"(max-width: 690px) 100vw, 690px\" \/>\t\t\t\t\t\t\t\t\t\t\t\t\t<\/div>\n\t\t\t\t<\/div>\n\t\t\t\t<div class=\"elementor-element elementor-element-9a4a389 elementor-widget elementor-widget-heading\" data-id=\"9a4a389\" data-element_type=\"widget\" data-widget_type=\"heading.default\">\n\t\t\t\t<div class=\"elementor-widget-container\">\n\t\t\t<style>\/*! elementor - v3.23.0 - 05-08-2024 *\/\n.elementor-heading-title{padding:0;margin:0;line-height:1}.elementor-widget-heading .elementor-heading-title[class*=elementor-size-]>a{color:inherit;font-size:inherit;line-height:inherit}.elementor-widget-heading .elementor-heading-title.elementor-size-small{font-size:15px}.elementor-widget-heading .elementor-heading-title.elementor-size-medium{font-size:19px}.elementor-widget-heading .elementor-heading-title.elementor-size-large{font-size:29px}.elementor-widget-heading .elementor-heading-title.elementor-size-xl{font-size:39px}.elementor-widget-heading .elementor-heading-title.elementor-size-xxl{font-size:59px}<\/style><h1 class=\"elementor-heading-title elementor-size-default\">ParfumGroup.de ist ein feines Universum von Aromen aus der ganzen Welt.\n\n<\/h1>\t\t<\/div>\n\t\t\t\t<\/div>\n\t\t\t\t\t<\/div>\n\t\t\t\t<\/div>\n\t\t<div class=\"elementor-element elementor-element-1e6fc31b e-flex e-con-boxed lakit-col-width-auto-no e-container e-root-container elementor-top-section e-con e-parent\" data-id=\"1e6fc31b\" data-element_type=\"container\">\n\t\t\t\t\t<div class=\"e-con-inner\">\n\t\t\t\t<div class=\"elementor-element elementor-element-6bde4fd0 elementor-widget elementor-widget-text-editor\" data-id=\"6bde4fd0\" data-element_type=\"widget\" data-widget_type=\"text-editor.default\">\n\t\t\t\t<div class=\"elementor-widget-container\">\n\t\t\t<style>\/*! elementor - v3.23.0 - 05-08-2024 *\/\n.elementor-widget-text-editor.elementor-drop-cap-view-stacked .elementor-drop-cap{background-color:#69727d;color:#fff}.elementor-widget-text-editor.elementor-drop-cap-view-framed .elementor-drop-cap{color:#69727d;border:3px solid;background-color:transparent}.elementor-widget-text-editor:not(.elementor-drop-cap-view-default) .elementor-drop-cap{margin-top:8px}.elementor-widget-text-editor:not(.elementor-drop-cap-view-default) .elementor-drop-cap-letter{width:1em;height:1em}.elementor-widget-text-editor .elementor-drop-cap{float:left;text-align:center;line-height:1;font-size:50px}.elementor-widget-text-editor .elementor-drop-cap-letter{display:inline-block}<\/style>\t\t\t\t<p>F\u00fcr ihren Kunden wurden die bew\u00e4hrten Parfum-Meisterwerke, die heute auf dem Markt zu finden sind, aufmerksam gesammelt.<\/p><p>\uf0fc \u00dcber 480 D\u00fcfte im Onlineshop erh\u00e4ltlich<br \/>\uf0fc \u00dcber 60 von den ber\u00fchmtesten Top-Marken<br \/>\uf0fc Gro\u00dfe Vielfalt an hochqualitativen D\u00fcften &#8211; sowohl Klassiker als auch neue Parfums <br \/>\uf0fc Sortiment von den bekanntesten Markenherstellern zum besten Preis<\/p><p>Die ParfumGroup-Produktpalette verf\u00fcgt nicht nur \u00fcber Fragrances, sondern auch \u00fcber Make-up und Pflegeprodukte mit h\u00f6chster Qualit\u00e4t.<\/p><p>Parfumgroup.de ist mehr als eine gew\u00f6hnliche Online Parf\u00fcmerie. Es ist ein Erlebnis, w\u00e4hrend es das passende Aroma zu finden ist. Diese Website ist ein neues Konzept, dessen Ziel ist, alles, was die moderne Frau, die auf ihre Sch\u00f6nheit achtet, an einem Ort zur Verf\u00fcgung zu stellen. Es ist hier sogar das Paradies f\u00fcr die M\u00e4nner, die immer das pr\u00e4tenti\u00f6seres Geschlecht sind, wenn es um Still und Aussehen geht.<\/p><p>Heutzutage wird eine bemerkenswerte Auswahl an exquisiten Fragrances und Produkten f\u00fcr K\u00f6rperpflege von den internationalen begehrten Labels in der Parf\u00fcmindustrie angeboten, die im ParfumGroup Onlineshop zu entdecken sind. Hier k\u00f6nnten auch sogar seltene, aber bew\u00e4hrte D\u00fcfte gefunden werden, sowie die neusten Errungenschaften der jungen Parf\u00fcmeure, die den Verbrauchern die Lieblingsparf\u00fcme schnell geworden sind. Aus der riesigen Vielfalt k\u00f6nnte jeder f\u00fcr sich selber oder f\u00fcr seine Geliebte das richtige Produkt oder Geschenk finden.<\/p><p>ParfumGroup begleitet die Kunden sorgf\u00e4ltig und stellt ihnen immer die wichtigsten Fakten und aktuellen Trends im Bereich Parf\u00fcm und Sch\u00f6nheit zur Verf\u00fcgung. Eine vereinfachte Navigation wurde vorgezogen, damit jeder Besucher des Shops am schnellsten und unkompliziert auf das gew\u00fcnschte Produkt zugreifen kann. Das flei\u00dfig ausgew\u00e4hlte und reiche Sortiment von hochqualitativen Luxusprodukte l\u00e4sst keine W\u00fcnsche offen.<\/p><p>Die Zufriedenheit der Kunden wird durch die Kundenservices erreicht, die ParfumGroup leistet. Eine riesige Vielfalt an Produkten von den renommiertesten Namen in der Sch\u00f6nheitsindustrie, unkomplizierte Bestellm\u00f6glichkeiten, attraktive Preise und eine schnelle und sichere Lieferung.<\/p>\t\t\t\t\t\t<\/div>\n\t\t\t\t<\/div>\n\t\t\t\t\t<\/div>\n\t\t\t\t<\/div>\n\t\t\t\t<\/div>\n\t\t","protected":false},"excerpt":{"rendered":"<p>ParfumGroup.de ist ein feines Universum von Aromen aus der ganzen Welt. F\u00fcr ihren Kunden wurden die bew\u00e4hrten Parfum-Meisterwerke, die heute auf dem Markt zu finden sind, aufmerksam gesammelt. \uf0fc \u00dcber 480 D\u00fcfte im Onlineshop erh\u00e4ltlich\uf0fc \u00dcber 60 von den ber\u00fchmtesten Top-Marken\uf0fc Gro\u00dfe Vielfalt an hochqualitativen D\u00fcften &#8211; sowohl Klassiker als auch neue Parfums \uf0fc Sortiment [&hellip;]<\/p>\n","protected":false},"author":1406,"featured_media":0,"parent":0,"menu_order":0,"comment_status":"closed","ping_status":"closed","template":"","meta":{"_exactmetrics_skip_tracking":false,"_exactmetrics_sitenote_active":false,"_exactmetrics_sitenote_note":"","_exactmetrics_sitenote_category":0,"footnotes":""},"class_list":["post-6066","page","type-page","status-publish","hentry"],"aioseo_notices":[],"_links":{"self":[{"href":"https:\/\/www.starsellersworld.com\/intl\/wp-json\/wp\/v2\/pages\/6066","targetHints":{"allow":["GET"]}}],"collection":[{"href":"https:\/\/www.starsellersworld.com\/intl\/wp-json\/wp\/v2\/pages"}],"about":[{"href":"https:\/\/www.starsellersworld.com\/intl\/wp-json\/wp\/v2\/types\/page"}],"author":[{"embeddable":true,"href":"https:\/\/www.starsellersworld.com\/intl\/wp-json\/wp\/v2\/users\/1406"}],"replies":[{"embeddable":true,"href":"https:\/\/www.starsellersworld.com\/intl\/wp-json\/wp\/v2\/comments?post=6066"}],"version-history":[{"count":4,"href":"https:\/\/www.starsellersworld.com\/intl\/wp-json\/wp\/v2\/pages\/6066\/revisions"}],"predecessor-version":[{"id":6089,"href":"https:\/\/www.starsellersworld.com\/intl\/wp-json\/wp\/v2\/pages\/6066\/revisions\/6089"}],"wp:attachment":[{"href":"https:\/\/www.starsellersworld.com\/intl\/wp-json\/wp\/v2\/media?parent=6066"}],"curies":[{"name":"wp","href":"https:\/\/api.w.org\/{rel}","templated":true}]}}