{"id":7621,"date":"2024-09-30T13:58:39","date_gmt":"2024-09-30T11:58:39","guid":{"rendered":"https:\/\/www.starsellersworld.com\/intl\/?page_id=7621"},"modified":"2024-09-30T14:32:59","modified_gmt":"2024-09-30T12:32:59","slug":"rechnungsprogramm-fuer-amazon-und-ebay","status":"publish","type":"page","link":"https:\/\/www.starsellersworld.com\/intl\/rechnungsprogramm-fuer-amazon-und-ebay\/","title":{"rendered":"(Homepage neu) \u2013\u00a0Rechnungsprogramm f\u00fcr amazon und eBay"},"content":{"rendered":"\t\t<div data-elementor-type=\"wp-page\" data-elementor-id=\"7621\" class=\"elementor elementor-7621\" data-elementor-post-type=\"page\">\n\t\t\t\t<div class=\"elementor-element elementor-element-cf57e7c e-flex e-con-boxed lakit-col-width-auto-no e-container e-root-container elementor-top-section e-con e-parent\" data-id=\"cf57e7c\" data-element_type=\"container\" data-settings=\"{&quot;background_background&quot;:&quot;classic&quot;}\">\n\t\t\t\t\t<div class=\"e-con-inner\">\n\t\t\t\t<div class=\"elementor-element elementor-element-e2d96d3 elementor-widget elementor-widget-heading\" data-id=\"e2d96d3\" data-element_type=\"widget\" data-widget_type=\"heading.default\">\n\t\t\t\t<div class=\"elementor-widget-container\">\n\t\t\t<style>\/*! elementor - v3.23.0 - 05-08-2024 *\/\n.elementor-heading-title{padding:0;margin:0;line-height:1}.elementor-widget-heading .elementor-heading-title[class*=elementor-size-]>a{color:inherit;font-size:inherit;line-height:inherit}.elementor-widget-heading .elementor-heading-title.elementor-size-small{font-size:15px}.elementor-widget-heading .elementor-heading-title.elementor-size-medium{font-size:19px}.elementor-widget-heading .elementor-heading-title.elementor-size-large{font-size:29px}.elementor-widget-heading .elementor-heading-title.elementor-size-xl{font-size:39px}.elementor-widget-heading .elementor-heading-title.elementor-size-xxl{font-size:59px}<\/style><h2 class=\"elementor-heading-title elementor-size-default\">Rechnungsprogramm f\u00fcr amazon und eBay\n<\/h2>\t\t<\/div>\n\t\t\t\t<\/div>\n\t\t\t\t\t<\/div>\n\t\t\t\t<\/div>\n\t\t<div class=\"elementor-element elementor-element-9f3b0a6 e-con-full e-flex lakit-col-width-auto-no e-container e-root-container elementor-top-section e-con e-parent\" data-id=\"9f3b0a6\" data-element_type=\"container\">\n\t\t<div class=\"elementor-element elementor-element-3a3e00d e-flex e-con-boxed lakit-col-width-auto-no e-container e-con e-child\" data-id=\"3a3e00d\" data-element_type=\"container\">\n\t\t\t\t\t<div class=\"e-con-inner\">\n\t\t\t\t<div class=\"elementor-element elementor-element-74bf813 elementor-widget elementor-widget-text-editor\" data-id=\"74bf813\" data-element_type=\"widget\" data-widget_type=\"text-editor.default\">\n\t\t\t\t<div class=\"elementor-widget-container\">\n\t\t\t<style>\/*! elementor - v3.23.0 - 05-08-2024 *\/\n.elementor-widget-text-editor.elementor-drop-cap-view-stacked .elementor-drop-cap{background-color:#69727d;color:#fff}.elementor-widget-text-editor.elementor-drop-cap-view-framed .elementor-drop-cap{color:#69727d;border:3px solid;background-color:transparent}.elementor-widget-text-editor:not(.elementor-drop-cap-view-default) .elementor-drop-cap{margin-top:8px}.elementor-widget-text-editor:not(.elementor-drop-cap-view-default) .elementor-drop-cap-letter{width:1em;height:1em}.elementor-widget-text-editor .elementor-drop-cap{float:left;text-align:center;line-height:1;font-size:50px}.elementor-widget-text-editor .elementor-drop-cap-letter{display:inline-block}<\/style>\t\t\t\t<p>Die Fakura f\u00fcr eBay und Amazon H\u00e4ndler zum Erstellen von Ausgangsrechnungen. Das Rechnungsprogramm f\u00fcr den Ecommerce erstellt automatisch Auto-Rechnungen f\u00fcr eBay oder Amazon. Dabei kann wahlweise IDU oder VCS ausgew\u00e4hlt werden. Die Faktura erstell die Rechnungen automatisch und sendet die Rechnungen an den Kunden. Starsellersworld.com bietet mehr als nur das System in dem eigenen Design mit der eigenen CI Dokumete zu erzeugen und an die Kunden zu senden: alle Kosten, wie Geb\u00fchren und auch Gewinn und Deckungsbeitrag werden ermittelt. Starsellersworld holt die Daten f\u00fcr die Berechnung automatisch mit dem Berichtswesen von Amazon. Auf Artikelebene werden dabei Kategoriegeb\u00fchren, aber auch FBA Geb\u00fchren ermittelt und zur Kalkulation verwendet. Zum Erstellen von Erkl\u00e4rungen und Unterst\u00fctzung des Steuerberaters k\u00f6nnen Dokumente periodisch verkettet und exportiert werden.<\/p><p>Mit dem Starsellersworld Bestellwesen-Modul steht Ihnen als optionale Komponente die Rechnungs- bzw. Gutschriften-Erstellung zur Verf\u00fcgung.<\/p>\t\t\t\t\t\t<\/div>\n\t\t\t\t<\/div>\n\t\t\t\t\t<\/div>\n\t\t\t\t<\/div>\n\t\t<div class=\"elementor-element elementor-element-816a07a e-flex e-con-boxed lakit-col-width-auto-no e-container e-con e-child\" data-id=\"816a07a\" data-element_type=\"container\">\n\t\t\t\t\t<div class=\"e-con-inner\">\n\t\t\t\t<div class=\"elementor-element elementor-element-1e133e0 elementor-widget elementor-widget-image\" data-id=\"1e133e0\" data-element_type=\"widget\" data-widget_type=\"image.default\">\n\t\t\t\t<div class=\"elementor-widget-container\">\n\t\t\t<style>\/*! elementor - v3.23.0 - 05-08-2024 *\/\n.elementor-widget-image{text-align:center}.elementor-widget-image a{display:inline-block}.elementor-widget-image a img[src$=\".svg\"]{width:48px}.elementor-widget-image img{vertical-align:middle;display:inline-block}<\/style>\t\t\t\t\t\t\t\t\t\t<img fetchpriority=\"high\" decoding=\"async\" width=\"585\" height=\"457\" src=\"https:\/\/www.starsellersworld.com\/intl\/wp-content\/uploads\/2024\/09\/rechnungen-min-2.png\" class=\"attachment-large size-large wp-image-7623\" alt=\"\" srcset=\"https:\/\/www.starsellersworld.com\/intl\/wp-content\/uploads\/2024\/09\/rechnungen-min-2.png 585w, https:\/\/www.starsellersworld.com\/intl\/wp-content\/uploads\/2024\/09\/rechnungen-min-2-300x234.png 300w\" sizes=\"(max-width: 585px) 100vw, 585px\" \/>\t\t\t\t\t\t\t\t\t\t\t\t\t<\/div>\n\t\t\t\t<\/div>\n\t\t\t\t\t<\/div>\n\t\t\t\t<\/div>\n\t\t<div class=\"elementor-element elementor-element-7f64abe e-grid e-con-boxed lakit-col-width-auto-no e-container e-con e-child\" data-id=\"7f64abe\" data-element_type=\"container\">\n\t\t\t\t\t<div class=\"e-con-inner\">\n\t\t\t\t<div class=\"elementor-element elementor-element-db7be42 elementor-widget elementor-widget-text-editor\" data-id=\"db7be42\" data-element_type=\"widget\" data-widget_type=\"text-editor.default\">\n\t\t\t\t<div class=\"elementor-widget-container\">\n\t\t\t\t\t\t\t<p>F\u00fcr Ihre automatisiert von Drittsystemen oder Verkaufsplattformen, wie beispielsweise Amazon oder eBay, importierbaren Bestellungen k\u00f6nnen Sie, ebenfalls vollautomatisierbar, Rechnungen oder im Stornofall Gutschriften erzeugen lassen.<br \/>Zus\u00e4tzlich steht die Versandoption zur Verf\u00fcgung. Lassen Sie Ihren Kunden die Rechnungen direkt per Mail zukommen. Dabei k\u00f6nnen zus\u00e4tzlich z.B. AGB-, R\u00fcckggaberecht- oder beliebige weitere Aktions-Dokumente mit angeh\u00e4ngt werden.<br \/>Die Rechnungserstellung l\u00e4sst sich nach Wunsch auch in verschiedene Prozesse einbinden, damit die Ausl\u00f6sung zur Rechnungslegung durch festzulegende Workflows bestimmt werden kann.<\/p>\t\t\t\t\t\t<\/div>\n\t\t\t\t<\/div>\n\t\t\t\t\t<\/div>\n\t\t\t\t<\/div>\n\t\t<div class=\"elementor-element elementor-element-515519e e-flex e-con-boxed lakit-col-width-auto-no e-container e-con e-child\" data-id=\"515519e\" data-element_type=\"container\">\n\t\t\t\t\t<div class=\"e-con-inner\">\n\t\t<div class=\"elementor-element elementor-element-223bd75 e-grid e-con-full lakit-col-width-auto-no e-container e-con e-child\" data-id=\"223bd75\" data-element_type=\"container\">\n\t\t\t\t<div class=\"elementor-element elementor-element-e844273 elementor-widget elementor-widget-button\" data-id=\"e844273\" data-element_type=\"widget\" data-widget_type=\"button.default\">\n\t\t\t\t<div class=\"elementor-widget-container\">\n\t\t\t\t\t<div class=\"elementor-button-wrapper\">\n\t\t\t<a class=\"elementor-button elementor-size-sm\" role=\"button\">\n\t\t\t\t\t\t<span class=\"elementor-button-content-wrapper\">\n\t\t\t\t\t\t\t\t\t<span class=\"elementor-button-text\">Testen<\/span>\n\t\t\t\t\t<\/span>\n\t\t\t\t\t<\/a>\n\t\t<\/div>\n\t\t\t\t<\/div>\n\t\t\t\t<\/div>\n\t\t\t\t<div class=\"elementor-element elementor-element-a88136c elementor-widget elementor-widget-button\" data-id=\"a88136c\" data-element_type=\"widget\" data-widget_type=\"button.default\">\n\t\t\t\t<div class=\"elementor-widget-container\">\n\t\t\t\t\t<div class=\"elementor-button-wrapper\">\n\t\t\t<a class=\"elementor-button elementor-size-sm\" role=\"button\">\n\t\t\t\t\t\t<span class=\"elementor-button-content-wrapper\">\n\t\t\t\t\t\t\t\t\t<span class=\"elementor-button-text\">Preise<\/span>\n\t\t\t\t\t<\/span>\n\t\t\t\t\t<\/a>\n\t\t<\/div>\n\t\t\t\t<\/div>\n\t\t\t\t<\/div>\n\t\t\t\t<\/div>\n\t\t\t\t\t<\/div>\n\t\t\t\t<\/div>\n\t\t\t\t<\/div>\n\t\t\t\t<\/div>\n\t\t","protected":false},"excerpt":{"rendered":"<p>Rechnungsprogramm f\u00fcr amazon und eBay Die Fakura f\u00fcr eBay und Amazon H\u00e4ndler zum Erstellen von Ausgangsrechnungen. Das Rechnungsprogramm f\u00fcr den Ecommerce erstellt automatisch Auto-Rechnungen f\u00fcr eBay oder Amazon. Dabei kann wahlweise IDU oder VCS ausgew\u00e4hlt werden. Die Faktura erstell die Rechnungen automatisch und sendet die Rechnungen an den Kunden. Starsellersworld.com bietet mehr als nur das [&hellip;]<\/p>\n","protected":false},"author":1406,"featured_media":0,"parent":0,"menu_order":0,"comment_status":"closed","ping_status":"closed","template":"","meta":{"_exactmetrics_skip_tracking":false,"_exactmetrics_sitenote_active":false,"_exactmetrics_sitenote_note":"","_exactmetrics_sitenote_category":0,"footnotes":""},"class_list":["post-7621","page","type-page","status-publish","hentry"],"aioseo_notices":[],"_links":{"self":[{"href":"https:\/\/www.starsellersworld.com\/intl\/wp-json\/wp\/v2\/pages\/7621","targetHints":{"allow":["GET"]}}],"collection":[{"href":"https:\/\/www.starsellersworld.com\/intl\/wp-json\/wp\/v2\/pages"}],"about":[{"href":"https:\/\/www.starsellersworld.com\/intl\/wp-json\/wp\/v2\/types\/page"}],"author":[{"embeddable":true,"href":"https:\/\/www.starsellersworld.com\/intl\/wp-json\/wp\/v2\/users\/1406"}],"replies":[{"embeddable":true,"href":"https:\/\/www.starsellersworld.com\/intl\/wp-json\/wp\/v2\/comments?post=7621"}],"version-history":[{"count":4,"href":"https:\/\/www.starsellersworld.com\/intl\/wp-json\/wp\/v2\/pages\/7621\/revisions"}],"predecessor-version":[{"id":7630,"href":"https:\/\/www.starsellersworld.com\/intl\/wp-json\/wp\/v2\/pages\/7621\/revisions\/7630"}],"wp:attachment":[{"href":"https:\/\/www.starsellersworld.com\/intl\/wp-json\/wp\/v2\/media?parent=7621"}],"curies":[{"name":"wp","href":"https:\/\/api.w.org\/{rel}","templated":true}]}}