{"id":8725,"date":"2024-10-09T20:01:31","date_gmt":"2024-10-09T18:01:31","guid":{"rendered":"https:\/\/www.starsellersworld.com\/intl\/?page_id=8725"},"modified":"2024-10-24T15:33:23","modified_gmt":"2024-10-24T13:33:23","slug":"distributor","status":"publish","type":"page","link":"https:\/\/www.starsellersworld.com\/intl\/distributor\/","title":{"rendered":"Distributor"},"content":{"rendered":"\t\t<div data-elementor-type=\"wp-page\" data-elementor-id=\"8725\" class=\"elementor elementor-8725\" data-elementor-post-type=\"page\">\n\t\t\t\t<div class=\"elementor-element elementor-element-43220894 elementor-hidden-mobile e-flex e-con-boxed lakit-col-width-auto-no e-container e-root-container elementor-top-section e-con e-parent\" data-id=\"43220894\" data-element_type=\"container\" data-settings=\"{&quot;background_background&quot;:&quot;classic&quot;}\">\n\t\t\t\t\t<div class=\"e-con-inner\">\n\t\t<div class=\"elementor-element elementor-element-498c0f48 e-con-full e-flex lakit-col-width-auto-no e-container e-con e-child\" data-id=\"498c0f48\" data-element_type=\"container\">\n\t\t\t\t<div class=\"elementor-element elementor-element-21a7559f elementor-widget elementor-widget-spacer\" data-id=\"21a7559f\" data-element_type=\"widget\" data-widget_type=\"spacer.default\">\n\t\t\t\t<div class=\"elementor-widget-container\">\n\t\t\t<style>\/*! elementor - v3.23.0 - 05-08-2024 *\/\n.elementor-column .elementor-spacer-inner{height:var(--spacer-size)}.e-con{--container-widget-width:100%}.e-con-inner>.elementor-widget-spacer,.e-con>.elementor-widget-spacer{width:var(--container-widget-width,var(--spacer-size));--align-self:var(--container-widget-align-self,initial);--flex-shrink:0}.e-con-inner>.elementor-widget-spacer>.elementor-widget-container,.e-con>.elementor-widget-spacer>.elementor-widget-container{height:100%;width:100%}.e-con-inner>.elementor-widget-spacer>.elementor-widget-container>.elementor-spacer,.e-con>.elementor-widget-spacer>.elementor-widget-container>.elementor-spacer{height:100%}.e-con-inner>.elementor-widget-spacer>.elementor-widget-container>.elementor-spacer>.elementor-spacer-inner,.e-con>.elementor-widget-spacer>.elementor-widget-container>.elementor-spacer>.elementor-spacer-inner{height:var(--container-widget-height,var(--spacer-size))}.e-con-inner>.elementor-widget-spacer.elementor-widget-empty,.e-con>.elementor-widget-spacer.elementor-widget-empty{position:relative;min-height:22px;min-width:22px}.e-con-inner>.elementor-widget-spacer.elementor-widget-empty .elementor-widget-empty-icon,.e-con>.elementor-widget-spacer.elementor-widget-empty .elementor-widget-empty-icon{position:absolute;top:0;bottom:0;left:0;right:0;margin:auto;padding:0;width:22px;height:22px}<\/style>\t\t<div class=\"elementor-spacer\">\n\t\t\t<div class=\"elementor-spacer-inner\"><\/div>\n\t\t<\/div>\n\t\t\t\t<\/div>\n\t\t\t\t<\/div>\n\t\t\t\t<div class=\"elementor-element elementor-element-201def4c elementor-widget__width-initial elementor-widget elementor-widget-heading\" data-id=\"201def4c\" data-element_type=\"widget\" data-widget_type=\"heading.default\">\n\t\t\t\t<div class=\"elementor-widget-container\">\n\t\t\t<style>\/*! elementor - v3.23.0 - 05-08-2024 *\/\n.elementor-heading-title{padding:0;margin:0;line-height:1}.elementor-widget-heading .elementor-heading-title[class*=elementor-size-]>a{color:inherit;font-size:inherit;line-height:inherit}.elementor-widget-heading .elementor-heading-title.elementor-size-small{font-size:15px}.elementor-widget-heading .elementor-heading-title.elementor-size-medium{font-size:19px}.elementor-widget-heading .elementor-heading-title.elementor-size-large{font-size:29px}.elementor-widget-heading .elementor-heading-title.elementor-size-xl{font-size:39px}.elementor-widget-heading .elementor-heading-title.elementor-size-xxl{font-size:59px}<\/style><h1 class=\"elementor-heading-title elementor-size-default\">Distributor<\/h1>\t\t<\/div>\n\t\t\t\t<\/div>\n\t\t\t\t<div class=\"elementor-element elementor-element-6fefc559 elementor-widget elementor-widget-text-editor\" data-id=\"6fefc559\" data-element_type=\"widget\" data-widget_type=\"text-editor.default\">\n\t\t\t\t<div class=\"elementor-widget-container\">\n\t\t\t<style>\/*! elementor - v3.23.0 - 05-08-2024 *\/\n.elementor-widget-text-editor.elementor-drop-cap-view-stacked .elementor-drop-cap{background-color:#69727d;color:#fff}.elementor-widget-text-editor.elementor-drop-cap-view-framed .elementor-drop-cap{color:#69727d;border:3px solid;background-color:transparent}.elementor-widget-text-editor:not(.elementor-drop-cap-view-default) .elementor-drop-cap{margin-top:8px}.elementor-widget-text-editor:not(.elementor-drop-cap-view-default) .elementor-drop-cap-letter{width:1em;height:1em}.elementor-widget-text-editor .elementor-drop-cap{float:left;text-align:center;line-height:1;font-size:50px}.elementor-widget-text-editor .elementor-drop-cap-letter{display:inline-block}<\/style>\t\t\t\t<div class=\"et_pb_text_overlay_wrapper\"><div class=\"et_pb_slide_content\"><p>Lieferanten und Hersteller versorgen Ihre H\u00e4ndler \u00fcber zentrale Starsellersworld MainDistributor Schnittstellen.<br \/>Sie suchen neue Vertriebswege? Neue Absatzwege?<br \/>Starsellersworld MainDistributor ist DIE Plattform f\u00fcr alle die ihren Handel optimieren und ausweiten m\u00f6chten<\/p><\/div><\/div>\t\t\t\t\t\t<\/div>\n\t\t\t\t<\/div>\n\t\t<div class=\"elementor-element elementor-element-371e642f e-grid e-con-full lakit-col-width-auto-no e-container e-con e-child\" data-id=\"371e642f\" data-element_type=\"container\">\n\t\t\t\t<div class=\"elementor-element elementor-element-6030787 elementor-align-left elementor-mobile-align-center elementor-widget elementor-widget-button\" data-id=\"6030787\" data-element_type=\"widget\" data-widget_type=\"button.default\">\n\t\t\t\t<div class=\"elementor-widget-container\">\n\t\t\t\t\t<div class=\"elementor-button-wrapper\">\n\t\t\t<a class=\"elementor-button elementor-button-link elementor-size-sm\" href=\"https:\/\/www.starsellersworld.com\/intl\/test\/\">\n\t\t\t\t\t\t<span class=\"elementor-button-content-wrapper\">\n\t\t\t\t\t\t\t\t\t<span class=\"elementor-button-text\">Jetzt Testen<\/span>\n\t\t\t\t\t<\/span>\n\t\t\t\t\t<\/a>\n\t\t<\/div>\n\t\t\t\t<\/div>\n\t\t\t\t<\/div>\n\t\t\t\t<div class=\"elementor-element elementor-element-617c8bbe elementor-mobile-align-center elementor-widget elementor-widget-button\" data-id=\"617c8bbe\" data-element_type=\"widget\" data-widget_type=\"button.default\">\n\t\t\t\t<div class=\"elementor-widget-container\">\n\t\t\t\t\t<div class=\"elementor-button-wrapper\">\n\t\t\t<a class=\"elementor-button elementor-button-link elementor-size-sm\" href=\"#inhalt\">\n\t\t\t\t\t\t<span class=\"elementor-button-content-wrapper\">\n\t\t\t\t\t\t\t\t\t<span class=\"elementor-button-text\">Mehr Erfahren<\/span>\n\t\t\t\t\t<\/span>\n\t\t\t\t\t<\/a>\n\t\t<\/div>\n\t\t\t\t<\/div>\n\t\t\t\t<\/div>\n\t\t\t\t<\/div>\n\t\t\t\t<\/div>\n\t\t<div class=\"elementor-element elementor-element-48945284 e-con-full e-flex lakit-col-width-auto-no e-container e-con e-child\" data-id=\"48945284\" data-element_type=\"container\">\n\t\t\t\t<div class=\"elementor-element elementor-element-3951ce91 elementor-widget elementor-widget-image\" data-id=\"3951ce91\" data-element_type=\"widget\" data-widget_type=\"image.default\">\n\t\t\t\t<div class=\"elementor-widget-container\">\n\t\t\t<style>\/*! elementor - v3.23.0 - 05-08-2024 *\/\n.elementor-widget-image{text-align:center}.elementor-widget-image a{display:inline-block}.elementor-widget-image a img[src$=\".svg\"]{width:48px}.elementor-widget-image img{vertical-align:middle;display:inline-block}<\/style>\t\t\t\t\t\t\t\t\t\t<img fetchpriority=\"high\" decoding=\"async\" width=\"3222\" height=\"1938\" src=\"https:\/\/www.starsellersworld.com\/intl\/wp-content\/uploads\/2024\/07\/Design-ohne-Titel-116.png\" class=\"attachment-full size-full wp-image-2543\" alt=\"\" srcset=\"https:\/\/www.starsellersworld.com\/intl\/wp-content\/uploads\/2024\/07\/Design-ohne-Titel-116.png 3222w, https:\/\/www.starsellersworld.com\/intl\/wp-content\/uploads\/2024\/07\/Design-ohne-Titel-116-300x180.png 300w, https:\/\/www.starsellersworld.com\/intl\/wp-content\/uploads\/2024\/07\/Design-ohne-Titel-116-1024x616.png 1024w, https:\/\/www.starsellersworld.com\/intl\/wp-content\/uploads\/2024\/07\/Design-ohne-Titel-116-768x462.png 768w, https:\/\/www.starsellersworld.com\/intl\/wp-content\/uploads\/2024\/07\/Design-ohne-Titel-116-1536x924.png 1536w, https:\/\/www.starsellersworld.com\/intl\/wp-content\/uploads\/2024\/07\/Design-ohne-Titel-116-2048x1232.png 2048w\" sizes=\"(max-width: 3222px) 100vw, 3222px\" \/>\t\t\t\t\t\t\t\t\t\t\t\t\t<\/div>\n\t\t\t\t<\/div>\n\t\t\t\t<\/div>\n\t\t\t\t\t<\/div>\n\t\t\t\t<\/div>\n\t\t<div class=\"elementor-element elementor-element-0382666 elementor-hidden-desktop elementor-hidden-tablet_extra elementor-hidden-tablet e-flex e-con-boxed lakit-col-width-auto-no e-container e-root-container elementor-top-section e-con e-parent\" data-id=\"0382666\" data-element_type=\"container\" data-settings=\"{&quot;background_background&quot;:&quot;classic&quot;}\">\n\t\t\t\t\t<div class=\"e-con-inner\">\n\t\t<div class=\"elementor-element elementor-element-b4bf786 e-con-full e-flex lakit-col-width-auto-no e-container e-con e-child\" data-id=\"b4bf786\" data-element_type=\"container\">\n\t\t\t\t<div class=\"elementor-element elementor-element-ef73a2b elementor-widget elementor-widget-spacer\" data-id=\"ef73a2b\" data-element_type=\"widget\" data-widget_type=\"spacer.default\">\n\t\t\t\t<div class=\"elementor-widget-container\">\n\t\t\t\t\t<div class=\"elementor-spacer\">\n\t\t\t<div class=\"elementor-spacer-inner\"><\/div>\n\t\t<\/div>\n\t\t\t\t<\/div>\n\t\t\t\t<\/div>\n\t\t\t\t<div class=\"elementor-element elementor-element-9314159 elementor-widget__width-initial elementor-widget elementor-widget-heading\" data-id=\"9314159\" data-element_type=\"widget\" data-widget_type=\"heading.default\">\n\t\t\t\t<div class=\"elementor-widget-container\">\n\t\t\t<h1 class=\"elementor-heading-title elementor-size-default\">Distributor<\/h1>\t\t<\/div>\n\t\t\t\t<\/div>\n\t\t\t\t<div class=\"elementor-element elementor-element-b363039 elementor-widget elementor-widget-text-editor\" data-id=\"b363039\" data-element_type=\"widget\" data-widget_type=\"text-editor.default\">\n\t\t\t\t<div class=\"elementor-widget-container\">\n\t\t\t\t\t\t\t<div class=\"et_pb_text_overlay_wrapper\"><div class=\"et_pb_slide_content\"><p>Lieferanten und Hersteller versorgen Ihre H\u00e4ndler \u00fcber zentrale Starsellersworld MainDistributor Schnittstellen.<br \/>Sie suchen neue Vertriebswege? Neue Absatzwege?<br \/>Starsellersworld MainDistributor ist DIE Plattform f\u00fcr alle die ihren Handel optimieren und ausweiten m\u00f6chten<\/p><\/div><\/div>\t\t\t\t\t\t<\/div>\n\t\t\t\t<\/div>\n\t\t<div class=\"elementor-element elementor-element-10e6486 e-grid e-con-full lakit-col-width-auto-no e-container e-con e-child\" data-id=\"10e6486\" data-element_type=\"container\">\n\t\t\t\t<div class=\"elementor-element elementor-element-624ad98 elementor-align-left elementor-mobile-align-center elementor-widget elementor-widget-button\" data-id=\"624ad98\" data-element_type=\"widget\" data-widget_type=\"button.default\">\n\t\t\t\t<div class=\"elementor-widget-container\">\n\t\t\t\t\t<div class=\"elementor-button-wrapper\">\n\t\t\t<a class=\"elementor-button elementor-button-link elementor-size-sm\" href=\"https:\/\/www.starsellersworld.com\/intl\/test\/\">\n\t\t\t\t\t\t<span class=\"elementor-button-content-wrapper\">\n\t\t\t\t\t\t\t\t\t<span class=\"elementor-button-text\">Jetzt Testen<\/span>\n\t\t\t\t\t<\/span>\n\t\t\t\t\t<\/a>\n\t\t<\/div>\n\t\t\t\t<\/div>\n\t\t\t\t<\/div>\n\t\t\t\t<div class=\"elementor-element elementor-element-d237554 elementor-mobile-align-center elementor-widget elementor-widget-button\" data-id=\"d237554\" data-element_type=\"widget\" data-widget_type=\"button.default\">\n\t\t\t\t<div class=\"elementor-widget-container\">\n\t\t\t\t\t<div class=\"elementor-button-wrapper\">\n\t\t\t<a class=\"elementor-button elementor-button-link elementor-size-sm\" href=\"#inhalt\">\n\t\t\t\t\t\t<span class=\"elementor-button-content-wrapper\">\n\t\t\t\t\t\t\t\t\t<span class=\"elementor-button-text\">Mehr Erfahren<\/span>\n\t\t\t\t\t<\/span>\n\t\t\t\t\t<\/a>\n\t\t<\/div>\n\t\t\t\t<\/div>\n\t\t\t\t<\/div>\n\t\t\t\t<\/div>\n\t\t\t\t<\/div>\n\t\t\t\t\t<\/div>\n\t\t\t\t<\/div>\n\t\t\t\t<section class=\"elementor-section elementor-top-section elementor-element elementor-element-156c32e2 elementor-section-boxed elementor-section-height-default elementor-section-height-default e-parent\" data-id=\"156c32e2\" data-element_type=\"section\" id=\"inhalt\">\n\t\t\t\t\t\t<div class=\"elementor-container elementor-column-gap-default\">\n\t\t\t\t\t<div class=\"elementor-column elementor-col-50 elementor-top-column elementor-element elementor-element-4003effe lakit-col-width-auto-no\" data-id=\"4003effe\" data-element_type=\"column\">\n\t\t\t<div class=\"elementor-widget-wrap elementor-element-populated\">\n\t\t\t\t\t\t<div class=\"elementor-element elementor-element-abdf9aa elementor-widget__width-auto elementor-widget elementor-widget-image\" data-id=\"abdf9aa\" data-element_type=\"widget\" data-widget_type=\"image.default\">\n\t\t\t\t<div class=\"elementor-widget-container\">\n\t\t\t\t\t\t\t\t\t\t\t\t\t<img decoding=\"async\" width=\"1000\" height=\"1000\" src=\"https:\/\/www.starsellersworld.com\/intl\/wp-content\/uploads\/2024\/10\/13.png\" class=\"attachment-1536x1536 size-1536x1536 wp-image-10672\" alt=\"\" srcset=\"https:\/\/www.starsellersworld.com\/intl\/wp-content\/uploads\/2024\/10\/13.png 1000w, https:\/\/www.starsellersworld.com\/intl\/wp-content\/uploads\/2024\/10\/13-300x300.png 300w, https:\/\/www.starsellersworld.com\/intl\/wp-content\/uploads\/2024\/10\/13-150x150.png 150w, https:\/\/www.starsellersworld.com\/intl\/wp-content\/uploads\/2024\/10\/13-768x768.png 768w\" sizes=\"(max-width: 1000px) 100vw, 1000px\" \/>\t\t\t\t\t\t\t\t\t\t\t\t\t<\/div>\n\t\t\t\t<\/div>\n\t\t\t\t\t<\/div>\n\t\t<\/div>\n\t\t\t\t<div class=\"elementor-column elementor-col-50 elementor-top-column elementor-element elementor-element-9785a26 lakit-col-width-auto-no\" data-id=\"9785a26\" data-element_type=\"column\">\n\t\t\t<div class=\"elementor-widget-wrap elementor-element-populated\">\n\t\t\t\t\t\t<div class=\"elementor-element elementor-element-a419f9c elementor-widget elementor-widget-text-editor\" data-id=\"a419f9c\" data-element_type=\"widget\" data-widget_type=\"text-editor.default\">\n\t\t\t\t<div class=\"elementor-widget-container\">\n\t\t\t\t\t\t\t<p>Sublimieren Sie alle Schw\u00e4chen und Risiken in Tugenden und St\u00e4rken durch den Einsatz von der Marketing-Vertriebsl\u00f6sung MainDistributor von starsellersworld.com, in dem Sie<\/p><ul><li>Ihre Preispolitik aus einem System, mandanten\u00fcbergreifend steuern.<\/li><li>den Vertrieb exklusiver Sortimente gezielt gestatten oder verweigern.<\/li><li>angeschlossenen Satelliten der Familie Preiskorridore diktieren.<\/li><li>durch ein System, jederzeit den Markt nach Ihren Vorgaben vollautomatisch \u00fcberwachen und steuern lassen.<\/li><li>Anbieter- K\u00e4uferdaten Ihrem angestammten Handelsnetzwerk im AfterSales zu dem Zweck des Dialogmarketing bereitstellen.<\/li><\/ul><p>Zentral \u00fcber ein leistungsf\u00e4higes System eine beliebige Anzahl an H\u00e4ndlern mit aktuellen Artikelinformationen beliefern?<br \/>Mit den belastbaren Cloud-L\u00f6sungen von Starsellersworld stehen alle wichtigen Werkzeuge zur Verbreiterung der Absatzkan\u00e4le bereit.<\/p>\t\t\t\t\t\t<\/div>\n\t\t\t\t<\/div>\n\t\t\t\t\t<\/div>\n\t\t<\/div>\n\t\t\t\t\t<\/div>\n\t\t<\/section>\n\t\t<div class=\"elementor-element elementor-element-5ef6cf16 e-flex e-con-boxed lakit-col-width-auto-no e-container e-root-container elementor-top-section e-con e-parent\" data-id=\"5ef6cf16\" data-element_type=\"container\">\n\t\t\t\t\t<div class=\"e-con-inner\">\n\t\t\t\t<div class=\"elementor-element elementor-element-1e4eeac0 elementor-widget elementor-widget-heading\" data-id=\"1e4eeac0\" data-element_type=\"widget\" data-widget_type=\"heading.default\">\n\t\t\t\t<div class=\"elementor-widget-container\">\n\t\t\t<h4 class=\"elementor-heading-title elementor-size-default\">Einmal eingerichtet - F\u00fcr immer automatisiert<\/h4>\t\t<\/div>\n\t\t\t\t<\/div>\n\t\t\t\t<div class=\"elementor-element elementor-element-2167a44b elementor-widget elementor-widget-heading\" data-id=\"2167a44b\" data-element_type=\"widget\" data-widget_type=\"heading.default\">\n\t\t\t\t<div class=\"elementor-widget-container\">\n\t\t\t<h4 class=\"elementor-heading-title elementor-size-default\">Blitzschnell, m\u00fchelos, innovativ - in wenigen Minuten sind Sie bereit Ihre Verk\u00e4ufe zu maximieren<\/h4>\t\t<\/div>\n\t\t\t\t<\/div>\n\t\t\t\t\t<\/div>\n\t\t\t\t<\/div>\n\t\t<div class=\"elementor-element elementor-element-441b4f9 elementor-hidden-mobile e-flex e-con-boxed lakit-col-width-auto-no e-container e-root-container elementor-top-section e-con e-parent\" data-id=\"441b4f9\" data-element_type=\"container\">\n\t\t\t\t\t<div class=\"e-con-inner\">\n\t\t<div class=\"elementor-element elementor-element-492f8ba9 e-con-full e-flex lakit-col-width-auto-no e-container e-con e-child\" data-id=\"492f8ba9\" data-element_type=\"container\">\n\t\t\t\t<div class=\"elementor-element elementor-element-9cc7826 elementor-widget elementor-widget-heading\" data-id=\"9cc7826\" data-element_type=\"widget\" data-widget_type=\"heading.default\">\n\t\t\t\t<div class=\"elementor-widget-container\">\n\t\t\t<h2 class=\"elementor-heading-title elementor-size-default\">- 01<\/h2>\t\t<\/div>\n\t\t\t\t<\/div>\n\t\t<div class=\"elementor-element elementor-element-62819eed e-con-full e-flex lakit-col-width-auto-no e-container e-con e-child\" data-id=\"62819eed\" data-element_type=\"container\">\n\t\t\t\t<div class=\"elementor-element elementor-element-6ea62469 elementor-icon-list--layout-traditional elementor-list-item-link-full_width elementor-widget elementor-widget-icon-list\" data-id=\"6ea62469\" data-element_type=\"widget\" data-widget_type=\"icon-list.default\">\n\t\t\t\t<div class=\"elementor-widget-container\">\n\t\t\t<link rel=\"stylesheet\" href=\"https:\/\/www.starsellersworld.com\/intl\/wp-content\/uploads\/elementor\/css\/custom-widget-icon-list.min.css?ver=1728468537\">\t\t<ul class=\"elementor-icon-list-items\">\n\t\t\t\t\t\t\t<li class=\"elementor-icon-list-item\">\n\t\t\t\t\t\t\t\t\t\t\t<span class=\"elementor-icon-list-icon\">\n\t\t\t\t\t\t\t<svg aria-hidden=\"true\" class=\"e-font-icon-svg e-fas-check-circle\" viewBox=\"0 0 512 512\" xmlns=\"http:\/\/www.w3.org\/2000\/svg\"><path d=\"M504 256c0 136.967-111.033 248-248 248S8 392.967 8 256 119.033 8 256 8s248 111.033 248 248zM227.314 387.314l184-184c6.248-6.248 6.248-16.379 0-22.627l-22.627-22.627c-6.248-6.249-16.379-6.249-22.628 0L216 308.118l-70.059-70.059c-6.248-6.248-16.379-6.248-22.628 0l-22.627 22.627c-6.248 6.248-6.248 16.379 0 22.627l104 104c6.249 6.249 16.379 6.249 22.628.001z\"><\/path><\/svg>\t\t\t\t\t\t<\/span>\n\t\t\t\t\t\t\t\t\t\t<span class=\"elementor-icon-list-text\">Kostenlosen Account <br>einrichten<\/span>\n\t\t\t\t\t\t\t\t\t<\/li>\n\t\t\t\t\t\t<\/ul>\n\t\t\t\t<\/div>\n\t\t\t\t<\/div>\n\t\t\t\t<div class=\"elementor-element elementor-element-5bd93f7c elementor-widget elementor-widget-text-editor\" data-id=\"5bd93f7c\" data-element_type=\"widget\" data-widget_type=\"text-editor.default\">\n\t\t\t\t<div class=\"elementor-widget-container\">\n\t\t\t\t\t\t\t<p>Melden Sie sich auf unserer Plattform an und verbinden Sie Ihr Amazon-Verk\u00e4uferkonto.\u00a0<\/p>\t\t\t\t\t\t<\/div>\n\t\t\t\t<\/div>\n\t\t\t\t<\/div>\n\t\t\t\t<\/div>\n\t\t<div class=\"elementor-element elementor-element-1ba5a122 e-con-full e-flex lakit-col-width-auto-no e-container e-con e-child\" data-id=\"1ba5a122\" data-element_type=\"container\">\n\t\t<div class=\"elementor-element elementor-element-26d0b1ec e-con-full e-flex lakit-col-width-auto-no e-container e-con e-child\" data-id=\"26d0b1ec\" data-element_type=\"container\">\n\t\t\t\t<div class=\"elementor-element elementor-element-54d2fe5d elementor-icon-list--layout-traditional elementor-list-item-link-full_width elementor-widget elementor-widget-icon-list\" data-id=\"54d2fe5d\" data-element_type=\"widget\" data-widget_type=\"icon-list.default\">\n\t\t\t\t<div class=\"elementor-widget-container\">\n\t\t\t\t\t<ul class=\"elementor-icon-list-items\">\n\t\t\t\t\t\t\t<li class=\"elementor-icon-list-item\">\n\t\t\t\t\t\t\t\t\t\t\t<span class=\"elementor-icon-list-icon\">\n\t\t\t\t\t\t\t<svg aria-hidden=\"true\" class=\"e-font-icon-svg e-fas-check-circle\" viewBox=\"0 0 512 512\" xmlns=\"http:\/\/www.w3.org\/2000\/svg\"><path d=\"M504 256c0 136.967-111.033 248-248 248S8 392.967 8 256 119.033 8 256 8s248 111.033 248 248zM227.314 387.314l184-184c6.248-6.248 6.248-16.379 0-22.627l-22.627-22.627c-6.248-6.249-16.379-6.249-22.628 0L216 308.118l-70.059-70.059c-6.248-6.248-16.379-6.248-22.628 0l-22.627 22.627c-6.248 6.248-6.248 16.379 0 22.627l104 104c6.249 6.249 16.379 6.249 22.628.001z\"><\/path><\/svg>\t\t\t\t\t\t<\/span>\n\t\t\t\t\t\t\t\t\t\t<span class=\"elementor-icon-list-text\">Einstellungen und <br>Ziele festlegen<\/span>\n\t\t\t\t\t\t\t\t\t<\/li>\n\t\t\t\t\t\t<\/ul>\n\t\t\t\t<\/div>\n\t\t\t\t<\/div>\n\t\t\t\t<div class=\"elementor-element elementor-element-60c67ab7 elementor-widget elementor-widget-text-editor\" data-id=\"60c67ab7\" data-element_type=\"widget\" data-widget_type=\"text-editor.default\">\n\t\t\t\t<div class=\"elementor-widget-container\">\n\t\t\t\t\t\t\t<p>Passen Sie die Plattform an Ihre spezifischen Bed\u00fcrfnisse an.\u00a0<\/p>\t\t\t\t\t\t<\/div>\n\t\t\t\t<\/div>\n\t\t\t\t<\/div>\n\t\t\t\t<div class=\"elementor-element elementor-element-4fead213 elementor-widget elementor-widget-heading\" data-id=\"4fead213\" data-element_type=\"widget\" data-widget_type=\"heading.default\">\n\t\t\t\t<div class=\"elementor-widget-container\">\n\t\t\t<h2 class=\"elementor-heading-title elementor-size-default\">- 02<\/h2>\t\t<\/div>\n\t\t\t\t<\/div>\n\t\t\t\t<\/div>\n\t\t<div class=\"elementor-element elementor-element-1aaa8e3c e-con-full e-flex lakit-col-width-auto-no e-container e-con e-child\" data-id=\"1aaa8e3c\" data-element_type=\"container\">\n\t\t\t\t<div class=\"elementor-element elementor-element-6894d0b0 elementor-widget elementor-widget-heading\" data-id=\"6894d0b0\" data-element_type=\"widget\" data-widget_type=\"heading.default\">\n\t\t\t\t<div class=\"elementor-widget-container\">\n\t\t\t<h2 class=\"elementor-heading-title elementor-size-default\">- 03<\/h2>\t\t<\/div>\n\t\t\t\t<\/div>\n\t\t<div class=\"elementor-element elementor-element-d86592f e-con-full e-flex lakit-col-width-auto-no e-container e-con e-child\" data-id=\"d86592f\" data-element_type=\"container\">\n\t\t\t\t<div class=\"elementor-element elementor-element-2cad61b elementor-icon-list--layout-traditional elementor-list-item-link-full_width elementor-widget elementor-widget-icon-list\" data-id=\"2cad61b\" data-element_type=\"widget\" data-widget_type=\"icon-list.default\">\n\t\t\t\t<div class=\"elementor-widget-container\">\n\t\t\t\t\t<ul class=\"elementor-icon-list-items\">\n\t\t\t\t\t\t\t<li class=\"elementor-icon-list-item\">\n\t\t\t\t\t\t\t\t\t\t\t<span class=\"elementor-icon-list-icon\">\n\t\t\t\t\t\t\t<svg aria-hidden=\"true\" class=\"e-font-icon-svg e-fas-check-circle\" viewBox=\"0 0 512 512\" xmlns=\"http:\/\/www.w3.org\/2000\/svg\"><path d=\"M504 256c0 136.967-111.033 248-248 248S8 392.967 8 256 119.033 8 256 8s248 111.033 248 248zM227.314 387.314l184-184c6.248-6.248 6.248-16.379 0-22.627l-22.627-22.627c-6.248-6.249-16.379-6.249-22.628 0L216 308.118l-70.059-70.059c-6.248-6.248-16.379-6.248-22.628 0l-22.627 22.627c-6.248 6.248-6.248 16.379 0 22.627l104 104c6.249 6.249 16.379 6.249 22.628.001z\"><\/path><\/svg>\t\t\t\t\t\t<\/span>\n\t\t\t\t\t\t\t\t\t\t<span class=\"elementor-icon-list-text\">Erste Optimierungen und Analysen starten<\/span>\n\t\t\t\t\t\t\t\t\t<\/li>\n\t\t\t\t\t\t<\/ul>\n\t\t\t\t<\/div>\n\t\t\t\t<\/div>\n\t\t\t\t<div class=\"elementor-element elementor-element-5d66008d elementor-widget elementor-widget-text-editor\" data-id=\"5d66008d\" data-element_type=\"widget\" data-widget_type=\"text-editor.default\">\n\t\t\t\t<div class=\"elementor-widget-container\">\n\t\t\t\t\t\t\t<p>Melden Sie sich auf unserer Plattform an und verbinden Sie Ihr Amazon-Verk\u00e4uferkonto.\u00a0<\/p>\t\t\t\t\t\t<\/div>\n\t\t\t\t<\/div>\n\t\t\t\t<\/div>\n\t\t\t\t<\/div>\n\t\t\t\t\t<\/div>\n\t\t\t\t<\/div>\n\t\t\t\t<\/div>\n\t\t","protected":false},"excerpt":{"rendered":"<p>Distributor Lieferanten und Hersteller versorgen Ihre H\u00e4ndler \u00fcber zentrale Starsellersworld MainDistributor Schnittstellen.Sie suchen neue Vertriebswege? Neue Absatzwege?Starsellersworld MainDistributor ist DIE Plattform f\u00fcr alle die ihren Handel optimieren und ausweiten m\u00f6chten Jetzt Testen Mehr Erfahren Distributor Lieferanten und Hersteller versorgen Ihre H\u00e4ndler \u00fcber zentrale Starsellersworld MainDistributor Schnittstellen.Sie suchen neue Vertriebswege? Neue Absatzwege?Starsellersworld MainDistributor ist DIE Plattform [&hellip;]<\/p>\n","protected":false},"author":1406,"featured_media":0,"parent":0,"menu_order":0,"comment_status":"closed","ping_status":"closed","template":"","meta":{"_exactmetrics_skip_tracking":false,"_exactmetrics_sitenote_active":false,"_exactmetrics_sitenote_note":"","_exactmetrics_sitenote_category":0,"footnotes":""},"class_list":["post-8725","page","type-page","status-publish","hentry"],"aioseo_notices":[],"_links":{"self":[{"href":"https:\/\/www.starsellersworld.com\/intl\/wp-json\/wp\/v2\/pages\/8725","targetHints":{"allow":["GET"]}}],"collection":[{"href":"https:\/\/www.starsellersworld.com\/intl\/wp-json\/wp\/v2\/pages"}],"about":[{"href":"https:\/\/www.starsellersworld.com\/intl\/wp-json\/wp\/v2\/types\/page"}],"author":[{"embeddable":true,"href":"https:\/\/www.starsellersworld.com\/intl\/wp-json\/wp\/v2\/users\/1406"}],"replies":[{"embeddable":true,"href":"https:\/\/www.starsellersworld.com\/intl\/wp-json\/wp\/v2\/comments?post=8725"}],"version-history":[{"count":26,"href":"https:\/\/www.starsellersworld.com\/intl\/wp-json\/wp\/v2\/pages\/8725\/revisions"}],"predecessor-version":[{"id":11525,"href":"https:\/\/www.starsellersworld.com\/intl\/wp-json\/wp\/v2\/pages\/8725\/revisions\/11525"}],"wp:attachment":[{"href":"https:\/\/www.starsellersworld.com\/intl\/wp-json\/wp\/v2\/media?parent=8725"}],"curies":[{"name":"wp","href":"https:\/\/api.w.org\/{rel}","templated":true}]}}