{"id":9512,"date":"2024-10-10T18:13:57","date_gmt":"2024-10-10T16:13:57","guid":{"rendered":"https:\/\/www.starsellersworld.com\/intl\/?page_id=9512"},"modified":"2024-10-24T15:38:09","modified_gmt":"2024-10-24T13:38:09","slug":"eine-grosse-schnittstellenvielfalt-2","status":"publish","type":"page","link":"https:\/\/www.starsellersworld.com\/intl\/eine-grosse-schnittstellenvielfalt-2\/","title":{"rendered":"Eine grosse Schnittstellenvielfalt"},"content":{"rendered":"\t\t<div data-elementor-type=\"wp-page\" data-elementor-id=\"9512\" class=\"elementor elementor-9512\" data-elementor-post-type=\"page\">\n\t\t\t\t<div class=\"elementor-element elementor-element-7457e915 elementor-hidden-mobile e-flex e-con-boxed lakit-col-width-auto-no e-container e-root-container elementor-top-section e-con e-parent\" data-id=\"7457e915\" data-element_type=\"container\" data-settings=\"{&quot;background_background&quot;:&quot;classic&quot;}\">\n\t\t\t\t\t<div class=\"e-con-inner\">\n\t\t<div class=\"elementor-element elementor-element-45a4d0c4 e-con-full e-flex lakit-col-width-auto-no e-container e-con e-child\" data-id=\"45a4d0c4\" data-element_type=\"container\">\n\t\t\t\t<div class=\"elementor-element elementor-element-3983ef2e elementor-widget elementor-widget-spacer\" data-id=\"3983ef2e\" data-element_type=\"widget\" data-widget_type=\"spacer.default\">\n\t\t\t\t<div class=\"elementor-widget-container\">\n\t\t\t<style>\/*! elementor - v3.23.0 - 05-08-2024 *\/\n.elementor-column .elementor-spacer-inner{height:var(--spacer-size)}.e-con{--container-widget-width:100%}.e-con-inner>.elementor-widget-spacer,.e-con>.elementor-widget-spacer{width:var(--container-widget-width,var(--spacer-size));--align-self:var(--container-widget-align-self,initial);--flex-shrink:0}.e-con-inner>.elementor-widget-spacer>.elementor-widget-container,.e-con>.elementor-widget-spacer>.elementor-widget-container{height:100%;width:100%}.e-con-inner>.elementor-widget-spacer>.elementor-widget-container>.elementor-spacer,.e-con>.elementor-widget-spacer>.elementor-widget-container>.elementor-spacer{height:100%}.e-con-inner>.elementor-widget-spacer>.elementor-widget-container>.elementor-spacer>.elementor-spacer-inner,.e-con>.elementor-widget-spacer>.elementor-widget-container>.elementor-spacer>.elementor-spacer-inner{height:var(--container-widget-height,var(--spacer-size))}.e-con-inner>.elementor-widget-spacer.elementor-widget-empty,.e-con>.elementor-widget-spacer.elementor-widget-empty{position:relative;min-height:22px;min-width:22px}.e-con-inner>.elementor-widget-spacer.elementor-widget-empty .elementor-widget-empty-icon,.e-con>.elementor-widget-spacer.elementor-widget-empty .elementor-widget-empty-icon{position:absolute;top:0;bottom:0;left:0;right:0;margin:auto;padding:0;width:22px;height:22px}<\/style>\t\t<div class=\"elementor-spacer\">\n\t\t\t<div class=\"elementor-spacer-inner\"><\/div>\n\t\t<\/div>\n\t\t\t\t<\/div>\n\t\t\t\t<\/div>\n\t\t\t\t<div class=\"elementor-element elementor-element-53edc9ac elementor-widget__width-initial elementor-widget elementor-widget-heading\" data-id=\"53edc9ac\" data-element_type=\"widget\" data-widget_type=\"heading.default\">\n\t\t\t\t<div class=\"elementor-widget-container\">\n\t\t\t<style>\/*! elementor - v3.23.0 - 05-08-2024 *\/\n.elementor-heading-title{padding:0;margin:0;line-height:1}.elementor-widget-heading .elementor-heading-title[class*=elementor-size-]>a{color:inherit;font-size:inherit;line-height:inherit}.elementor-widget-heading .elementor-heading-title.elementor-size-small{font-size:15px}.elementor-widget-heading .elementor-heading-title.elementor-size-medium{font-size:19px}.elementor-widget-heading .elementor-heading-title.elementor-size-large{font-size:29px}.elementor-widget-heading .elementor-heading-title.elementor-size-xl{font-size:39px}.elementor-widget-heading .elementor-heading-title.elementor-size-xxl{font-size:59px}<\/style><h1 class=\"elementor-heading-title elementor-size-default\">Eine grosse Schnittstellenvielfalt<\/h1>\t\t<\/div>\n\t\t\t\t<\/div>\n\t\t\t\t<div class=\"elementor-element elementor-element-761a0d15 elementor-widget elementor-widget-text-editor\" data-id=\"761a0d15\" data-element_type=\"widget\" data-widget_type=\"text-editor.default\">\n\t\t\t\t<div class=\"elementor-widget-container\">\n\t\t\t<style>\/*! elementor - v3.23.0 - 05-08-2024 *\/\n.elementor-widget-text-editor.elementor-drop-cap-view-stacked .elementor-drop-cap{background-color:#69727d;color:#fff}.elementor-widget-text-editor.elementor-drop-cap-view-framed .elementor-drop-cap{color:#69727d;border:3px solid;background-color:transparent}.elementor-widget-text-editor:not(.elementor-drop-cap-view-default) .elementor-drop-cap{margin-top:8px}.elementor-widget-text-editor:not(.elementor-drop-cap-view-default) .elementor-drop-cap-letter{width:1em;height:1em}.elementor-widget-text-editor .elementor-drop-cap{float:left;text-align:center;line-height:1;font-size:50px}.elementor-widget-text-editor .elementor-drop-cap-letter{display:inline-block}<\/style>\t\t\t\t<div class=\"et_pb_text_overlay_wrapper\"><div class=\"et_pb_slide_content\"><p>Im Handelsalltag kommen eine Menge Daten zusammen. Best\u00e4nde und Preise \u00e4ndern sich, Artikel laufen aus, neue kommen hinzu, Bestellungen m\u00fcssen verwaltet und weitergereicht werden&#8230; Um alles unter Kontrolle zu halten, bedarf es entsprechenden Aufwands.<\/p><\/div><\/div>\t\t\t\t\t\t<\/div>\n\t\t\t\t<\/div>\n\t\t<div class=\"elementor-element elementor-element-5482e35f e-grid e-con-full lakit-col-width-auto-no e-container e-con e-child\" data-id=\"5482e35f\" data-element_type=\"container\">\n\t\t\t\t<div class=\"elementor-element elementor-element-3b5688ff elementor-align-left elementor-mobile-align-center elementor-widget elementor-widget-button\" data-id=\"3b5688ff\" data-element_type=\"widget\" data-widget_type=\"button.default\">\n\t\t\t\t<div class=\"elementor-widget-container\">\n\t\t\t\t\t<div class=\"elementor-button-wrapper\">\n\t\t\t<a class=\"elementor-button elementor-button-link elementor-size-sm\" href=\"#\">\n\t\t\t\t\t\t<span class=\"elementor-button-content-wrapper\">\n\t\t\t\t\t\t\t\t\t<span class=\"elementor-button-text\">Jetzt Testen<\/span>\n\t\t\t\t\t<\/span>\n\t\t\t\t\t<\/a>\n\t\t<\/div>\n\t\t\t\t<\/div>\n\t\t\t\t<\/div>\n\t\t\t\t<div class=\"elementor-element elementor-element-25ff5370 elementor-mobile-align-center elementor-widget elementor-widget-button\" data-id=\"25ff5370\" data-element_type=\"widget\" data-widget_type=\"button.default\">\n\t\t\t\t<div class=\"elementor-widget-container\">\n\t\t\t\t\t<div class=\"elementor-button-wrapper\">\n\t\t\t<a class=\"elementor-button elementor-button-link elementor-size-sm\" href=\"#\">\n\t\t\t\t\t\t<span class=\"elementor-button-content-wrapper\">\n\t\t\t\t\t\t\t\t\t<span class=\"elementor-button-text\">Mehr Erfahren<\/span>\n\t\t\t\t\t<\/span>\n\t\t\t\t\t<\/a>\n\t\t<\/div>\n\t\t\t\t<\/div>\n\t\t\t\t<\/div>\n\t\t\t\t<\/div>\n\t\t\t\t<\/div>\n\t\t<div class=\"elementor-element elementor-element-789f737d e-con-full e-flex lakit-col-width-auto-no e-container e-con e-child\" data-id=\"789f737d\" data-element_type=\"container\">\n\t\t\t\t<div class=\"elementor-element elementor-element-73978fcd elementor-widget elementor-widget-image\" data-id=\"73978fcd\" data-element_type=\"widget\" data-widget_type=\"image.default\">\n\t\t\t\t<div class=\"elementor-widget-container\">\n\t\t\t<style>\/*! elementor - v3.23.0 - 05-08-2024 *\/\n.elementor-widget-image{text-align:center}.elementor-widget-image a{display:inline-block}.elementor-widget-image a img[src$=\".svg\"]{width:48px}.elementor-widget-image img{vertical-align:middle;display:inline-block}<\/style>\t\t\t\t\t\t\t\t\t\t<img fetchpriority=\"high\" decoding=\"async\" width=\"3222\" height=\"1938\" src=\"https:\/\/www.starsellersworld.com\/intl\/wp-content\/uploads\/2024\/07\/Design-ohne-Titel-116.png\" class=\"attachment-full size-full wp-image-2543\" alt=\"\" srcset=\"https:\/\/www.starsellersworld.com\/intl\/wp-content\/uploads\/2024\/07\/Design-ohne-Titel-116.png 3222w, https:\/\/www.starsellersworld.com\/intl\/wp-content\/uploads\/2024\/07\/Design-ohne-Titel-116-300x180.png 300w, https:\/\/www.starsellersworld.com\/intl\/wp-content\/uploads\/2024\/07\/Design-ohne-Titel-116-1024x616.png 1024w, https:\/\/www.starsellersworld.com\/intl\/wp-content\/uploads\/2024\/07\/Design-ohne-Titel-116-768x462.png 768w, https:\/\/www.starsellersworld.com\/intl\/wp-content\/uploads\/2024\/07\/Design-ohne-Titel-116-1536x924.png 1536w, https:\/\/www.starsellersworld.com\/intl\/wp-content\/uploads\/2024\/07\/Design-ohne-Titel-116-2048x1232.png 2048w\" sizes=\"(max-width: 3222px) 100vw, 3222px\" \/>\t\t\t\t\t\t\t\t\t\t\t\t\t<\/div>\n\t\t\t\t<\/div>\n\t\t\t\t<\/div>\n\t\t\t\t\t<\/div>\n\t\t\t\t<\/div>\n\t\t\t\t<section class=\"elementor-section elementor-top-section elementor-element elementor-element-6aa29e49 elementor-section-boxed elementor-section-height-default elementor-section-height-default e-parent\" data-id=\"6aa29e49\" data-element_type=\"section\">\n\t\t\t\t\t\t<div class=\"elementor-container elementor-column-gap-default\">\n\t\t\t\t\t<div class=\"elementor-column elementor-col-50 elementor-top-column elementor-element elementor-element-2d382a0 lakit-col-width-auto-no\" data-id=\"2d382a0\" data-element_type=\"column\">\n\t\t\t<div class=\"elementor-widget-wrap elementor-element-populated\">\n\t\t\t\t\t\t<div class=\"elementor-element elementor-element-bd43387 elementor-widget__width-auto elementor-widget elementor-widget-image\" data-id=\"bd43387\" data-element_type=\"widget\" data-widget_type=\"image.default\">\n\t\t\t\t<div class=\"elementor-widget-container\">\n\t\t\t\t\t\t\t\t\t\t\t\t\t<img decoding=\"async\" width=\"508\" height=\"528\" src=\"https:\/\/www.starsellersworld.com\/intl\/wp-content\/uploads\/2024\/10\/feature-img1.jpg\" class=\"attachment-1536x1536 size-1536x1536 wp-image-8129\" alt=\"\" srcset=\"https:\/\/www.starsellersworld.com\/intl\/wp-content\/uploads\/2024\/10\/feature-img1.jpg 508w, https:\/\/www.starsellersworld.com\/intl\/wp-content\/uploads\/2024\/10\/feature-img1-289x300.jpg 289w\" sizes=\"(max-width: 508px) 100vw, 508px\" \/>\t\t\t\t\t\t\t\t\t\t\t\t\t<\/div>\n\t\t\t\t<\/div>\n\t\t\t\t<div class=\"elementor-element elementor-element-14302143 elementor-widget__width-auto elementor-absolute elementor-widget elementor-widget-image\" data-id=\"14302143\" data-element_type=\"widget\" data-settings=\"{&quot;_position&quot;:&quot;absolute&quot;}\" data-widget_type=\"image.default\">\n\t\t\t\t<div class=\"elementor-widget-container\">\n\t\t\t\t\t\t\t\t\t\t\t\t\t<img decoding=\"async\" width=\"247\" height=\"140\" src=\"https:\/\/www.starsellersworld.com\/intl\/wp-content\/uploads\/2024\/10\/amazon_plus-1.png\" class=\"attachment-1536x1536 size-1536x1536 wp-image-8291\" alt=\"\" \/>\t\t\t\t\t\t\t\t\t\t\t\t\t<\/div>\n\t\t\t\t<\/div>\n\t\t\t\t\t<\/div>\n\t\t<\/div>\n\t\t\t\t<div class=\"elementor-column elementor-col-50 elementor-top-column elementor-element elementor-element-54cee763 lakit-col-width-auto-no\" data-id=\"54cee763\" data-element_type=\"column\">\n\t\t\t<div class=\"elementor-widget-wrap elementor-element-populated\">\n\t\t\t\t\t\t<div class=\"elementor-element elementor-element-3f120067 elementor-widget elementor-widget-text-editor\" data-id=\"3f120067\" data-element_type=\"widget\" data-widget_type=\"text-editor.default\">\n\t\t\t\t<div class=\"elementor-widget-container\">\n\t\t\t\t\t\t\t<p>Automatische Systeme und Schnittstellenl\u00f6sungen k\u00f6nnen viel Arbeit abnehmen. Warum also nicht EIN System die wichtigsten Arbeiten zentral gesteuert \u00fcbernehmen lassen, wenn damit alle Prozesse in logischer Folge und unabh\u00e4ngig jeglicher B\u00fcrozeiten permament optimiert und ausgetauscht werden k\u00f6nnen?<\/p>\t\t\t\t\t\t<\/div>\n\t\t\t\t<\/div>\n\t\t\t\t<div class=\"elementor-element elementor-element-6d0acd4 elementor-widget elementor-widget-text-editor\" data-id=\"6d0acd4\" data-element_type=\"widget\" data-widget_type=\"text-editor.default\">\n\t\t\t\t<div class=\"elementor-widget-container\">\n\t\t\t\t\t\t\t<p>Mit der modularen Systemwelt von Starsellersworld k\u00f6nnen s\u00e4mtliche Drittsysteme, Verkaufsplattformen und Onlineshops \u00fcber vielf\u00e4ltige, universelle Schnittstellen angebunden und miteinander verzahnt werden. Daten k\u00f6nnen mit flexibler, individuell gestalteter Logik, vor dem \u00dcbergeben an die angeschlossenen Schnittstellen, wunschgem\u00e4\u00df optimiert werden.<br \/>Starsellersworld kann dank eigenem Rechenzentrum als extrem belastbare und innovative L\u00f6sung im Mittelpunkt alle wichtigen Prozesse steuern.<\/p>\t\t\t\t\t\t<\/div>\n\t\t\t\t<\/div>\n\t\t\t\t<section class=\"elementor-section elementor-inner-section elementor-element elementor-element-2be7948a elementor-section-boxed elementor-section-height-default elementor-section-height-default\" data-id=\"2be7948a\" data-element_type=\"section\">\n\t\t\t\t\t\t<div class=\"elementor-container elementor-column-gap-default\">\n\t\t\t\t\t<div class=\"elementor-column elementor-col-100 elementor-inner-column elementor-element elementor-element-790efbf3 lakit-col-width-auto-no\" data-id=\"790efbf3\" data-element_type=\"column\">\n\t\t\t<div class=\"elementor-widget-wrap elementor-element-populated\">\n\t\t\t\t\t\t<div class=\"elementor-element elementor-element-491fe177 elementor-view-stacked elementor-position-left elementor-vertical-align-middle elementor-widget__width-auto elementor-widget-mobile__width-inherit elementor-shape-circle elementor-mobile-position-top elementor-widget elementor-widget-icon-box\" data-id=\"491fe177\" data-element_type=\"widget\" data-widget_type=\"icon-box.default\">\n\t\t\t\t<div class=\"elementor-widget-container\">\n\t\t\t<link rel=\"stylesheet\" href=\"https:\/\/www.starsellersworld.com\/intl\/wp-content\/uploads\/elementor\/css\/custom-widget-icon-box.min.css?ver=1728468537\">\t\t<div class=\"elementor-icon-box-wrapper\">\n\n\t\t\t\t\t\t<div class=\"elementor-icon-box-icon\">\n\t\t\t\t<span  class=\"elementor-icon elementor-animation-\">\n\t\t\t\t<i aria-hidden=\"true\" class=\"icon icon-check\"><\/i>\t\t\t\t<\/span>\n\t\t\t<\/div>\n\t\t\t\n\t\t\t\t\t\t<div class=\"elementor-icon-box-content\">\n\n\t\t\t\t\t\t\t\t\t<p class=\"elementor-icon-box-title\">\n\t\t\t\t\t\t<span  >\n\t\t\t\t\t\t\t20 Jahre Erfahrung\t\t\t\t\t\t<\/span>\n\t\t\t\t\t<\/p>\n\t\t\t\t\n\t\t\t\t\n\t\t\t<\/div>\n\t\t\t\n\t\t<\/div>\n\t\t\t\t<\/div>\n\t\t\t\t<\/div>\n\t\t\t\t<div class=\"elementor-element elementor-element-70523605 elementor-view-stacked elementor-position-left elementor-vertical-align-middle elementor-widget__width-auto elementor-widget-mobile__width-inherit elementor-shape-circle elementor-mobile-position-top elementor-widget elementor-widget-icon-box\" data-id=\"70523605\" data-element_type=\"widget\" data-widget_type=\"icon-box.default\">\n\t\t\t\t<div class=\"elementor-widget-container\">\n\t\t\t\t\t<div class=\"elementor-icon-box-wrapper\">\n\n\t\t\t\t\t\t<div class=\"elementor-icon-box-icon\">\n\t\t\t\t<span  class=\"elementor-icon elementor-animation-\">\n\t\t\t\t<i aria-hidden=\"true\" class=\"icon icon-check\"><\/i>\t\t\t\t<\/span>\n\t\t\t<\/div>\n\t\t\t\n\t\t\t\t\t\t<div class=\"elementor-icon-box-content\">\n\n\t\t\t\t\t\t\t\t\t<p class=\"elementor-icon-box-title\">\n\t\t\t\t\t\t<span  >\n\t\t\t\t\t\t\tEchtzeit Preisberechnung\t\t\t\t\t\t<\/span>\n\t\t\t\t\t<\/p>\n\t\t\t\t\n\t\t\t\t\n\t\t\t<\/div>\n\t\t\t\n\t\t<\/div>\n\t\t\t\t<\/div>\n\t\t\t\t<\/div>\n\t\t\t\t<div class=\"elementor-element elementor-element-61e50474 elementor-view-stacked elementor-position-left elementor-vertical-align-middle elementor-widget__width-auto elementor-widget-mobile__width-inherit elementor-shape-circle elementor-mobile-position-top elementor-widget elementor-widget-icon-box\" data-id=\"61e50474\" data-element_type=\"widget\" data-widget_type=\"icon-box.default\">\n\t\t\t\t<div class=\"elementor-widget-container\">\n\t\t\t\t\t<div class=\"elementor-icon-box-wrapper\">\n\n\t\t\t\t\t\t<div class=\"elementor-icon-box-icon\">\n\t\t\t\t<span  class=\"elementor-icon elementor-animation-\">\n\t\t\t\t<i aria-hidden=\"true\" class=\"icon icon-check\"><\/i>\t\t\t\t<\/span>\n\t\t\t<\/div>\n\t\t\t\n\t\t\t\t\t\t<div class=\"elementor-icon-box-content\">\n\n\t\t\t\t\t\t\t\t\t<p class=\"elementor-icon-box-title\">\n\t\t\t\t\t\t<span  >\n\t\t\t\t\t\t\tDirekte \u00dcbermittlung\t\t\t\t\t\t<\/span>\n\t\t\t\t\t<\/p>\n\t\t\t\t\n\t\t\t\t\n\t\t\t<\/div>\n\t\t\t\n\t\t<\/div>\n\t\t\t\t<\/div>\n\t\t\t\t<\/div>\n\t\t\t\t\t<\/div>\n\t\t<\/div>\n\t\t\t\t\t<\/div>\n\t\t<\/section>\n\t\t\t\t\t<\/div>\n\t\t<\/div>\n\t\t\t\t\t<\/div>\n\t\t<\/section>\n\t\t<div class=\"elementor-element elementor-element-702e8694 e-flex e-con-boxed lakit-col-width-auto-no e-container e-root-container elementor-top-section e-con e-parent\" data-id=\"702e8694\" data-element_type=\"container\">\n\t\t\t\t\t<div class=\"e-con-inner\">\n\t\t\t\t<div class=\"elementor-element elementor-element-c8418e5 elementor-widget elementor-widget-heading\" data-id=\"c8418e5\" data-element_type=\"widget\" data-widget_type=\"heading.default\">\n\t\t\t\t<div class=\"elementor-widget-container\">\n\t\t\t<h4 class=\"elementor-heading-title elementor-size-default\">Einmal eingerichtet - F\u00fcr immer automatisiert<\/h4>\t\t<\/div>\n\t\t\t\t<\/div>\n\t\t\t\t<div class=\"elementor-element elementor-element-7b02a0a elementor-widget elementor-widget-heading\" data-id=\"7b02a0a\" data-element_type=\"widget\" data-widget_type=\"heading.default\">\n\t\t\t\t<div class=\"elementor-widget-container\">\n\t\t\t<h4 class=\"elementor-heading-title elementor-size-default\">Blitzschnell, m\u00fchelos, innovativ - in wenigen Minuten sind Sie bereit Ihre Verk\u00e4ufe zu maximieren<\/h4>\t\t<\/div>\n\t\t\t\t<\/div>\n\t\t\t\t\t<\/div>\n\t\t\t\t<\/div>\n\t\t<div class=\"elementor-element elementor-element-74914ea6 elementor-hidden-mobile e-flex e-con-boxed lakit-col-width-auto-no e-container e-root-container elementor-top-section e-con e-parent\" data-id=\"74914ea6\" data-element_type=\"container\">\n\t\t\t\t\t<div class=\"e-con-inner\">\n\t\t<div class=\"elementor-element elementor-element-53b9715f e-con-full e-flex lakit-col-width-auto-no e-container e-con e-child\" data-id=\"53b9715f\" data-element_type=\"container\">\n\t\t\t\t<div class=\"elementor-element elementor-element-6b575558 elementor-widget elementor-widget-heading\" data-id=\"6b575558\" data-element_type=\"widget\" data-widget_type=\"heading.default\">\n\t\t\t\t<div class=\"elementor-widget-container\">\n\t\t\t<h2 class=\"elementor-heading-title elementor-size-default\">- 01<\/h2>\t\t<\/div>\n\t\t\t\t<\/div>\n\t\t<div class=\"elementor-element elementor-element-41c6be4c e-con-full e-flex lakit-col-width-auto-no e-container e-con e-child\" data-id=\"41c6be4c\" data-element_type=\"container\">\n\t\t\t\t<div class=\"elementor-element elementor-element-115e0dfc elementor-icon-list--layout-traditional elementor-list-item-link-full_width elementor-widget elementor-widget-icon-list\" data-id=\"115e0dfc\" data-element_type=\"widget\" data-widget_type=\"icon-list.default\">\n\t\t\t\t<div class=\"elementor-widget-container\">\n\t\t\t<link rel=\"stylesheet\" href=\"https:\/\/www.starsellersworld.com\/intl\/wp-content\/uploads\/elementor\/css\/custom-widget-icon-list.min.css?ver=1728468537\">\t\t<ul class=\"elementor-icon-list-items\">\n\t\t\t\t\t\t\t<li class=\"elementor-icon-list-item\">\n\t\t\t\t\t\t\t\t\t\t\t<span class=\"elementor-icon-list-icon\">\n\t\t\t\t\t\t\t<svg aria-hidden=\"true\" class=\"e-font-icon-svg e-fas-check-circle\" viewBox=\"0 0 512 512\" xmlns=\"http:\/\/www.w3.org\/2000\/svg\"><path d=\"M504 256c0 136.967-111.033 248-248 248S8 392.967 8 256 119.033 8 256 8s248 111.033 248 248zM227.314 387.314l184-184c6.248-6.248 6.248-16.379 0-22.627l-22.627-22.627c-6.248-6.249-16.379-6.249-22.628 0L216 308.118l-70.059-70.059c-6.248-6.248-16.379-6.248-22.628 0l-22.627 22.627c-6.248 6.248-6.248 16.379 0 22.627l104 104c6.249 6.249 16.379 6.249 22.628.001z\"><\/path><\/svg>\t\t\t\t\t\t<\/span>\n\t\t\t\t\t\t\t\t\t\t<span class=\"elementor-icon-list-text\">Kostenlosen Account <br>einrichten<\/span>\n\t\t\t\t\t\t\t\t\t<\/li>\n\t\t\t\t\t\t<\/ul>\n\t\t\t\t<\/div>\n\t\t\t\t<\/div>\n\t\t\t\t<div class=\"elementor-element elementor-element-56ef6061 elementor-widget elementor-widget-text-editor\" data-id=\"56ef6061\" data-element_type=\"widget\" data-widget_type=\"text-editor.default\">\n\t\t\t\t<div class=\"elementor-widget-container\">\n\t\t\t\t\t\t\t<p>Melden Sie sich auf unserer Plattform an und verbinden Sie Ihr Amazon-Verk\u00e4uferkonto.\u00a0<\/p>\t\t\t\t\t\t<\/div>\n\t\t\t\t<\/div>\n\t\t\t\t<\/div>\n\t\t\t\t<\/div>\n\t\t<div class=\"elementor-element elementor-element-7a549dec e-con-full e-flex lakit-col-width-auto-no e-container e-con e-child\" data-id=\"7a549dec\" data-element_type=\"container\">\n\t\t<div class=\"elementor-element elementor-element-70284ce8 e-con-full e-flex lakit-col-width-auto-no e-container e-con e-child\" data-id=\"70284ce8\" data-element_type=\"container\">\n\t\t\t\t<div class=\"elementor-element elementor-element-328c87ef elementor-icon-list--layout-traditional elementor-list-item-link-full_width elementor-widget elementor-widget-icon-list\" data-id=\"328c87ef\" data-element_type=\"widget\" data-widget_type=\"icon-list.default\">\n\t\t\t\t<div class=\"elementor-widget-container\">\n\t\t\t\t\t<ul class=\"elementor-icon-list-items\">\n\t\t\t\t\t\t\t<li class=\"elementor-icon-list-item\">\n\t\t\t\t\t\t\t\t\t\t\t<span class=\"elementor-icon-list-icon\">\n\t\t\t\t\t\t\t<svg aria-hidden=\"true\" class=\"e-font-icon-svg e-fas-check-circle\" viewBox=\"0 0 512 512\" xmlns=\"http:\/\/www.w3.org\/2000\/svg\"><path d=\"M504 256c0 136.967-111.033 248-248 248S8 392.967 8 256 119.033 8 256 8s248 111.033 248 248zM227.314 387.314l184-184c6.248-6.248 6.248-16.379 0-22.627l-22.627-22.627c-6.248-6.249-16.379-6.249-22.628 0L216 308.118l-70.059-70.059c-6.248-6.248-16.379-6.248-22.628 0l-22.627 22.627c-6.248 6.248-6.248 16.379 0 22.627l104 104c6.249 6.249 16.379 6.249 22.628.001z\"><\/path><\/svg>\t\t\t\t\t\t<\/span>\n\t\t\t\t\t\t\t\t\t\t<span class=\"elementor-icon-list-text\">Einstellungen und <br>Ziele festlegen<\/span>\n\t\t\t\t\t\t\t\t\t<\/li>\n\t\t\t\t\t\t<\/ul>\n\t\t\t\t<\/div>\n\t\t\t\t<\/div>\n\t\t\t\t<div class=\"elementor-element elementor-element-77d5a220 elementor-widget elementor-widget-text-editor\" data-id=\"77d5a220\" data-element_type=\"widget\" data-widget_type=\"text-editor.default\">\n\t\t\t\t<div class=\"elementor-widget-container\">\n\t\t\t\t\t\t\t<p>Passen Sie die Plattform an Ihre spezifischen Bed\u00fcrfnisse an.\u00a0<\/p>\t\t\t\t\t\t<\/div>\n\t\t\t\t<\/div>\n\t\t\t\t<\/div>\n\t\t\t\t<div class=\"elementor-element elementor-element-359d27ba elementor-widget elementor-widget-heading\" data-id=\"359d27ba\" data-element_type=\"widget\" data-widget_type=\"heading.default\">\n\t\t\t\t<div class=\"elementor-widget-container\">\n\t\t\t<h2 class=\"elementor-heading-title elementor-size-default\">- 02<\/h2>\t\t<\/div>\n\t\t\t\t<\/div>\n\t\t\t\t<\/div>\n\t\t<div class=\"elementor-element elementor-element-6de755e7 e-con-full e-flex lakit-col-width-auto-no e-container e-con e-child\" data-id=\"6de755e7\" data-element_type=\"container\">\n\t\t\t\t<div class=\"elementor-element elementor-element-7e44bcbe elementor-widget elementor-widget-heading\" data-id=\"7e44bcbe\" data-element_type=\"widget\" data-widget_type=\"heading.default\">\n\t\t\t\t<div class=\"elementor-widget-container\">\n\t\t\t<h2 class=\"elementor-heading-title elementor-size-default\">- 03<\/h2>\t\t<\/div>\n\t\t\t\t<\/div>\n\t\t<div class=\"elementor-element elementor-element-664bfcfa e-con-full e-flex lakit-col-width-auto-no e-container e-con e-child\" data-id=\"664bfcfa\" data-element_type=\"container\">\n\t\t\t\t<div class=\"elementor-element elementor-element-60ed5769 elementor-icon-list--layout-traditional elementor-list-item-link-full_width elementor-widget elementor-widget-icon-list\" data-id=\"60ed5769\" data-element_type=\"widget\" data-widget_type=\"icon-list.default\">\n\t\t\t\t<div class=\"elementor-widget-container\">\n\t\t\t\t\t<ul class=\"elementor-icon-list-items\">\n\t\t\t\t\t\t\t<li class=\"elementor-icon-list-item\">\n\t\t\t\t\t\t\t\t\t\t\t<span class=\"elementor-icon-list-icon\">\n\t\t\t\t\t\t\t<svg aria-hidden=\"true\" class=\"e-font-icon-svg e-fas-check-circle\" viewBox=\"0 0 512 512\" xmlns=\"http:\/\/www.w3.org\/2000\/svg\"><path d=\"M504 256c0 136.967-111.033 248-248 248S8 392.967 8 256 119.033 8 256 8s248 111.033 248 248zM227.314 387.314l184-184c6.248-6.248 6.248-16.379 0-22.627l-22.627-22.627c-6.248-6.249-16.379-6.249-22.628 0L216 308.118l-70.059-70.059c-6.248-6.248-16.379-6.248-22.628 0l-22.627 22.627c-6.248 6.248-6.248 16.379 0 22.627l104 104c6.249 6.249 16.379 6.249 22.628.001z\"><\/path><\/svg>\t\t\t\t\t\t<\/span>\n\t\t\t\t\t\t\t\t\t\t<span class=\"elementor-icon-list-text\">Erste Optimierungen und Analysen starten<\/span>\n\t\t\t\t\t\t\t\t\t<\/li>\n\t\t\t\t\t\t<\/ul>\n\t\t\t\t<\/div>\n\t\t\t\t<\/div>\n\t\t\t\t<div class=\"elementor-element elementor-element-5218b6e3 elementor-widget elementor-widget-text-editor\" data-id=\"5218b6e3\" data-element_type=\"widget\" data-widget_type=\"text-editor.default\">\n\t\t\t\t<div class=\"elementor-widget-container\">\n\t\t\t\t\t\t\t<p>Melden Sie sich auf unserer Plattform an und verbinden Sie Ihr Amazon-Verk\u00e4uferkonto.\u00a0<\/p>\t\t\t\t\t\t<\/div>\n\t\t\t\t<\/div>\n\t\t\t\t<\/div>\n\t\t\t\t<\/div>\n\t\t\t\t\t<\/div>\n\t\t\t\t<\/div>\n\t\t\t\t<\/div>\n\t\t","protected":false},"excerpt":{"rendered":"<p>Eine grosse Schnittstellenvielfalt Im Handelsalltag kommen eine Menge Daten zusammen. Best\u00e4nde und Preise \u00e4ndern sich, Artikel laufen aus, neue kommen hinzu, Bestellungen m\u00fcssen verwaltet und weitergereicht werden&#8230; Um alles unter Kontrolle zu halten, bedarf es entsprechenden Aufwands. Jetzt Testen Mehr Erfahren Automatische Systeme und Schnittstellenl\u00f6sungen k\u00f6nnen viel Arbeit abnehmen. Warum also nicht EIN System die [&hellip;]<\/p>\n","protected":false},"author":1406,"featured_media":0,"parent":0,"menu_order":0,"comment_status":"closed","ping_status":"closed","template":"","meta":{"_exactmetrics_skip_tracking":false,"_exactmetrics_sitenote_active":false,"_exactmetrics_sitenote_note":"","_exactmetrics_sitenote_category":0,"footnotes":""},"class_list":["post-9512","page","type-page","status-publish","hentry"],"aioseo_notices":[],"_links":{"self":[{"href":"https:\/\/www.starsellersworld.com\/intl\/wp-json\/wp\/v2\/pages\/9512","targetHints":{"allow":["GET"]}}],"collection":[{"href":"https:\/\/www.starsellersworld.com\/intl\/wp-json\/wp\/v2\/pages"}],"about":[{"href":"https:\/\/www.starsellersworld.com\/intl\/wp-json\/wp\/v2\/types\/page"}],"author":[{"embeddable":true,"href":"https:\/\/www.starsellersworld.com\/intl\/wp-json\/wp\/v2\/users\/1406"}],"replies":[{"embeddable":true,"href":"https:\/\/www.starsellersworld.com\/intl\/wp-json\/wp\/v2\/comments?post=9512"}],"version-history":[{"count":7,"href":"https:\/\/www.starsellersworld.com\/intl\/wp-json\/wp\/v2\/pages\/9512\/revisions"}],"predecessor-version":[{"id":11540,"href":"https:\/\/www.starsellersworld.com\/intl\/wp-json\/wp\/v2\/pages\/9512\/revisions\/11540"}],"wp:attachment":[{"href":"https:\/\/www.starsellersworld.com\/intl\/wp-json\/wp\/v2\/media?parent=9512"}],"curies":[{"name":"wp","href":"https:\/\/api.w.org\/{rel}","templated":true}]}}